{"id":327,"date":"2025-09-10T05:20:22","date_gmt":"2025-09-10T05:20:22","guid":{"rendered":"https:\/\/snatchcasino-se.com\/?page_id=327"},"modified":"2026-02-19T13:13:01","modified_gmt":"2026-02-19T13:13:01","slug":"ostrzezenia-o-ryzyku","status":"publish","type":"page","link":"https:\/\/snatchcasino-se.com\/pl\/ostrzezenia-o-ryzyku\/","title":{"rendered":"Ostrze\u017cenia o Ryzyku"},"content":{"rendered":"\n<div class=\"wp-block-columns alignwide has-ast-global-color-7-color has-text-color has-link-color wp-elements-4e047e666cd2bc0ad93f1cb5247dd08f is-layout-flex wp-container-core-columns-is-layout-28f84493 wp-block-columns-is-layout-flex\">\n<div class=\"wp-block-column is-layout-flow wp-block-column-is-layout-flow\">\n<h2 class=\"wp-block-heading has-ast-global-color-7-color has-text-color has-link-color wp-elements-e14daba293d5905a07a30bf21bf0776f\">Ostrze\u017cenia o Ryzyku<\/h2>\n\n\n\n<p><strong>1. <\/strong>Rozumiesz, \u017ce bior\u0105c udzia\u0142 w grach ryzykujesz utrat\u0119 pieni\u0119dzy wp\u0142aconych na Twoje konto w snatchcasino.io.<\/p>\n\n\n\n<p><strong>2. <\/strong>W niekt\u00f3rych jurysdykcjach hazard online mo\u017ce by\u0107 nielegalny. Rozumiesz i zgadzasz si\u0119, \u017ce snatchcasino1.org nie mo\u017ce udzieli\u0107 Ci porady prawnej ani gwarancji dotycz\u0105cych legalno\u015bci korzystania z us\u0142ug serwisu.<\/p>\n\n\n\n<p><strong>3. <\/strong>Firma nie gwarantuje, \u017ce us\u0142ugi Serwisu s\u0105 zgodne z wymogami prawnymi obowi\u0105zuj\u0105cymi w Twojej jurysdykcji. Korzystasz z us\u0142ug snatchcasino1.org z w\u0142asnej inicjatywy i wed\u0142ug w\u0142asnego uznania. Ponosisz ryzyko zwi\u0105zane z wszelk\u0105 odpowiedzialno\u015bci\u0105 i decydujesz, czy korzystanie z us\u0142ug Serwisu jest zgodne z prawem obowi\u0105zuj\u0105cym w Twojej jurysdykcji. Loguj\u0105c si\u0119 do Serwisu i bior\u0105c udzia\u0142 w Grach, robisz to wy\u0142\u0105cznie na w\u0142asne ryzyko.<\/p>\n<\/div>\n<\/div>\n","protected":false},"excerpt":{"rendered":"<p>Ostrze\u017cenia o Ryzyku 1. Rozumiesz, \u017ce bior\u0105c udzia\u0142 w grach ryzykujesz utrat\u0119 pieni\u0119dzy wp\u0142aconych na Twoje konto w snatchcasino.io. 2. [&hellip;]<\/p>\n","protected":false},"author":7,"featured_media":0,"parent":0,"menu_order":0,"comment_status":"closed","ping_status":"closed","template":"","meta":{"_eb_attr":"","site-sidebar-layout":"default","site-content-layout":"","ast-site-content-layout":"default","site-content-style":"default","site-sidebar-style":"default","ast-global-header-display":"","ast-banner-title-visibility":"","ast-main-header-display":"","ast-hfb-above-header-display":"","ast-hfb-below-header-display":"","ast-hfb-mobile-header-display":"","site-post-title":"disabled","ast-breadcrumbs-content":"","ast-featured-img":"","footer-sml-layout":"","ast-disable-related-posts":"","theme-transparent-header-meta":"","adv-header-id-meta":"","stick-header-meta":"","header-above-stick-meta":"","header-main-stick-meta":"","header-below-stick-meta":"","astra-migrate-meta-layouts":"default","ast-page-background-enabled":"default","ast-page-background-meta":{"desktop":{"background-color":"var(--ast-global-color-5)","background-image":"","background-repeat":"repeat","background-position":"center center","background-size":"auto","background-attachment":"scroll","background-type":"","background-media":"","overlay-type":"","overlay-color":"","overlay-opacity":"","overlay-gradient":""},"tablet":{"background-color":"","background-image":"","background-repeat":"repeat","background-position":"center center","background-size":"auto","background-attachment":"scroll","background-type":"","background-media":"","overlay-type":"","overlay-color":"","overlay-opacity":"","overlay-gradient":""},"mobile":{"background-color":"","background-image":"","background-repeat":"repeat","background-position":"center center","background-size":"auto","background-attachment":"scroll","background-type":"","background-media":"","overlay-type":"","overlay-color":"","overlay-opacity":"","overlay-gradient":""}},"ast-content-background-meta":{"desktop":{"background-color":"var(--ast-global-color-4)","background-image":"","background-repeat":"repeat","background-position":"center center","background-size":"auto","background-attachment":"scroll","background-type":"","background-media":"","overlay-type":"","overlay-color":"","overlay-opacity":"","overlay-gradient":""},"tablet":{"background-color":"var(--ast-global-color-4)","background-image":"","background-repeat":"repeat","background-position":"center center","background-size":"auto","background-attachment":"scroll","background-type":"","background-media":"","overlay-type":"","overlay-color":"","overlay-opacity":"","overlay-gradient":""},"mobile":{"background-color":"var(--ast-global-color-4)","background-image":"","background-repeat":"repeat","background-position":"center center","background-size":"auto","background-attachment":"scroll","background-type":"","background-media":"","overlay-type":"","overlay-color":"","overlay-opacity":"","overlay-gradient":""}},"footnotes":""},"class_list":["post-327","page","type-page","status-publish","hentry"],"_links":{"self":[{"href":"https:\/\/snatchcasino-se.com\/pl\/wp-json\/wp\/v2\/pages\/327","targetHints":{"allow":["GET"]}}],"collection":[{"href":"https:\/\/snatchcasino-se.com\/pl\/wp-json\/wp\/v2\/pages"}],"about":[{"href":"https:\/\/snatchcasino-se.com\/pl\/wp-json\/wp\/v2\/types\/page"}],"author":[{"embeddable":true,"href":"https:\/\/snatchcasino-se.com\/pl\/wp-json\/wp\/v2\/users\/7"}],"replies":[{"embeddable":true,"href":"https:\/\/snatchcasino-se.com\/pl\/wp-json\/wp\/v2\/comments?post=327"}],"version-history":[{"count":2,"href":"https:\/\/snatchcasino-se.com\/pl\/wp-json\/wp\/v2\/pages\/327\/revisions"}],"predecessor-version":[{"id":477,"href":"https:\/\/snatchcasino-se.com\/pl\/wp-json\/wp\/v2\/pages\/327\/revisions\/477"}],"wp:attachment":[{"href":"https:\/\/snatchcasino-se.com\/pl\/wp-json\/wp\/v2\/media?parent=327"}],"curies":[{"name":"wp","href":"https:\/\/api.w.org\/{rel}","templated":true}]}}