{"id":326,"date":"2025-09-10T05:15:10","date_gmt":"2025-09-10T05:15:10","guid":{"rendered":"https:\/\/snatchcasino-se.com\/?page_id=326"},"modified":"2026-02-19T13:13:02","modified_gmt":"2026-02-19T13:13:02","slug":"polityka-rozwiazywania-sporow","status":"publish","type":"page","link":"https:\/\/snatchcasino-se.com\/pl\/polityka-rozwiazywania-sporow\/","title":{"rendered":"POLITYKA ROZWI\u0104ZYWANIA SPOR\u00d3W"},"content":{"rendered":"\n<div class=\"wp-block-columns alignwide has-ast-global-color-7-color has-text-color has-link-color wp-elements-127f4ec512de0ef22cc755c78e461b6e is-layout-flex wp-container-core-columns-is-layout-28f84493 wp-block-columns-is-layout-flex\">\n<div class=\"wp-block-column is-layout-flow wp-block-column-is-layout-flow\">\n<h2 class=\"wp-block-heading has-ast-global-color-7-color has-text-color has-link-color wp-elements-d7ba36a8731c560bbc08356625234938\">POLITYKA ROZWI\u0104ZYWANIA SPOR\u00d3W<\/h2>\n\n\n\n<p><strong>1. Reklamacje<\/strong><\/p>\n\n\n\n<p>Gracz mo\u017ce skontaktowa\u0107 si\u0119 z naszym dzia\u0142em obs\u0142ugi klienta w celu z\u0142o\u017cenia skargi dotycz\u0105cej naszych us\u0142ug.<\/p>\n\n\n\n<p><strong>1.1. <\/strong>Gracze maj\u0105 prawo skontaktowa\u0107 si\u0119 z naszym dzia\u0142em obs\u0142ugi klienta, post\u0119puj\u0105c zgodnie z instrukcjami zamieszczonymi na stronie internetowej, aby z\u0142o\u017cy\u0107 skarg\u0119 dotycz\u0105c\u0105 naszych us\u0142ug.<\/p>\n\n\n\n<p><strong>1.2. <\/strong>Skargi rozpatrywane s\u0105 przez dzia\u0142 wsparcia i przekazywane dalej w ramach organizacji, je\u015bli sprawa nie mo\u017ce zosta\u0107 rozwi\u0105zana bezpo\u015brednio przez personel wsparcia. Gracze b\u0119d\u0105 informowani o statusie swojej sprawy w rozs\u0105dnym terminie.<\/p>\n\n\n\n<p><strong>1.3. <\/strong>Je\u017celi sporu nie uda si\u0119 rozwi\u0105za\u0107 na szczeblu kierownictwa kasyna, gracze mog\u0105 zwr\u00f3ci\u0107 si\u0119 do niezale\u017cnego organu, organu nadzoruj\u0105cego gry hazardowe lub organu nadzoruj\u0105cego wydawanie licencji, wskazanego na stronie internetowej.<\/p>\n\n\n\n<p><strong>1.4. <\/strong>W przypadku sporu, gracz zgadza si\u0119, \u017ce logi i zapisy serwera b\u0119d\u0105 ostatecznym kryterium rozstrzygaj\u0105cym roszczenie. Gracz akceptuje, \u017ce w przypadku jakichkolwiek rozbie\u017cno\u015bci mi\u0119dzy wynikiem wy\u015bwietlanym na ekranie a zarejestrowanym na serwerze gry, rozstrzygaj\u0105cy b\u0119dzie wynik zarejestrowany na serwerze. Gracz przyjmuje do wiadomo\u015bci i akceptuje, \u017ce nasze zapisy b\u0119d\u0105 ostateczne w odniesieniu do warunk\u00f3w, okoliczno\u015bci i wynik\u00f3w uczestnictwa w danej aktywno\u015bci w grach online.<\/p>\n\n\n\n<p><strong>1.5. <\/strong>Je\u015bli b\u0119dziemy musieli skontaktowa\u0107 si\u0119 z graczem w zwi\u0105zku ze sporem, zrobimy to za po\u015brednictwem danych kontaktowych podanych przez gracza na jego koncie.<\/p>\n\n\n\n<p>Wi\u0119cej informacji o organie regulacyjnym gracze mog\u0105 uzyska\u0107 na stronie: <a href=\"https:\/\/curacao-egaming.com\" target=\"_blank\" rel=\"noopener\">curacao-egaming.com <\/a>.<\/p>\n\n\n\n<p><strong>2. Arbitra\u017c<\/strong><\/p>\n\n\n\n<p>Nasze Og\u00f3lne Warunki Umowy podlegaj\u0105 prawu Cura\u00e7ao. Strony zgadzaj\u0105 si\u0119, \u017ce wszelkie spory, kontrowersje lub roszczenia wynikaj\u0105ce z niniejszych Warunk\u00f3w Umowy lub z nimi zwi\u0105zane \u2013 w tym naruszenia, rozwi\u0105zania lub niewa\u017cno\u015bci Umowy \u2013 b\u0119d\u0105 rozstrzygane przez wy\u0142\u0105czn\u0105 jurysdykcj\u0119 Cura\u00e7ao.<\/p>\n<\/div>\n<\/div>\n","protected":false},"excerpt":{"rendered":"<p>POLITYKA ROZWI\u0104ZYWANIA SPOR\u00d3W 1. Reklamacje Gracz mo\u017ce skontaktowa\u0107 si\u0119 z naszym dzia\u0142em obs\u0142ugi klienta w celu z\u0142o\u017cenia skargi dotycz\u0105cej naszych [&hellip;]<\/p>\n","protected":false},"author":7,"featured_media":0,"parent":0,"menu_order":0,"comment_status":"closed","ping_status":"closed","template":"","meta":{"_eb_attr":"","site-sidebar-layout":"default","site-content-layout":"","ast-site-content-layout":"default","site-content-style":"default","site-sidebar-style":"default","ast-global-header-display":"","ast-banner-title-visibility":"","ast-main-header-display":"","ast-hfb-above-header-display":"","ast-hfb-below-header-display":"","ast-hfb-mobile-header-display":"","site-post-title":"disabled","ast-breadcrumbs-content":"","ast-featured-img":"","footer-sml-layout":"","ast-disable-related-posts":"","theme-transparent-header-meta":"","adv-header-id-meta":"","stick-header-meta":"","header-above-stick-meta":"","header-main-stick-meta":"","header-below-stick-meta":"","astra-migrate-meta-layouts":"default","ast-page-background-enabled":"default","ast-page-background-meta":{"desktop":{"background-color":"var(--ast-global-color-5)","background-image":"","background-repeat":"repeat","background-position":"center center","background-size":"auto","background-attachment":"scroll","background-type":"","background-media":"","overlay-type":"","overlay-color":"","overlay-opacity":"","overlay-gradient":""},"tablet":{"background-color":"","background-image":"","background-repeat":"repeat","background-position":"center center","background-size":"auto","background-attachment":"scroll","background-type":"","background-media":"","overlay-type":"","overlay-color":"","overlay-opacity":"","overlay-gradient":""},"mobile":{"background-color":"","background-image":"","background-repeat":"repeat","background-position":"center center","background-size":"auto","background-attachment":"scroll","background-type":"","background-media":"","overlay-type":"","overlay-color":"","overlay-opacity":"","overlay-gradient":""}},"ast-content-background-meta":{"desktop":{"background-color":"var(--ast-global-color-4)","background-image":"","background-repeat":"repeat","background-position":"center center","background-size":"auto","background-attachment":"scroll","background-type":"","background-media":"","overlay-type":"","overlay-color":"","overlay-opacity":"","overlay-gradient":""},"tablet":{"background-color":"var(--ast-global-color-4)","background-image":"","background-repeat":"repeat","background-position":"center center","background-size":"auto","background-attachment":"scroll","background-type":"","background-media":"","overlay-type":"","overlay-color":"","overlay-opacity":"","overlay-gradient":""},"mobile":{"background-color":"var(--ast-global-color-4)","background-image":"","background-repeat":"repeat","background-position":"center center","background-size":"auto","background-attachment":"scroll","background-type":"","background-media":"","overlay-type":"","overlay-color":"","overlay-opacity":"","overlay-gradient":""}},"footnotes":""},"class_list":["post-326","page","type-page","status-publish","hentry"],"_links":{"self":[{"href":"https:\/\/snatchcasino-se.com\/pl\/wp-json\/wp\/v2\/pages\/326","targetHints":{"allow":["GET"]}}],"collection":[{"href":"https:\/\/snatchcasino-se.com\/pl\/wp-json\/wp\/v2\/pages"}],"about":[{"href":"https:\/\/snatchcasino-se.com\/pl\/wp-json\/wp\/v2\/types\/page"}],"author":[{"embeddable":true,"href":"https:\/\/snatchcasino-se.com\/pl\/wp-json\/wp\/v2\/users\/7"}],"replies":[{"embeddable":true,"href":"https:\/\/snatchcasino-se.com\/pl\/wp-json\/wp\/v2\/comments?post=326"}],"version-history":[{"count":1,"href":"https:\/\/snatchcasino-se.com\/pl\/wp-json\/wp\/v2\/pages\/326\/revisions"}],"predecessor-version":[{"id":411,"href":"https:\/\/snatchcasino-se.com\/pl\/wp-json\/wp\/v2\/pages\/326\/revisions\/411"}],"wp:attachment":[{"href":"https:\/\/snatchcasino-se.com\/pl\/wp-json\/wp\/v2\/media?parent=326"}],"curies":[{"name":"wp","href":"https:\/\/api.w.org\/{rel}","templated":true}]}}