{"id":325,"date":"2025-09-10T05:10:11","date_gmt":"2025-09-10T05:10:11","guid":{"rendered":"https:\/\/snatchcasino-se.com\/?page_id=325"},"modified":"2026-02-19T13:13:01","modified_gmt":"2026-02-19T13:13:01","slug":"polityka-prywatnosci","status":"publish","type":"page","link":"https:\/\/snatchcasino-se.com\/pl\/polityka-prywatnosci\/","title":{"rendered":"POLITYKA PRYWATNO\u015aCI"},"content":{"rendered":"\n<div class=\"wp-block-columns alignwide has-ast-global-color-7-color has-text-color has-link-color wp-elements-1fd4585b7305004ed62fdc0462acbb3b is-layout-flex wp-container-core-columns-is-layout-28f84493 wp-block-columns-is-layout-flex\">\n<div class=\"wp-block-column is-layout-flow wp-block-column-is-layout-flow\">\n<h2 class=\"wp-block-heading has-ast-global-color-7-color has-text-color has-link-color wp-elements-fd22099b556b50d1c86db77c5c225491\">POLITYKA PRYWATNO\u015aCI<\/h2>\n\n\n\n<p><strong>1. Wprowadzenie<\/strong><\/p>\n\n\n\n<p><strong>1.1. <\/strong>Niniejsza polityka prywatno\u015bci zosta\u0142a ostatnio zaktualizowana 01.05.2024 r. i opisuje przetwarzanie danych osobowych przez snatchcasino.io. Chcemy, aby wszystko by\u0142o proste i jasne, r\u00f3wnie\u017c w zakresie wyja\u015bnienia, jakie dane gromadzimy oraz jak i dlaczego je wykorzystujemy.<\/p>\n\n\n\n<p><strong>1.2. <\/strong>Niniejsza polityka wyja\u015bnia, jak wykorzystujemy Twoje dane osobowe, niezale\u017cnie od tego, czy po prostu odwiedzasz stron\u0119 internetow\u0105, dokonujesz wp\u0142aty, czy grasz w jedn\u0105 z naszych gier. Zawiera ona r\u00f3wnie\u017c informacje o Twoich prawach do ochrony danych, sytuacjach, w kt\u00f3rych udost\u0119pniamy lub gromadzimy informacje o Tobie, oraz o tym, jak dostosowujemy dzia\u0142ania marketingowe. Prosimy o uwa\u017cne przeczytanie wszystkich sekcji.<\/p>\n\n\n\n<p><strong>1.3. <\/strong>Je\u015bli wprowadzimy istotne zmiany do niniejszej polityki, powiadomimy Ci\u0119 o tym.<\/p>\n\n\n\n<p><strong>1.4. <\/strong>Wszyscy nasi pracownicy przechodz\u0105 regularne szkolenia z zakresu bezpiecze\u0144stwa informacji i s\u0105 zobowi\u0105zani do przestrzegania zasad poufno\u015bci, wewn\u0119trznych procedur i proces\u00f3w podczas przetwarzania danych.<\/p>\n\n\n\n<p><strong>1.5. <\/strong>W przypadku pyta\u0144 lub w\u0105tpliwo\u015bci dotycz\u0105cych ochrony danych osobowych prosimy o kontakt z naszym inspektorem ochrony danych pod adresem <strong>compliance@snatchcasino.io <\/strong>.<\/p>\n\n\n\n<p><strong>2. Nasza obietnica prywatno\u015bci<\/strong><\/p>\n\n\n\n<p><strong>2.1. <\/strong>snatchcasino.io chroni i szanuje prywatno\u015b\u0107 ka\u017cdego klienta. Twoja prywatno\u015b\u0107 jest wa\u017cna zar\u00f3wno dla Ciebie, jak i dla nas, dlatego sk\u0142adamy nast\u0119puj\u0105c\u0105 obietnic\u0119:<\/p>\n\n\n\n<p><strong>2.2. <\/strong>Chronimy Twoj\u0105 prywatno\u015b\u0107 i wykorzystujemy Twoje dane osobowe, aby u\u0142atwi\u0107 Ci korzystanie z serwisu i poprawi\u0107 jako\u015b\u0107 Twoich us\u0142ug. Dbamy o bezpiecze\u0144stwo Twoich danych, jasno informujemy o powodach ich gromadzenia i sposobie ich wykorzystania, a tak\u017ce wyja\u015bniamy i szanujemy Twoje wybory i prawa.<\/p>\n\n\n\n<p><strong>2.3. <\/strong>Aby dokona\u0107 wyp\u0142aty, gracz musi obr\u00f3ci\u0107 wp\u0142acon\u0105 kwot\u0119 co najmniej jeden (1) raz przed wyp\u0142at\u0105, zgodnie z przepisami dotycz\u0105cymi przeciwdzia\u0142ania praniu pieni\u0119dzy.<\/p>\n\n\n\n<p><strong>2.4. <\/strong>Sp\u00f3\u0142ka mo\u017ce stosowa\u0107 dodatkowe metody weryfikacji to\u017csamo\u015bci klienta (KYC) w zwi\u0105zku z depozytami. Mo\u017ce to obejmowa\u0107 mi\u0119dzy innymi selfie z dokumentem to\u017csamo\u015bci. Do weryfikacji konta wymagane s\u0105 dokumenty (dow\u00f3d osobisty, dokumenty p\u0142atnicze, rachunki itp.) zapisane alfabetem \u0142aci\u0144skim lub cyrylic\u0105. W przypadku braku mo\u017cliwo\u015bci ich dostarczenia, mo\u017cemy za\u017c\u0105da\u0107 weryfikacji wideo, podczas kt\u00f3rej gracz poka\u017ce swoje dokumenty.<\/p>\n\n\n\n<p><strong>2.5. <\/strong>Mo\u017cemy zadzwoni\u0107 na numer telefonu zarejestrowany na koncie w ramach procesu KYC. Wyp\u0142aty nie b\u0119d\u0105 realizowane do czasu pe\u0142nej weryfikacji konta.<\/p>\n\n\n\n<p><strong>3. Jakie dane osobowe s\u0105 gromadzone i kiedy<\/strong><\/p>\n\n\n\n<p><strong>3.1. Podczas rejestracji konta:<\/strong><br><strong>3.1.1. <\/strong>Dane osobowe, takie jak imi\u0119 i nazwisko, adres e-mail, adres pocztowy, numer telefonu stacjonarnego\/kom\u00f3rkowego, p\u0142e\u0107 lub data urodzenia.<br><strong>3.1.2. <\/strong>Zdj\u0119cie to\u017csamo\u015bci i potwierdzenie adresu (w celu zachowania nale\u017cytej staranno\u015bci wobec klienta).<br><strong>3.1.3. <\/strong>Dane bankowe i p\u0142atnicze (np. w celu ustalenia pochodzenia \u015brodk\u00f3w).<br><strong>3.1.4. <\/strong>Dane logowania, takie jak nazwa u\u017cytkownika i has\u0142o.<\/p>\n\n\n\n<p><strong>3.2. Poprzez korzystanie z naszych us\u0142ug:<\/strong><br><strong>3.2.1. <\/strong>Informacje o interakcji z naszymi produktami.<br><strong>3.2.2. <\/strong>Dane dotycz\u0105ce Twojego zachowania na stronie internetowej \u2013 szczeg\u00f3\u0142owe informacje znajdziesz w naszej polityce plik\u00f3w cookie.<br><strong>3.2.3. <\/strong>Dane urz\u0105dzenia (model, system operacyjny, adres IP, przegl\u0105darka, identyfikator mobilny).<br><strong>3.2.4. <\/strong>Nagrywanie rozm\u00f3w telefonicznych \u2013 mo\u017cemy monitorowa\u0107 lub nagrywa\u0107 rozmowy, aby wykonywa\u0107 instrukcje, obs\u0142ugiwa\u0107 zapytania, spe\u0142nia\u0107 wymogi regulacyjne, ulepsza\u0107 us\u0142ugi i szkolenia oraz wykrywa\u0107 lub zapobiega\u0107 oszustwom.<br><strong>3.2.5. <\/strong>Dane, kt\u00f3rymi dobrowolnie si\u0119 z nami dzielisz lub kt\u00f3re upubliczni\u0142e\u015b, np. za po\u015brednictwem medi\u00f3w spo\u0142eczno\u015bciowych.<\/p>\n\n\n\n<p><strong>3.3. Szczeg\u00f3lne kategorie danych<\/strong><br><strong>3.3.1. <\/strong>Dane osobowe mog\u0105 obejmowa\u0107 tzw. \u201eszczeg\u00f3lne kategorie\u201d, np. informacje dotycz\u0105ce zdrowia zwi\u0105zane z odpowiedzialn\u0105 gr\u0105 hazardow\u0105 (patrz sekcja \u201eDlaczego gromadzimy Twoje dane osobowe i na jakiej podstawie\u201d).<br><strong>3.3.2. <\/strong>Stosujemy dodatkowe zabezpieczenia danych wra\u017cliwych i ich poufno\u015bci (patrz sekcja \u201eBezpiecze\u0144stwo i poufno\u015b\u0107 \u201d).<\/p>\n\n\n\n<p><strong>4. Dlaczego zbieramy Twoje dane osobowe i na jakiej podstawie?<\/strong><\/p>\n\n\n\n<p><strong>4.1. <\/strong>Rozumiemy zaufanie, jakim nas obdarzasz. Gromadzenie danych jest niezb\u0119dne do \u015bwiadczenia us\u0142ug i produkt\u00f3w, z kt\u00f3rych chcesz korzysta\u0107, do ulepszania i personalizowania Twoich do\u015bwiadcze\u0144 oraz do kontaktowania si\u0119 z Tob\u0105 w celu przekazywania wa\u017cnych informacji. W niekt\u00f3rych przypadkach gromadzenie i wykorzystywanie danych jest wymagane przez prawo. Musimy r\u00f3wnie\u017c poda\u0107 podstaw\u0119 prawn\u0105 dla ka\u017cdego przetwarzania.<\/p>\n\n\n\n<p><strong>4.2. Umowa \u2013 w przypadku gdy przetwarzanie jest niezb\u0119dne do wykonania umowy zawartej z Tob\u0105. <\/strong>Nasze Warunki okre\u015blaj\u0105 us\u0142ugi, kt\u00f3re \u015bwiadczymy:<br><strong>4.2.1. <\/strong>Aby udost\u0119pnia\u0107 nasze us\u0142ugi: dostarcza\u0107 gry, informacje i zarz\u0105dza\u0107 pro\u015bbami; administrowa\u0107 us\u0142ugami (np. przypomnienia has\u0142a, powiadomienia operacyjne, aktualizacje polityki prywatno\u015bci\/plik\u00f3w cookie lub regulaminu, przypomnienia o nieaktywnym koncie przed zamkni\u0119ciem); oraz przetwarza\u0107 transakcje.<\/p>\n\n\n\n<p><strong>4.3. Uzasadniony interes \u2013 gdy przetwarzanie jest niezb\u0119dne do realizacji poni\u017cszych cel\u00f3w, a Twoje interesy\/prawa nie maj\u0105 nad nimi pierwsze\u0144stwa. <\/strong>Bierzemy pod uwag\u0119 to, o czym zosta\u0142e\u015b poinformowany, Twoje oczekiwania, charakter danych oraz wp\u0142yw na Ciebie.<\/p>\n\n\n\n<p><strong>4.3.1. Personalizacja : <\/strong>w celu zapewnienia bardziej trafnych i dopasowanych us\u0142ug (np. rekomendacji opartych na historii gier). Je\u015bli jeste\u015b zalogowany lub subskrybujesz materia\u0142y marketingowe, mo\u017cesz otrzymywa\u0107 spersonalizowane tre\u015bci. Mo\u017cesz zrezygnowa\u0107 z subskrypcji lub poprosi\u0107 o depersonalizacj\u0119 , kontaktuj\u0105c si\u0119 z Dzia\u0142em Obs\u0142ugi Klienta lub Inspektorem Ochrony Danych.<\/p>\n\n\n\n<p><strong>4.3.2. Ulepszanie us\u0142ug i produkt\u00f3w: <\/strong>zapewnianie mo\u017cliwie najbardziej przyjaznego u\u017cytkownikowi do\u015bwiadczenia; analiza i badania; testowanie nowych system\u00f3w i ulepsze\u0144; ocena marketingu; modelowanie, statystyka i analiza trend\u00f3w w celu opracowywania i ulepszania oferty.<\/p>\n\n\n\n<p><strong>4.3.3. Kontakt i interakcja: <\/strong>kontaktowanie si\u0119 z Tob\u0105 telefonicznie, e-mailem, poczt\u0105 tradycyjn\u0105 lub za po\u015brednictwem medi\u00f3w spo\u0142eczno\u015bciowych; administrowanie promocjami\/konkursami; zapraszanie do udzia\u0142u w ankietach i badaniach rynku (dobrowolnie); odpowiadanie na pytania i skargi.<\/p>\n\n\n\n<p><strong>4.3.4. Bezpiecze\u0144stwo i wra\u017cenia z gry: <\/strong>zapobieganie i wykrywanie u\u017cycia nieautoryzowanego oprogramowania; zapobieganie naruszeniom warunk\u00f3w; sprawdzanie zdolno\u015bci kredytowej w celu zapewnienia, \u017ce dysponujesz wystarczaj\u0105cymi \u015brodkami.<\/p>\n\n\n\n<p><strong>4.4. Szczeg\u00f3lne kategorie danych<\/strong><br><strong>4.4.1. <\/strong>Przetwarzamy takie dane wy\u0142\u0105cznie w przypadku, gdy: wyrazi\u0142e\u015b\/a\u015b wyra\u017an\u0105 zgod\u0119; dane zosta\u0142y przez Ciebie upublicznione; jest to niezb\u0119dne do dochodzenia roszcze\u0144 prawnych; lub z uwagi na wa\u017cne wzgl\u0119dy interesu publicznego na mocy prawa UE\/krajowego.<\/p>\n\n\n\n<p><strong>5. Kiedy udost\u0119pniamy Twoje dane osobowe?<\/strong><\/p>\n\n\n\n<p><strong>5.1. <\/strong>Co do zasady nie udost\u0119pniamy Twoich danych podmiotom zewn\u0119trznym spoza naszej grupy sp\u00f3\u0142ek w celach marketingowych. Mo\u017cemy jednak udost\u0119pnia\u0107 dane innym firmom, dostawcom dzia\u0142aj\u0105cym w naszym imieniu lub innym podmiotom w celu wype\u0142nienia obowi\u0105zk\u00f3w prawnych. Na przyk\u0142ad, w przypadku fuzji lub sprzeda\u017cy, dane klient\u00f3w mog\u0105 zosta\u0107 uwzgl\u0119dnione \u2013 poinformujemy Ci\u0119 o tym przed takim przeniesieniem. Nawet je\u015bli dane zostan\u0105 udost\u0119pnione, b\u0119d\u0105 one wykorzystywane wy\u0142\u0105cznie zgodnie z niniejsz\u0105 polityk\u0105.<\/p>\n\n\n\n<p><strong>5.2. <\/strong>Mo\u017cemy udost\u0119pnia\u0107 dane osobowe:<br><strong>5.2.1. <\/strong>na \u017c\u0105danie organu regulacyjnego lub zgodnie z wymogami prawa;<br><strong>5.2.2. <\/strong>poprzez polecenie instytucji finansowej przekazania informacji organowi regulacyjnemu;<br><strong>5.2.3. <\/strong>w celu ustalenia, wykonania lub obrony roszcze\u0144 prawnych;<br><strong>5.2.4. <\/strong>stronom trzecim w celu weryfikacji, sprawdzenia warto\u015bci i wykrywania oszustw;<br><strong>5.2.5. <\/strong>dostawcom us\u0142ug w zakresie technologii, przechowywania\/agregacji danych, p\u0142atno\u015bci i odpowiednich reklam;<br><strong>5.2.6. <\/strong>zewn\u0119trznym audytorom w celu przeprowadzenia niezale\u017cnych kontroli;<br><strong>5.2.7. <\/strong>nabywcom\/nabywcom w przypadku sprzeda\u017cy lub przeniesienia dzia\u0142alno\u015bci\/praw;<br><strong>5.2.8. <\/strong>nast\u0119pcom prawnym; lub<br><strong>5.2.9. <\/strong>w\u0142a\u015bciwemu organowi regulacyjnemu w sprawach samowykluczenia.<\/p>\n\n\n\n<p><strong>6. Jak d\u0142ugo snatchcasino.io przechowuje moje dane?<\/strong><\/p>\n\n\n\n<p><strong>6.1. <\/strong>Przechowujemy dane wy\u0142\u0105cznie tak d\u0142ugo, jak jest to konieczne do cel\u00f3w, w jakich zosta\u0142y zebrane.<\/p>\n\n\n\n<p><strong>6.2. <\/strong>Podczas Twojego pobytu jako klienta, dane s\u0105 przechowywane w celu spe\u0142nienia wymog\u00f3w prawnych i umownych. Po zaprzestaniu korzystania z naszych us\u0142ug, przechowujemy okre\u015blone dane przez okre\u015blony czas w celu:<br><strong>6.2.1. <\/strong>przestrzegania prawa UE\/lokalnego (np. AML, wymog\u00f3w licencyjnych);<br><strong>6.2.2. <\/strong>zarz\u0105dzania roszczeniami prawnymi lub obrony przed nimi;<br><strong>6.2.3. <\/strong>wype\u0142niania zobowi\u0105za\u0144 i praw umownych;<br><strong>6.2.4. <\/strong>zaspokajania uzasadnionych interes\u00f3w po zr\u00f3wnowa\u017ceniu interes\u00f3w;<br><strong>6.2.5. <\/strong>przestrzegania wytycznych w\u0142a\u015bciwych organ\u00f3w ochrony danych.<\/p>\n\n\n\n<p><strong>7. Twoje prawa i wybory<\/strong><\/p>\n\n\n\n<p><strong>7.1. <\/strong>Zgodnie z prawem przys\u0142uguje Ci szereg praw dotycz\u0105cych Twoich danych osobowych. Aby z nich skorzysta\u0107, skontaktuj si\u0119 z naszym Inspektorem Ochrony Danych pod adresem <strong>compliance@snatchcasino.io <\/strong>. Mo\u017cesz za\u017c\u0105da\u0107 dost\u0119pu, sprostowania, usuni\u0119cia, sprzeciwu wobec przetwarzania, cofni\u0119cia zgody oraz przeniesienia danych. Mo\u017cesz r\u00f3wnie\u017c z\u0142o\u017cy\u0107 skarg\u0119 do organu ochrony danych. Przys\u0142uguj\u0105 Ci r\u00f3wnie\u017c prawa dotycz\u0105ce zautomatyzowanego podejmowania decyzji i profilowania.<\/p>\n\n\n\n<p><strong>7.2. <\/strong>Informacje, o kt\u00f3re prosimy podczas rejestracji, s\u0105 obowi\u0105zkowe (o ile nie zaznaczono inaczej). Je\u015bli ich nie podasz, nie b\u0119dziesz m\u00f3g\u0142 korzysta\u0107 z naszych us\u0142ug.<\/p>\n\n\n\n<p><strong>7.3. Prawo dost\u0119pu i sprostowania. <\/strong>Mo\u017cesz bezp\u0142atnie za\u017c\u0105da\u0107 kopii posiadanych przez nas informacji na Tw\u00f3j temat, a tak\u017ce sprostowania lub usuni\u0119cia informacji nieprawid\u0142owych lub nieaktualnych, kontaktuj\u0105c si\u0119 z Inspektorem Ochrony Danych (IOD) lub Dzia\u0142em Obs\u0142ugi Klienta pod adresem <strong>compliance@snatchcasino.io <\/strong>.<\/p>\n\n\n\n<p><strong>7.4. Prawo do usuni\u0119cia. <\/strong>W niekt\u00f3rych przypadkach mo\u017cesz za\u017c\u0105da\u0107 usuni\u0119cia Twoich danych, na przyk\u0142ad gdy:<br><strong>7.4.1. <\/strong>dane nie s\u0105 ju\u017c potrzebne do cel\u00f3w, dla kt\u00f3rych zosta\u0142y zebrane;<br><strong>7.4.2. <\/strong>wycofasz zgod\u0119 i nie ma innej podstawy prawnej;<br><strong>7.4.3. <\/strong>przetwarzamy dane w oparciu o uzasadniony interes, kt\u00f3ry nie ma ju\u017c pierwsze\u0144stwa;<br><strong>7.4.4. <\/strong>nie ma podstawy prawnej;<br><strong>7.4.5. <\/strong>usuni\u0119cie danych jest wymagane przez prawo. (Nale\u017cy pami\u0119ta\u0107 o obowi\u0105zkowych okresach przechowywania danych zgodnie z prawem UE\/lokalnym).<\/p>\n\n\n\n<p><strong>7.5. Prawo do ograniczenia przetwarzania. <\/strong>Mo\u017cesz za\u017c\u0105da\u0107 ograniczenia przetwarzania, je\u015bli:<br><strong>7.5.1. <\/strong>kwestionujesz prawid\u0142owo\u015b\u0107 danych (pod nasz\u0105 kontrol\u0105),<br><strong>7.5.2. <\/strong>przetwarzanie jest niezgodne z prawem, a sprzeciwiasz si\u0119 ich usuni\u0119ciu,<br><strong>7.5.3. <\/strong>nie potrzebujemy ju\u017c danych, ale Ty potrzebujesz ich do dochodzenia roszcze\u0144,<br><strong>7.5.4. <\/strong>sprzeciwiasz si\u0119 przetwarzaniu opartemu na uzasadnionym interesie (pod nasz\u0105 kontrol\u0105).<\/p>\n\n\n\n<p><strong>7.6. Prawo do przenoszenia danych. <\/strong>Mo\u017cesz otrzyma\u0107 informacje, kt\u00f3re nam przekaza\u0142e\u015b, w powszechnie u\u017cywanym formacie nadaj\u0105cym si\u0119 do odczytu maszynowego, je\u015bli przetwarzanie odbywa si\u0119 na podstawie zgody lub porozumienia i w spos\u00f3b zautomatyzowany.<\/p>\n\n\n\n<p><strong>7.7. Prawo do sprzeciwu. <\/strong>Mo\u017cesz sprzeciwi\u0107 si\u0119 przetwarzaniu danych w oparciu o nasz uzasadniony interes (w tym profilowaniu) lub w celach badawczych\/statystycznych. Zawsze mo\u017cesz sprzeciwi\u0107 si\u0119 marketingowi bezpo\u015bredniemu (w tym profilowaniu).<\/p>\n\n\n\n<p><strong>7.8. Prawo do cofni\u0119cia zgody. <\/strong>W przypadku, gdy opieramy si\u0119 na Twojej zgodzie (np. w celach marketingowych), mo\u017cesz j\u0105 cofn\u0105\u0107 w dowolnym momencie. Skorzystaj z opcji \u201eAnuluj subskrypcj\u0119\u201d w naszej komunikacji lub skontaktuj si\u0119 z Inspektorem Ochrony Danych pod adresem <strong>compliance@snatchcasino.io <\/strong>.<\/p>\n\n\n\n<p><strong>7.9. Decyzje zautomatyzowane, w tym profilowanie. <\/strong>Mo\u017cemy wykorzystywa\u0107 zautomatyzowane decyzje, aby by\u0142y szybkie i sp\u00f3jne, co mo\u017ce mie\u0107 wp\u0142yw na oferowane produkty\/us\u0142ugi lub mo\u017cliwo\u015b\u0107 korzystania z nich. Przyk\u0142ady:<br><strong>7.9.1. <\/strong>personalizacja produkt\u00f3w\/us\u0142ug poprzez segmentacj\u0119,<br><strong>7.9.2. <\/strong>wykrywanie oszustw i kontrole AML (konta mog\u0105 zosta\u0107 zablokowane),<br><strong>7.9.3. <\/strong>kontrole przy otwieraniu konta (wiek, miejsce zamieszkania, obywatelstwo, finanse),<br><strong>7.9.4. <\/strong>ocena ryzyka zwi\u0105zanego z hazardem.<br>Masz prawo nie podlega\u0107 decyzjom opartym wy\u0142\u0105cznie na zautomatyzowanym przetwarzaniu i maj\u0105cym skutki prawne lub podobne, z wyj\u0105tkiem sytuacji, gdy jest to konieczne do realizacji umowy, dozwolone przez prawo lub oparte na Twojej wyra\u017anej zgodzie. \u017b\u0105dania na podstawie niniejszego punktu nale\u017cy kierowa\u0107 na adres <strong>compliance@snatchcasino.io <\/strong>. Odpowiemy bez zb\u0119dnej zw\u0142oki w ci\u0105gu jednego miesi\u0105ca (termin ten mo\u017ce zosta\u0107 przed\u0142u\u017cony o jeden miesi\u0105c, je\u015bli to konieczne). W przypadku odmowy przedstawimy uzasadnienie. Je\u017celi wniosek nie spe\u0142nia wymog\u00f3w prawa, mo\u017cemy naliczy\u0107 rozs\u0105dn\u0105 op\u0142at\u0119 lub odrzuci\u0107 wniosek.<\/p>\n\n\n\n<p><strong>8. Bezpiecze\u0144stwo i poufno\u015b\u0107<\/strong><\/p>\n\n\n\n<p><strong>8.1. <\/strong>Chronimy powierzone nam informacje i przetwarzamy je w spos\u00f3b bezpieczny, zgodnie z niniejsz\u0105 polityk\u0105 oraz rygorystycznymi standardami ochrony danych. Stosujemy solidne procedury i technologie zapobiegaj\u0105ce nieautoryzowanemu dost\u0119powi i niew\u0142a\u015bciwemu wykorzystaniu danych.<\/p>\n\n\n\n<p><strong>8.2. <\/strong>Nasi dostawcy us\u0142ug p\u0142atniczych szyfruj\u0105 dane kart. Wsp\u00f3\u0142pracujemy wy\u0142\u0105cznie z wiod\u0105cymi dostawcami us\u0142ug p\u0142atniczych.<\/p>\n\n\n\n<p><strong>8.3. <\/strong>Nasze systemy i aplikacje s\u0105 testowane kilka razy w roku przez niezale\u017cnych ekspert\u00f3w ds. bezpiecze\u0144stwa. System wykrywania w\u0142ama\u0144 monitoruje ca\u0142y ruch sieciowy 24\/7.<\/p>\n\n\n\n<p><strong>8.4. <\/strong>Posiadamy specjalny dzia\u0142 ds. oszustw i zaawansowane systemy wykrywania i zapobiegania podejrzanym dzia\u0142aniom.<\/p>\n\n\n\n<p><strong>8.5. <\/strong>Konta z podejrzan\u0105 aktywno\u015bci\u0105 zostan\u0105 zablokowane i zbadane. Prosimy o natychmiastowy kontakt w przypadku jakichkolwiek w\u0105tpliwo\u015bci, takich jak nieznane transakcje lub nieoczekiwane zmiany salda.<\/p>\n\n\n\n<p><strong>8.6. <\/strong>snatchcasino.io korzysta z szyfrowania SSL w celu ochrony przesy\u0142anych danych. Nigdy nie gromadzimy, nie przechowujemy ani nie przekazujemy danych Twojej karty; p\u0142atno\u015bci s\u0105 przetwarzane wy\u0142\u0105cznie za po\u015brednictwem bezpiecznych serwer\u00f3w bramki p\u0142atniczej .<\/p>\n\n\n\n<p><strong>9. Reklamacje<\/strong><\/p>\n\n\n\n<p><strong>9.1. <\/strong>Je\u015bli chcesz z\u0142o\u017cy\u0107 skarg\u0119 dotycz\u0105c\u0105 sposobu, w jaki przetwarzamy dane osobowe, skontaktuj si\u0119 z naszym Inspektorem Ochrony Danych pod adresem <strong>compliance@snatchcasino.io <\/strong>.<\/p>\n\n\n\n<p><strong>9.2. <\/strong>Je\u017celi nie jeste\u015b zadowolony z naszej odpowiedzi lub uwa\u017casz, \u017ce przetwarzamy Twoje dane z naruszeniem prawa, mo\u017cesz skontaktowa\u0107 si\u0119 z krajowym organem ochrony danych.<\/p>\n\n\n\n<p><strong>10. Zmiany w Polityce Prywatno\u015bci<\/strong><\/p>\n\n\n\n<p><strong>10.1. <\/strong>Polityka mo\u017ce by\u0107 aktualizowana w celu odzwierciedlenia zmian w naszej dzia\u0142alno\u015bci lub przepisach. Data ostatniej aktualizacji jest wy\u015bwietlana na tej stronie. Je\u015bli nie akceptujesz zmian, powiniene\u015b powstrzyma\u0107 si\u0119 od udost\u0119pniania informacji lub korzystania z Us\u0142ug. Dalsze korzystanie oznacza akceptacj\u0119 zmian. Mo\u017cesz usun\u0105\u0107 swoje konto w dowolnym momencie. W przypadku istotnych zmian (np. zmiany sposobu korzystania z informacji) przeka\u017cemy Ci bardziej przejrzyste informacje, np. poczt\u0105 elektroniczn\u0105, a akceptacja zmian mo\u017ce by\u0107 wymagana, aby m\u00f3c nadal korzysta\u0107 z Us\u0142ug.<\/p>\n\n\n\n<p><strong>11. Twoje zobowi\u0105zania<\/strong><\/p>\n\n\n\n<p><strong>11.1. <\/strong>Korzystaj\u0105c ze strony snatchcasino.io i podaj\u0105c dane osobowe, potwierdzasz, \u017ce podajesz dok\u0142adne, aktualne i kompletne informacje wymagane przez nas oraz \u017ce informujesz nas o wszelkich zmianach, aby informacje by\u0142y aktualne.<\/p>\n\n\n\n<p><strong>11.2. <\/strong>W przypadku naruszenia niniejszego Regulaminu lub je\u015bli b\u0119dziemy mieli uzasadnione podejrzenie, \u017ce podane informacje s\u0105 nieprawid\u0142owe\/niekompletne lub \u017ce nast\u0105pi\u0142o inne naruszenie przepis\u00f3w o ochronie danych lub niniejszej polityki, mo\u017cemy odm\u00f3wi\u0107 rejestracji lub natychmiast zamkn\u0105\u0107\/zawiesi\u0107 Twoje konto bez powiadomienia i bez prawa do odszkodowania.<\/p>\n<\/div>\n<\/div>\n","protected":false},"excerpt":{"rendered":"<p>POLITYKA PRYWATNO\u015aCI 1. Wprowadzenie 1.1. Niniejsza polityka prywatno\u015bci zosta\u0142a ostatnio zaktualizowana 01.05.2024 r. i opisuje przetwarzanie danych osobowych przez snatchcasino.io. [&hellip;]<\/p>\n","protected":false},"author":7,"featured_media":0,"parent":0,"menu_order":0,"comment_status":"closed","ping_status":"closed","template":"","meta":{"_eb_attr":"","site-sidebar-layout":"default","site-content-layout":"","ast-site-content-layout":"default","site-content-style":"default","site-sidebar-style":"default","ast-global-header-display":"","ast-banner-title-visibility":"","ast-main-header-display":"","ast-hfb-above-header-display":"","ast-hfb-below-header-display":"","ast-hfb-mobile-header-display":"","site-post-title":"disabled","ast-breadcrumbs-content":"","ast-featured-img":"","footer-sml-layout":"","ast-disable-related-posts":"","theme-transparent-header-meta":"","adv-header-id-meta":"","stick-header-meta":"","header-above-stick-meta":"","header-main-stick-meta":"","header-below-stick-meta":"","astra-migrate-meta-layouts":"default","ast-page-background-enabled":"default","ast-page-background-meta":{"desktop":{"background-color":"var(--ast-global-color-5)","background-image":"","background-repeat":"repeat","background-position":"center center","background-size":"auto","background-attachment":"scroll","background-type":"","background-media":"","overlay-type":"","overlay-color":"","overlay-opacity":"","overlay-gradient":""},"tablet":{"background-color":"","background-image":"","background-repeat":"repeat","background-position":"center center","background-size":"auto","background-attachment":"scroll","background-type":"","background-media":"","overlay-type":"","overlay-color":"","overlay-opacity":"","overlay-gradient":""},"mobile":{"background-color":"","background-image":"","background-repeat":"repeat","background-position":"center center","background-size":"auto","background-attachment":"scroll","background-type":"","background-media":"","overlay-type":"","overlay-color":"","overlay-opacity":"","overlay-gradient":""}},"ast-content-background-meta":{"desktop":{"background-color":"var(--ast-global-color-4)","background-image":"","background-repeat":"repeat","background-position":"center center","background-size":"auto","background-attachment":"scroll","background-type":"","background-media":"","overlay-type":"","overlay-color":"","overlay-opacity":"","overlay-gradient":""},"tablet":{"background-color":"var(--ast-global-color-4)","background-image":"","background-repeat":"repeat","background-position":"center center","background-size":"auto","background-attachment":"scroll","background-type":"","background-media":"","overlay-type":"","overlay-color":"","overlay-opacity":"","overlay-gradient":""},"mobile":{"background-color":"var(--ast-global-color-4)","background-image":"","background-repeat":"repeat","background-position":"center center","background-size":"auto","background-attachment":"scroll","background-type":"","background-media":"","overlay-type":"","overlay-color":"","overlay-opacity":"","overlay-gradient":""}},"footnotes":""},"class_list":["post-325","page","type-page","status-publish","hentry"],"_links":{"self":[{"href":"https:\/\/snatchcasino-se.com\/pl\/wp-json\/wp\/v2\/pages\/325","targetHints":{"allow":["GET"]}}],"collection":[{"href":"https:\/\/snatchcasino-se.com\/pl\/wp-json\/wp\/v2\/pages"}],"about":[{"href":"https:\/\/snatchcasino-se.com\/pl\/wp-json\/wp\/v2\/types\/page"}],"author":[{"embeddable":true,"href":"https:\/\/snatchcasino-se.com\/pl\/wp-json\/wp\/v2\/users\/7"}],"replies":[{"embeddable":true,"href":"https:\/\/snatchcasino-se.com\/pl\/wp-json\/wp\/v2\/comments?post=325"}],"version-history":[{"count":1,"href":"https:\/\/snatchcasino-se.com\/pl\/wp-json\/wp\/v2\/pages\/325\/revisions"}],"predecessor-version":[{"id":410,"href":"https:\/\/snatchcasino-se.com\/pl\/wp-json\/wp\/v2\/pages\/325\/revisions\/410"}],"wp:attachment":[{"href":"https:\/\/snatchcasino-se.com\/pl\/wp-json\/wp\/v2\/media?parent=325"}],"curies":[{"name":"wp","href":"https:\/\/api.w.org\/{rel}","templated":true}]}}