{"id":324,"date":"2025-09-10T05:08:38","date_gmt":"2025-09-10T05:08:38","guid":{"rendered":"https:\/\/snatchcasino-se.com\/?page_id=324"},"modified":"2026-02-19T13:13:01","modified_gmt":"2026-02-19T13:13:01","slug":"polityka-cookies","status":"publish","type":"page","link":"https:\/\/snatchcasino-se.com\/pl\/polityka-cookies\/","title":{"rendered":"Polityka Cookies"},"content":{"rendered":"\n<div class=\"wp-block-columns alignwide has-ast-global-color-7-color has-text-color has-link-color wp-elements-bd055b025df73b1d10cac4de5738f440 is-layout-flex wp-container-core-columns-is-layout-28f84493 wp-block-columns-is-layout-flex\">\n<div class=\"wp-block-column is-layout-flow wp-block-column-is-layout-flow\">\n<h2 class=\"wp-block-heading has-ast-global-color-7-color has-text-color has-link-color wp-elements-166095a998112ed7fbe7b5d3ce5476fe\">Polityka Cookies<\/h2>\n\n\n\n<p>Niniejszy dokument opisuje spos\u00f3b, w jaki wykorzystujemy pliki cookie w witrynie snatchcasino.io (\u201eWitryna\u201d). Terminy \u201emy\u201d, \u201enas\u201d i \u201enasz\u201d odnosz\u0105 si\u0119 do snatchcasino.io, podmiotu prawnego zarejestrowanego zgodnie z prawem Cura\u00e7ao.<\/p>\n\n\n\n<p><strong>Czym jest plik cookie?<\/strong><\/p>\n\n\n\n<p>Plik cookie to niewielki plik tekstowy pobierany na Twoje urz\u0105dzenie ko\u0144cowe (np. komputer lub smartfon) podczas odwiedzania naszej Witryny. Umo\u017cliwia nam on rozpoznanie Twojego urz\u0105dzenia i zapisanie pewnych informacji o Twoich preferencjach lub wcze\u015bniejszych dzia\u0142aniach.<\/p>\n\n\n\n<p>Pliki cookie s\u0105 pobierane przez przegl\u0105dark\u0119 podczas pierwszej wizyty na Stronie Internetowej. Podczas kolejnej wizyty z tego samego urz\u0105dzenia plik cookie i zapisane w nim informacje s\u0105 odsy\u0142ane do strony internetowej, kt\u00f3ra go utworzy\u0142a (plik cookie w\u0142asny) lub do innej strony internetowej, do kt\u00f3rej nale\u017cy plik cookie (plik cookie strony trzeciej).<\/p>\n\n\n\n<p>Istniej\u0105 dwa g\u0142\u00f3wne rodzaje plik\u00f3w cookie: pliki cookie sesyjne i pliki cookie trwa\u0142e. Pliki cookie sesyjne s\u0105 usuwane po zamkni\u0119ciu przegl\u0105darki lub aplikacji mobilnej . Pliki cookie trwa\u0142e pozostaj\u0105 na urz\u0105dzeniu przez z g\u00f3ry okre\u015blony czas.<\/p>\n\n\n\n<p>U\u017cywamy zar\u00f3wno \u201eplik\u00f3w cookie sesyjnych\u201d, \u201eplik\u00f3w cookie trwa\u0142ych\u201d, jak i innych podobnych technologii (\u201eplik\u00f3w cookie\u201d).<\/p>\n\n\n\n<p><strong>Dlaczego u\u017cywamy plik\u00f3w cookie?<\/strong><\/p>\n\n\n\n<p><strong>Pliki cookie absolutnie niezb\u0119dne:<\/strong><\/p>\n\n\n\n<p>Aby Strona internetowa dzia\u0142a\u0142a i zapewnia\u0142a u\u017cytkownikom u\u017cyteczny interfejs (w oparciu o konieczno\u015b\u0107 \u015bwiadczenia naszych us\u0142ug). Strona internetowa nie mo\u017ce dzia\u0142a\u0107 prawid\u0142owo bez tych plik\u00f3w cookie. Nie przechowuj\u0105 one danych osobowych i umo\u017cliwiaj\u0105 nam mi\u0119dzy innymi:<\/p>\n\n\n\n<ul class=\"wp-block-list\">\n<li>zapewni\u0107, \u017ce zak\u0142ady zawierane przez Posiadacza Konta s\u0105 powi\u0105zane z jego kuponem zak\u0142ad\u00f3w i Kontem, oraz<\/li>\n\n\n\n<li>zapewni\u0107, \u017ce Posiadacz Konta otrzyma bonusy, do kt\u00f3rych jest uprawniony.<\/li>\n<\/ul>\n\n\n\n<p><strong>Inne rodzaje plik\u00f3w cookie:<\/strong><\/p>\n\n\n\n<ul class=\"wp-block-list\">\n<li>do analizowania statystyk u\u017cytkowania Witryny (dane zagregowane bez identyfikacji urz\u0105dzenia) oraz prowadzenia bada\u0144 rynkowych za po\u015brednictwem naszych w\u0142asnych rozwi\u0105za\u0144, Google Analytics i\/lub Facebook Pixel. Te pliki cookie pomagaj\u0105 nam zrozumie\u0107, w jaki spos\u00f3b odwiedzaj\u0105cy wchodz\u0105 w interakcj\u0119 z Witryn\u0105 i poprawia\u0107 jej wydajno\u015b\u0107;<\/li>\n\n\n\n<li>w celu dostosowania tre\u015bci Serwisu;<\/li>\n\n\n\n<li>aby wy\u015bwietla\u0107 spersonalizowane reklamy;<\/li>\n\n\n\n<li>aby dostosowa\u0107 j\u0119zyk Serwisu do Twoich potrzeb.<\/li>\n<\/ul>\n\n\n\n<p>Informujemy, \u017ce przechowujemy informacje o plikach cookie do 6 miesi\u0119cy od ostatniej wizyty na Stronie. Niekt\u00f3re pliki cookie mog\u0105 mie\u0107 w\u0142asne, automatycznie ustalane okresy przechowywania, na kt\u00f3re nie mamy wp\u0142ywu. Aby uzyska\u0107 wi\u0119cej informacji na temat okres\u00f3w przechowywania, mo\u017cesz przejrze\u0107 Stron\u0119 za pomoc\u0105 us\u0142ug takich jak <a href=\"https:\/\/cookiepedia.co.uk\/\" target=\"_blank\" rel=\"noopener\">https:\/\/cookiepedia.co.uk\/ <\/a>.<\/p>\n\n\n\n<p><strong>Zarz\u0105dzanie plikami cookie<\/strong><\/p>\n\n\n\n<p>Mo\u017cemy domy\u015blnie umieszcza\u0107 pliki cookie na Twoim urz\u0105dzeniu, je\u015bli jest to absolutnie niezb\u0119dne do funkcjonowania Witryny. W przypadku wszystkich innych rodzaj\u00f3w plik\u00f3w cookie potrzebujemy Twojej zgody.<\/p>\n\n\n\n<p>O ile nie zdecydujesz inaczej, przechowujemy i przetwarzamy wy\u0142\u0105cznie pliki cookie niezb\u0119dne do dzia\u0142ania Witryny. Je\u015bli nie chcesz by\u0107 \u015bledzony przez inne rodzaje plik\u00f3w cookie, mo\u017cesz pocz\u0105tkowo nie wyra\u017ca\u0107 zgody lub wycofa\u0107 j\u0105 p\u00f3\u017aniej.<\/p>\n\n\n\n<p>Konkretne kategorie plik\u00f3w cookie mo\u017cna zobaczy\u0107 w oknie podr\u0119cznym , kt\u00f3re pojawia si\u0119 podczas pierwszej wizyty na Stronie. Klikaj\u0105c \u201eZezwalaj na wszystkie pliki cookie\u201d, wyra\u017casz zgod\u0119 na u\u017cywanie plik\u00f3w cookie do wszystkich cel\u00f3w wymienionych powy\u017cej.<\/p>\n\n\n\n<p>Je\u015bli odrzucisz inne rodzaje plik\u00f3w cookie, korzystanie ze Strony internetowej b\u0119dzie utrudnione, poniewa\u017c podczas kolejnych wizyt nie b\u0119dzie mo\u017cliwe personalizowanie ani rozpoznawanie urz\u0105dze\u0144.<\/p>\n\n\n\n<p>Mo\u017cesz zmieni\u0107 lub wycofa\u0107 swoj\u0105 zgod\u0119 w dowolnym momencie, kontaktuj\u0105c si\u0119 z nami. Twoja przegl\u0105darka umo\u017cliwia r\u00f3wnie\u017c kontrol\u0119 i ograniczenie plik\u00f3w cookie na Twoim urz\u0105dzeniu.<\/p>\n\n\n\n<p>Nale\u017cy pami\u0119ta\u0107, \u017ce ca\u0142kowite wy\u0142\u0105czenie wszystkich plik\u00f3w cookie lub wszystkich naszych plik\u00f3w cookie w ustawieniach przegl\u0105darki mo\u017ce spowodowa\u0107, \u017ce niekt\u00f3re cz\u0119\u015bci lub funkcje Witryny przestan\u0105 dzia\u0142a\u0107. Dlatego zalecamy korzystanie z ustawie\u0144 plik\u00f3w cookie Witryny zamiast wy\u0142\u0105czania wszystkich plik\u00f3w cookie w przegl\u0105darce.<\/p>\n<\/div>\n<\/div>\n","protected":false},"excerpt":{"rendered":"<p>Polityka Cookies Niniejszy dokument opisuje spos\u00f3b, w jaki wykorzystujemy pliki cookie w witrynie snatchcasino.io (\u201eWitryna\u201d). Terminy \u201emy\u201d, \u201enas\u201d i \u201enasz\u201d [&hellip;]<\/p>\n","protected":false},"author":7,"featured_media":0,"parent":0,"menu_order":0,"comment_status":"closed","ping_status":"closed","template":"","meta":{"_eb_attr":"","site-sidebar-layout":"default","site-content-layout":"","ast-site-content-layout":"default","site-content-style":"default","site-sidebar-style":"default","ast-global-header-display":"","ast-banner-title-visibility":"","ast-main-header-display":"","ast-hfb-above-header-display":"","ast-hfb-below-header-display":"","ast-hfb-mobile-header-display":"","site-post-title":"disabled","ast-breadcrumbs-content":"","ast-featured-img":"","footer-sml-layout":"","ast-disable-related-posts":"","theme-transparent-header-meta":"","adv-header-id-meta":"","stick-header-meta":"","header-above-stick-meta":"","header-main-stick-meta":"","header-below-stick-meta":"","astra-migrate-meta-layouts":"default","ast-page-background-enabled":"default","ast-page-background-meta":{"desktop":{"background-color":"var(--ast-global-color-5)","background-image":"","background-repeat":"repeat","background-position":"center center","background-size":"auto","background-attachment":"scroll","background-type":"","background-media":"","overlay-type":"","overlay-color":"","overlay-opacity":"","overlay-gradient":""},"tablet":{"background-color":"","background-image":"","background-repeat":"repeat","background-position":"center center","background-size":"auto","background-attachment":"scroll","background-type":"","background-media":"","overlay-type":"","overlay-color":"","overlay-opacity":"","overlay-gradient":""},"mobile":{"background-color":"","background-image":"","background-repeat":"repeat","background-position":"center center","background-size":"auto","background-attachment":"scroll","background-type":"","background-media":"","overlay-type":"","overlay-color":"","overlay-opacity":"","overlay-gradient":""}},"ast-content-background-meta":{"desktop":{"background-color":"var(--ast-global-color-4)","background-image":"","background-repeat":"repeat","background-position":"center center","background-size":"auto","background-attachment":"scroll","background-type":"","background-media":"","overlay-type":"","overlay-color":"","overlay-opacity":"","overlay-gradient":""},"tablet":{"background-color":"var(--ast-global-color-4)","background-image":"","background-repeat":"repeat","background-position":"center center","background-size":"auto","background-attachment":"scroll","background-type":"","background-media":"","overlay-type":"","overlay-color":"","overlay-opacity":"","overlay-gradient":""},"mobile":{"background-color":"var(--ast-global-color-4)","background-image":"","background-repeat":"repeat","background-position":"center center","background-size":"auto","background-attachment":"scroll","background-type":"","background-media":"","overlay-type":"","overlay-color":"","overlay-opacity":"","overlay-gradient":""}},"footnotes":""},"class_list":["post-324","page","type-page","status-publish","hentry"],"_links":{"self":[{"href":"https:\/\/snatchcasino-se.com\/pl\/wp-json\/wp\/v2\/pages\/324","targetHints":{"allow":["GET"]}}],"collection":[{"href":"https:\/\/snatchcasino-se.com\/pl\/wp-json\/wp\/v2\/pages"}],"about":[{"href":"https:\/\/snatchcasino-se.com\/pl\/wp-json\/wp\/v2\/types\/page"}],"author":[{"embeddable":true,"href":"https:\/\/snatchcasino-se.com\/pl\/wp-json\/wp\/v2\/users\/7"}],"replies":[{"embeddable":true,"href":"https:\/\/snatchcasino-se.com\/pl\/wp-json\/wp\/v2\/comments?post=324"}],"version-history":[{"count":2,"href":"https:\/\/snatchcasino-se.com\/pl\/wp-json\/wp\/v2\/pages\/324\/revisions"}],"predecessor-version":[{"id":476,"href":"https:\/\/snatchcasino-se.com\/pl\/wp-json\/wp\/v2\/pages\/324\/revisions\/476"}],"wp:attachment":[{"href":"https:\/\/snatchcasino-se.com\/pl\/wp-json\/wp\/v2\/media?parent=324"}],"curies":[{"name":"wp","href":"https:\/\/api.w.org\/{rel}","templated":true}]}}