{"id":322,"date":"2025-09-10T04:36:08","date_gmt":"2025-09-10T04:36:08","guid":{"rendered":"https:\/\/snatchcasino-se.com\/?page_id=322"},"modified":"2026-02-19T13:13:01","modified_gmt":"2026-02-19T13:13:01","slug":"odpowiedzialna-gra","status":"publish","type":"page","link":"https:\/\/snatchcasino-se.com\/pl\/odpowiedzialna-gra\/","title":{"rendered":"Odpowiedzialna Gra"},"content":{"rendered":"\n<div class=\"wp-block-columns alignwide has-ast-global-color-7-color has-text-color has-link-color wp-elements-c76e3eb9c8a8268d2389fa52a121e3d3 is-layout-flex wp-container-core-columns-is-layout-28f84493 wp-block-columns-is-layout-flex\">\n<div class=\"wp-block-column is-layout-flow wp-block-column-is-layout-flow\">\n<h2 class=\"wp-block-heading has-ast-global-color-7-color has-text-color has-link-color wp-elements-52ff7766c567ea79aae6ef92f3107667\">Polityka Odpowiedzialna Gra<\/h2>\n\n\n\n<p><strong>Jak dzia\u0142amy w zakresie odpowiedzialnej gry<\/strong><\/p>\n\n\n\n<p>Hazard w kasynie online zawsze powinien by\u0107 traktowany jako rozrywka. Jednak istnieje pewien odsetek graczy, kt\u00f3rzy trac\u0105 kontrol\u0119 nad swoj\u0105 gr\u0105. Zanim zaczniesz gra\u0107, wa\u017cne jest, aby zrozumie\u0107, \u017ce hazard nigdy nie powinien by\u0107 traktowany jako \u017ar\u00f3d\u0142o dochodu ani spos\u00f3b na wyj\u015bcie z d\u0142ug\u00f3w. Warto codziennie kontrolowa\u0107 zar\u00f3wno czas, jak i pieni\u0105dze wydane w kasynie.<\/p>\n\n\n\n<p>Je\u015bli wydajesz wi\u0119cej, ni\u017c mo\u017cesz sobie pozwoli\u0107, lub je\u015bli hazard zak\u0142\u00f3ca Twoje codzienne \u017cycie, zdecydowanie zalecamy podj\u0119cie dzia\u0142a\u0144. Mo\u017ce to obejmowa\u0107 ustalenie limit\u00f3w w grze, skorzystanie z samowykluczenia i zwr\u00f3cenie si\u0119 o pomoc do niezale\u017cnych organizacji. Mo\u017cesz r\u00f3wnie\u017c wykona\u0107 test uzale\u017cnienia od hazardu, aby sprawdzi\u0107, czy wyst\u0119puj\u0105 u Ciebie objawy uzale\u017cnienia od hazardu.<\/p>\n\n\n\n<p><strong>Kluczowe punkty polityki<\/strong><\/p>\n\n\n\n<p><strong>1. Gracze niepe\u0142noletni<\/strong><\/p>\n\n\n\n<p>Firma nie zezwala osobom poni\u017cej 18 roku \u017cycia na za\u0142o\u017cenie konta. Osoby niepe\u0142noletnie, kt\u00f3re pr\u00f3buj\u0105 si\u0119 zarejestrowa\u0107, lub osoby im w tym pomagaj\u0105ce, naruszaj\u0105 nasz Regulamin.<\/p>\n\n\n\n<p>Kroki, kt\u00f3re mo\u017cesz podj\u0105\u0107, aby chroni\u0107 osoby niepe\u0142noletnie:<br>a. Nigdy nie udost\u0119pniaj swoich danych logowania. b. Nie w\u0142\u0105czaj funkcji \u201ezapami\u0119taj has\u0142o\u201d na stronie logowania. c. Nie podawaj danych karty kredytowej ani danych bankowych osobom niepe\u0142noletnim. d. Zainstaluj oprogramowanie do kontroli rodzicielskiej lub filtruj\u0105ce na komputerach w domach, w kt\u00f3rych mieszkaj\u0105 osoby poni\u017cej 18. roku \u017cycia. Przyk\u0142ady takiego oprogramowania to:<\/p>\n\n\n\n<ul class=\"wp-block-list\">\n<li>CyberPatrol<\/li>\n\n\n\n<li>GamBlock \u00ae<\/li>\n\n\n\n<li>Oprogramowanie Solid Oak<\/li>\n\n\n\n<li>Niania internetowa<\/li>\n<\/ul>\n\n\n\n<p><strong>2. Problemy z hazardem<\/strong><\/p>\n\n\n\n<p>Wiele czynno\u015bci mo\u017ce sta\u0107 si\u0119 problematycznych, je\u015bli nie s\u0105 wykonywane z umiarem \u2013 na przyk\u0142ad alkohol, zakupy czy gry komputerowe. To samo dotyczy hazardu. Objawy uzale\u017cnienia mog\u0105 by\u0107 trudne do wykrycia, zar\u00f3wno u siebie, jak i u innych, i nie zawsze s\u0105 zwi\u0105zane z pieni\u0119dzmi. Hazard mo\u017ce czasami by\u0107 objawem powa\u017cniejszego problemu.<\/p>\n\n\n\n<p>Dla niekt\u00f3rych hazard mo\u017ce sta\u0107 si\u0119 sposobem na ucieczk\u0119 od rzeczywisto\u015bci lub unikni\u0119cie innych trudno\u015bci. Czasami motywacja jest nie\u015bwiadoma, a hazardzista nie zdaje sobie sprawy z prawdziwych przyczyn i konsekwencji. W takich przypadkach dost\u0119pna jest profesjonalna pomoc.<\/p>\n\n\n\n<p>Kluczowe jest wczesne wykrycie takiego zachowania, zanim praktyczne konsekwencje stan\u0105 si\u0119 zbyt powa\u017cne. Uzale\u017cnienie od hazardu mo\u017ce mie\u0107 konsekwencje fizyczne, finansowe i spo\u0142eczne.<\/p>\n\n\n\n<p>Na szcz\u0119\u015bcie wi\u0119kszo\u015b\u0107 ludzi mo\u017ce gra\u0107 dla rozrywki i bez ryzyka przez ca\u0142e \u017cycie, nie nara\u017caj\u0105c si\u0119 na problemy.<\/p>\n\n\n\n<p><strong>3. Jak mog\u0119 sprawdzi\u0107, czy jestem nara\u017cony na ryzyko?<\/strong><\/p>\n\n\n\n<p>W snatchcasino.io mamy osiem zasad zapewniaj\u0105cych bezpieczniejsz\u0105 gr\u0119:<\/p>\n\n\n\n<ol start=\"1\" class=\"wp-block-list\">\n<li>Hazard w kasynie jest rozrywk\u0105, nigdy zawodem.<\/li>\n\n\n\n<li>Nigdy nie pr\u00f3buj odrabia\u0107 strat podwajaj\u0105c swoje zak\u0142ady.<\/li>\n\n\n\n<li>Ustal dzienny, tygodniowy lub miesi\u0119czny bud\u017cet, na kt\u00f3rego utrat\u0119 mo\u017cesz sobie pozwoli\u0107.<\/li>\n\n\n\n<li>Nigdy nie graj, gdy jeste\u015b pijany, pod wp\u0142ywem narkotyk\u00f3w, zm\u0119czony lub przygn\u0119biony.<\/li>\n\n\n\n<li>\u015aled\u017a czas gry i zak\u0142ady, kt\u00f3re stawiasz.<\/li>\n\n\n\n<li>R\u00f3b regularne przerwy, aby zachowa\u0107 czujno\u015b\u0107.<\/li>\n\n\n\n<li>Zanim zaczniesz gra\u0107, ustal bud\u017cet i trzymaj si\u0119 go.<\/li>\n\n\n\n<li>Mi\u0142ej zabawy!<\/li>\n<\/ol>\n\n\n\n<p>Je\u015bli podejrzewasz, \u017ce mo\u017cesz by\u0107 nara\u017cony na ryzyko uzale\u017cnienia, istnieje wiele organizacji i stron internetowych, kt\u00f3re mog\u0105 Ci pom\u00f3c. Mo\u017cesz wykona\u0107 prosty test tutaj:<br><a href=\"https:\/\/www.begambleaware.org\/gambling-problems\/do-i-have-a-gambling-problem\" target=\"_blank\" rel=\"noopener\">https:\/\/www.begambleaware.org\/gambling-problems\/do-i-have-a-gambling-problem<\/a><\/p>\n\n\n\n<p><strong>4. Nasze us\u0142ugi i narz\u0119dzia<\/strong><\/p>\n\n\n\n<p>snatchcasino.io oferuje szereg us\u0142ug, kt\u00f3re mog\u0105 Ci pom\u00f3c, je\u015bli czujesz, \u017ce Twoja gra hazardowa mo\u017ce sta\u0107 si\u0119 problematyczna.<\/p>\n\n\n\n<p>Wdro\u017cyli\u015bmy \u015brodki, aby zapewni\u0107 naszym cz\u0142onkom bezpieczne \u015brodowisko do gry. Twoje konto zosta\u0142o zaprojektowane tak, aby umo\u017cliwi\u0107 Ci bezpieczn\u0105 zabaw\u0119.<\/p>\n\n\n\n<p>W grach hazardowych na pieni\u0105dze wynik zawsze jest obarczony niepewno\u015bci\u0105. Na przyk\u0142ad, nawet je\u015bli moneta wypad\u0142a or\u0142em dziesi\u0119\u0107 razy z rz\u0119du, prawdopodobie\u0144stwo, \u017ce wypadnie or\u0142em w kolejnym rzucie, nadal wynosi 50%.<\/p>\n\n\n\n<p>Aby Twoja gra by\u0142a bezpieczniejsza i przyjemniejsza, mo\u017cesz skorzysta\u0107 z r\u00f3\u017cnych ogranicze\u0144. Aby je aktywowa\u0107, skontaktuj si\u0119 z nami za po\u015brednictwem czatu na \u017cywo lub pod adresem support@snatchcasino.io. Zdecydowanie zalecamy rozwa\u017cenie tych opcji.<\/p>\n\n\n\n<p><strong>5. \u015aled\u017a swoj\u0105 gr\u0119<\/strong><\/p>\n\n\n\n<p>Na Twoim koncie znajduje si\u0119 kompletna historia wszystkich Twoich gier, dzi\u0119ki czemu mo\u017cesz \u0142atwo sprawdzi\u0107, ile czasu i pieni\u0119dzy wydajesz i czy grasz odpowiedzialnie.<\/p>\n\n\n\n<p><strong>6. Skontaktuj si\u0119 z naszym dzia\u0142em obs\u0142ugi klienta<\/strong><\/p>\n\n\n\n<p>Wszyscy nasi pracownicy obs\u0142ugi klienta s\u0105 przeszkoleni w zakresie odpowiedzialno\u015bci spo\u0142ecznej i s\u0105 \u015bwiadomi ryzyka zwi\u0105zanego z uzale\u017cnieniem od hazardu. Je\u015bli podejrzewasz u siebie problem, mog\u0105 doradzi\u0107 Ci, jakie dzia\u0142ania mo\u017cesz podj\u0105\u0107 w snatchcasino.io, a tak\u017ce skierowa\u0107 Ci\u0119 do wyspecjalizowanych organizacji. Mo\u017cesz skontaktowa\u0107 si\u0119 z obs\u0142ug\u0105 klienta pod adresem support@snatchcasino.io.<\/p>\n\n\n\n<p><strong>7. Samoczynne wy\u0142\u0105czenie<\/strong><\/p>\n\n\n\n<p>Je\u015bli czujesz, \u017ce rozwija si\u0119 u Ciebie uzale\u017cnienie od hazardu, rozwa\u017c trwa\u0142e wykluczenie si\u0119 z wszelkiej aktywno\u015bci hazardowej. Je\u015bli zdecydujesz si\u0119 przesta\u0107 gra\u0107 w snatchcasino.io, mo\u017cesz trwale zablokowa\u0107 swoje konto, kontaktuj\u0105c si\u0119 z obs\u0142ug\u0105 klienta pod adresem support@snatchcasino.io.<\/p>\n\n\n\n<p>Je\u015bli jednak wolisz zrezygnowa\u0107 z otrzymywania newsletter\u00f3w na okre\u015blony czas, mo\u017cesz to r\u00f3wnie\u017c zrobi\u0107, kontaktuj\u0105c si\u0119 z nami za po\u015brednictwem tego samego adresu e-mail.<\/p>\n<\/div>\n<\/div>\n","protected":false},"excerpt":{"rendered":"<p>Polityka Odpowiedzialna Gra Jak dzia\u0142amy w zakresie odpowiedzialnej gry Hazard w kasynie online zawsze powinien by\u0107 traktowany jako rozrywka. Jednak [&hellip;]<\/p>\n","protected":false},"author":7,"featured_media":0,"parent":0,"menu_order":0,"comment_status":"closed","ping_status":"closed","template":"","meta":{"_eb_attr":"","site-sidebar-layout":"default","site-content-layout":"","ast-site-content-layout":"default","site-content-style":"default","site-sidebar-style":"default","ast-global-header-display":"","ast-banner-title-visibility":"","ast-main-header-display":"","ast-hfb-above-header-display":"","ast-hfb-below-header-display":"","ast-hfb-mobile-header-display":"","site-post-title":"disabled","ast-breadcrumbs-content":"","ast-featured-img":"","footer-sml-layout":"","ast-disable-related-posts":"","theme-transparent-header-meta":"","adv-header-id-meta":"","stick-header-meta":"","header-above-stick-meta":"","header-main-stick-meta":"","header-below-stick-meta":"","astra-migrate-meta-layouts":"default","ast-page-background-enabled":"default","ast-page-background-meta":{"desktop":{"background-color":"var(--ast-global-color-5)","background-image":"","background-repeat":"repeat","background-position":"center center","background-size":"auto","background-attachment":"scroll","background-type":"","background-media":"","overlay-type":"","overlay-color":"","overlay-opacity":"","overlay-gradient":""},"tablet":{"background-color":"","background-image":"","background-repeat":"repeat","background-position":"center center","background-size":"auto","background-attachment":"scroll","background-type":"","background-media":"","overlay-type":"","overlay-color":"","overlay-opacity":"","overlay-gradient":""},"mobile":{"background-color":"","background-image":"","background-repeat":"repeat","background-position":"center center","background-size":"auto","background-attachment":"scroll","background-type":"","background-media":"","overlay-type":"","overlay-color":"","overlay-opacity":"","overlay-gradient":""}},"ast-content-background-meta":{"desktop":{"background-color":"var(--ast-global-color-4)","background-image":"","background-repeat":"repeat","background-position":"center center","background-size":"auto","background-attachment":"scroll","background-type":"","background-media":"","overlay-type":"","overlay-color":"","overlay-opacity":"","overlay-gradient":""},"tablet":{"background-color":"var(--ast-global-color-4)","background-image":"","background-repeat":"repeat","background-position":"center center","background-size":"auto","background-attachment":"scroll","background-type":"","background-media":"","overlay-type":"","overlay-color":"","overlay-opacity":"","overlay-gradient":""},"mobile":{"background-color":"var(--ast-global-color-4)","background-image":"","background-repeat":"repeat","background-position":"center center","background-size":"auto","background-attachment":"scroll","background-type":"","background-media":"","overlay-type":"","overlay-color":"","overlay-opacity":"","overlay-gradient":""}},"footnotes":""},"class_list":["post-322","page","type-page","status-publish","hentry"],"_links":{"self":[{"href":"https:\/\/snatchcasino-se.com\/pl\/wp-json\/wp\/v2\/pages\/322","targetHints":{"allow":["GET"]}}],"collection":[{"href":"https:\/\/snatchcasino-se.com\/pl\/wp-json\/wp\/v2\/pages"}],"about":[{"href":"https:\/\/snatchcasino-se.com\/pl\/wp-json\/wp\/v2\/types\/page"}],"author":[{"embeddable":true,"href":"https:\/\/snatchcasino-se.com\/pl\/wp-json\/wp\/v2\/users\/7"}],"replies":[{"embeddable":true,"href":"https:\/\/snatchcasino-se.com\/pl\/wp-json\/wp\/v2\/comments?post=322"}],"version-history":[{"count":2,"href":"https:\/\/snatchcasino-se.com\/pl\/wp-json\/wp\/v2\/pages\/322\/revisions"}],"predecessor-version":[{"id":474,"href":"https:\/\/snatchcasino-se.com\/pl\/wp-json\/wp\/v2\/pages\/322\/revisions\/474"}],"wp:attachment":[{"href":"https:\/\/snatchcasino-se.com\/pl\/wp-json\/wp\/v2\/media?parent=322"}],"curies":[{"name":"wp","href":"https:\/\/api.w.org\/{rel}","templated":true}]}}