{"id":318,"date":"2025-09-10T05:20:22","date_gmt":"2025-09-10T05:20:22","guid":{"rendered":"https:\/\/snatchcasino-se.com\/?page_id=318"},"modified":"2026-02-19T13:06:39","modified_gmt":"2026-02-19T13:06:39","slug":"risikoer-og-advarsler","status":"publish","type":"page","link":"https:\/\/snatchcasino-se.com\/no\/risikoer-og-advarsler\/","title":{"rendered":"RISIKOER OG ADVARSLER"},"content":{"rendered":"\n<div class=\"wp-block-columns alignwide has-ast-global-color-7-color has-text-color has-link-color wp-elements-3e910da9586301da7b54c7c0569d2502 is-layout-flex wp-container-core-columns-is-layout-28f84493 wp-block-columns-is-layout-flex\">\n<div class=\"wp-block-column is-layout-flow wp-block-column-is-layout-flow\">\n<h2 class=\"wp-block-heading has-ast-global-color-7-color has-text-color has-link-color wp-elements-c98ae1f9771991b8405dbed1e62aeaa9\">RISIKOER OG ADVARSLER<\/h2>\n\n\n\n<p><strong>1. <\/strong>Du forst\u00e5r at du risikerer \u00e5 tape pengene som er satt inn p\u00e5 kontoen din p\u00e5 snatchcasino.io ved \u00e5 delta i spillene.<\/p>\n\n\n\n<p><strong>2. <\/strong>I noen jurisdiksjoner kan pengespill p\u00e5 nett v\u00e6re ulovlig. Du forst\u00e5r og samtykker i at snatchcasino1.org ikke kan gi deg juridisk r\u00e5dgivning eller garantier ang\u00e5ende lovligheten av din bruk av nettstedets tjenester.<\/p>\n\n\n\n<p><strong>3. <\/strong>Selskapet garanterer ikke at nettstedets tjenester overholder de juridiske kravene i din jurisdiksjon. Du bruker tjenestene levert av snatchcasino1.org p\u00e5 eget initiativ og etter eget skj\u00f8nn. Du p\u00e5tar deg risikoen for ethvert ansvar og bestemmer om bruken av nettstedets tjenester er lovlig i henhold til gjeldende lover i din jurisdiksjon. N\u00e5r du logger deg p\u00e5 nettstedet og deltar i spillene, gj\u00f8r du det helt p\u00e5 egen risiko.<\/p>\n<\/div>\n<\/div>\n","protected":false},"excerpt":{"rendered":"<p>RISIKOER OG ADVARSLER 1. Du forst\u00e5r at du risikerer \u00e5 tape pengene som er satt inn p\u00e5 kontoen din p\u00e5 [&hellip;]<\/p>\n","protected":false},"author":7,"featured_media":0,"parent":0,"menu_order":0,"comment_status":"closed","ping_status":"closed","template":"","meta":{"_eb_attr":"","site-sidebar-layout":"default","site-content-layout":"","ast-site-content-layout":"default","site-content-style":"default","site-sidebar-style":"default","ast-global-header-display":"","ast-banner-title-visibility":"","ast-main-header-display":"","ast-hfb-above-header-display":"","ast-hfb-below-header-display":"","ast-hfb-mobile-header-display":"","site-post-title":"disabled","ast-breadcrumbs-content":"","ast-featured-img":"","footer-sml-layout":"","ast-disable-related-posts":"","theme-transparent-header-meta":"","adv-header-id-meta":"","stick-header-meta":"","header-above-stick-meta":"","header-main-stick-meta":"","header-below-stick-meta":"","astra-migrate-meta-layouts":"default","ast-page-background-enabled":"default","ast-page-background-meta":{"desktop":{"background-color":"var(--ast-global-color-5)","background-image":"","background-repeat":"repeat","background-position":"center center","background-size":"auto","background-attachment":"scroll","background-type":"","background-media":"","overlay-type":"","overlay-color":"","overlay-opacity":"","overlay-gradient":""},"tablet":{"background-color":"","background-image":"","background-repeat":"repeat","background-position":"center center","background-size":"auto","background-attachment":"scroll","background-type":"","background-media":"","overlay-type":"","overlay-color":"","overlay-opacity":"","overlay-gradient":""},"mobile":{"background-color":"","background-image":"","background-repeat":"repeat","background-position":"center center","background-size":"auto","background-attachment":"scroll","background-type":"","background-media":"","overlay-type":"","overlay-color":"","overlay-opacity":"","overlay-gradient":""}},"ast-content-background-meta":{"desktop":{"background-color":"var(--ast-global-color-4)","background-image":"","background-repeat":"repeat","background-position":"center center","background-size":"auto","background-attachment":"scroll","background-type":"","background-media":"","overlay-type":"","overlay-color":"","overlay-opacity":"","overlay-gradient":""},"tablet":{"background-color":"var(--ast-global-color-4)","background-image":"","background-repeat":"repeat","background-position":"center center","background-size":"auto","background-attachment":"scroll","background-type":"","background-media":"","overlay-type":"","overlay-color":"","overlay-opacity":"","overlay-gradient":""},"mobile":{"background-color":"var(--ast-global-color-4)","background-image":"","background-repeat":"repeat","background-position":"center center","background-size":"auto","background-attachment":"scroll","background-type":"","background-media":"","overlay-type":"","overlay-color":"","overlay-opacity":"","overlay-gradient":""}},"footnotes":""},"class_list":["post-318","page","type-page","status-publish","hentry"],"_links":{"self":[{"href":"https:\/\/snatchcasino-se.com\/no\/wp-json\/wp\/v2\/pages\/318","targetHints":{"allow":["GET"]}}],"collection":[{"href":"https:\/\/snatchcasino-se.com\/no\/wp-json\/wp\/v2\/pages"}],"about":[{"href":"https:\/\/snatchcasino-se.com\/no\/wp-json\/wp\/v2\/types\/page"}],"author":[{"embeddable":true,"href":"https:\/\/snatchcasino-se.com\/no\/wp-json\/wp\/v2\/users\/7"}],"replies":[{"embeddable":true,"href":"https:\/\/snatchcasino-se.com\/no\/wp-json\/wp\/v2\/comments?post=318"}],"version-history":[{"count":1,"href":"https:\/\/snatchcasino-se.com\/no\/wp-json\/wp\/v2\/pages\/318\/revisions"}],"predecessor-version":[{"id":402,"href":"https:\/\/snatchcasino-se.com\/no\/wp-json\/wp\/v2\/pages\/318\/revisions\/402"}],"wp:attachment":[{"href":"https:\/\/snatchcasino-se.com\/no\/wp-json\/wp\/v2\/media?parent=318"}],"curies":[{"name":"wp","href":"https:\/\/api.w.org\/{rel}","templated":true}]}}