{"id":317,"date":"2025-09-10T05:15:10","date_gmt":"2025-09-10T05:15:10","guid":{"rendered":"https:\/\/snatchcasino-se.com\/?page_id=317"},"modified":"2026-02-19T13:06:39","modified_gmt":"2026-02-19T13:06:39","slug":"tvistelosningspolitikk","status":"publish","type":"page","link":"https:\/\/snatchcasino-se.com\/no\/tvistelosningspolitikk\/","title":{"rendered":"TVISTEL\u00d8SNINGSPOLITIKK"},"content":{"rendered":"\n<div class=\"wp-block-columns alignwide has-ast-global-color-7-color has-text-color has-link-color wp-elements-d4bcf23695f89bdd31cf1239d4491a1f is-layout-flex wp-container-core-columns-is-layout-28f84493 wp-block-columns-is-layout-flex\">\n<div class=\"wp-block-column is-layout-flow wp-block-column-is-layout-flow\">\n<h2 class=\"wp-block-heading has-ast-global-color-7-color has-text-color has-link-color wp-elements-9ae41f8f578c65a41375164f4872de60\">TVISTEL\u00d8SNINGSPOLITIKK<\/h2>\n\n\n\n<p><strong>1. Klager<\/strong><\/p>\n\n\n\n<p>Spilleren kan kontakte kundeservicen v\u00e5r for \u00e5 klage ang\u00e5ende tjenestene v\u00e5re.<\/p>\n\n\n\n<p><strong>1.1. <\/strong>Spillere har rett til \u00e5 kontakte kundeservicen v\u00e5r i henhold til instruksjonene p\u00e5 nettsiden for \u00e5 sende inn klager ang\u00e5ende tjenestene v\u00e5re.<\/p>\n\n\n\n<p><strong>1.2. <\/strong>Klager h\u00e5ndteres av supportavdelingen og eskaleres videre innad i organisasjonen dersom saken ikke kan l\u00f8ses direkte av supportpersonalet. Spillere skal informeres om statusen for saken sin p\u00e5 et rimelig niv\u00e5.<\/p>\n\n\n\n<p><strong>1.3. <\/strong>Hvis tvisten ikke kan l\u00f8ses p\u00e5 kasinoledelsesniv\u00e5, kan spillere henvende seg til et uavhengig organ, spillmyndighet eller lisensmyndigheten som er spesifisert p\u00e5 nettstedet.<\/p>\n\n\n\n<p><strong>1.4. <\/strong>Ved tvist samtykker spilleren i at serverlogger og -registreringer skal v\u00e6re den endelige autoriteten for \u00e5 avgj\u00f8re utfallet av et krav. Spilleren aksepterer at i tilfelle avvik mellom resultatet som vises p\u00e5 skjermen og det som er registrert p\u00e5 spillserveren, skal det serverloggede resultatet ha forrang. Spilleren erkjenner og aksepterer at v\u00e5re registre skal v\u00e6re endelige med hensyn til vilk\u00e5r, omstendigheter og resultater for deltakelse i den relevante online spillaktiviteten.<\/p>\n\n\n\n<p><strong>1.5. <\/strong>Hvis vi trenger \u00e5 kontakte spilleren i forbindelse med en tvist, vil dette bli gjort via kontaktinformasjonen som spilleren har oppgitt i kontoen sin.<\/p>\n\n\n\n<p>For mer informasjon om regulatoren kan spillere bes\u00f8ke: <a href=\"https:\/\/curacao-egaming.com\" target=\"_blank\" rel=\"noopener\">curacao-egaming.com <\/a>.<\/p>\n\n\n\n<p><strong>2. Voldgift<\/strong><\/p>\n\n\n\n<p>V\u00e5re generelle vilk\u00e5r og betingelser er underlagt lovene p\u00e5 Cura\u00e7ao. Partene samtykker i at enhver tvist, kontrovers eller krav som oppst\u00e5r fra eller i forbindelse med disse vilk\u00e5rene og betingelsene \u2013 inkludert brudd, oppsigelse eller ugyldighet av avtalen \u2013 skal underlegges Cura\u00e7aos eksklusive jurisdiksjon.<\/p>\n<\/div>\n<\/div>\n","protected":false},"excerpt":{"rendered":"<p>TVISTEL\u00d8SNINGSPOLITIKK 1. Klager Spilleren kan kontakte kundeservicen v\u00e5r for \u00e5 klage ang\u00e5ende tjenestene v\u00e5re. 1.1. Spillere har rett til \u00e5 [&hellip;]<\/p>\n","protected":false},"author":7,"featured_media":0,"parent":0,"menu_order":0,"comment_status":"closed","ping_status":"closed","template":"","meta":{"_eb_attr":"","site-sidebar-layout":"default","site-content-layout":"","ast-site-content-layout":"default","site-content-style":"default","site-sidebar-style":"default","ast-global-header-display":"","ast-banner-title-visibility":"","ast-main-header-display":"","ast-hfb-above-header-display":"","ast-hfb-below-header-display":"","ast-hfb-mobile-header-display":"","site-post-title":"disabled","ast-breadcrumbs-content":"","ast-featured-img":"","footer-sml-layout":"","ast-disable-related-posts":"","theme-transparent-header-meta":"","adv-header-id-meta":"","stick-header-meta":"","header-above-stick-meta":"","header-main-stick-meta":"","header-below-stick-meta":"","astra-migrate-meta-layouts":"default","ast-page-background-enabled":"default","ast-page-background-meta":{"desktop":{"background-color":"var(--ast-global-color-5)","background-image":"","background-repeat":"repeat","background-position":"center center","background-size":"auto","background-attachment":"scroll","background-type":"","background-media":"","overlay-type":"","overlay-color":"","overlay-opacity":"","overlay-gradient":""},"tablet":{"background-color":"","background-image":"","background-repeat":"repeat","background-position":"center center","background-size":"auto","background-attachment":"scroll","background-type":"","background-media":"","overlay-type":"","overlay-color":"","overlay-opacity":"","overlay-gradient":""},"mobile":{"background-color":"","background-image":"","background-repeat":"repeat","background-position":"center center","background-size":"auto","background-attachment":"scroll","background-type":"","background-media":"","overlay-type":"","overlay-color":"","overlay-opacity":"","overlay-gradient":""}},"ast-content-background-meta":{"desktop":{"background-color":"var(--ast-global-color-4)","background-image":"","background-repeat":"repeat","background-position":"center center","background-size":"auto","background-attachment":"scroll","background-type":"","background-media":"","overlay-type":"","overlay-color":"","overlay-opacity":"","overlay-gradient":""},"tablet":{"background-color":"var(--ast-global-color-4)","background-image":"","background-repeat":"repeat","background-position":"center center","background-size":"auto","background-attachment":"scroll","background-type":"","background-media":"","overlay-type":"","overlay-color":"","overlay-opacity":"","overlay-gradient":""},"mobile":{"background-color":"var(--ast-global-color-4)","background-image":"","background-repeat":"repeat","background-position":"center center","background-size":"auto","background-attachment":"scroll","background-type":"","background-media":"","overlay-type":"","overlay-color":"","overlay-opacity":"","overlay-gradient":""}},"footnotes":""},"class_list":["post-317","page","type-page","status-publish","hentry"],"_links":{"self":[{"href":"https:\/\/snatchcasino-se.com\/no\/wp-json\/wp\/v2\/pages\/317","targetHints":{"allow":["GET"]}}],"collection":[{"href":"https:\/\/snatchcasino-se.com\/no\/wp-json\/wp\/v2\/pages"}],"about":[{"href":"https:\/\/snatchcasino-se.com\/no\/wp-json\/wp\/v2\/types\/page"}],"author":[{"embeddable":true,"href":"https:\/\/snatchcasino-se.com\/no\/wp-json\/wp\/v2\/users\/7"}],"replies":[{"embeddable":true,"href":"https:\/\/snatchcasino-se.com\/no\/wp-json\/wp\/v2\/comments?post=317"}],"version-history":[{"count":1,"href":"https:\/\/snatchcasino-se.com\/no\/wp-json\/wp\/v2\/pages\/317\/revisions"}],"predecessor-version":[{"id":401,"href":"https:\/\/snatchcasino-se.com\/no\/wp-json\/wp\/v2\/pages\/317\/revisions\/401"}],"wp:attachment":[{"href":"https:\/\/snatchcasino-se.com\/no\/wp-json\/wp\/v2\/media?parent=317"}],"curies":[{"name":"wp","href":"https:\/\/api.w.org\/{rel}","templated":true}]}}