{"id":315,"date":"2025-09-10T05:08:38","date_gmt":"2025-09-10T05:08:38","guid":{"rendered":"https:\/\/snatchcasino-se.com\/?page_id=315"},"modified":"2026-02-19T13:06:39","modified_gmt":"2026-02-19T13:06:39","slug":"informasjonskapsler","status":"publish","type":"page","link":"https:\/\/snatchcasino-se.com\/no\/informasjonskapsler\/","title":{"rendered":"INFORMASJONSKAPSLER"},"content":{"rendered":"\n<div class=\"wp-block-columns alignwide has-ast-global-color-7-color has-text-color has-link-color wp-elements-daa052e457a14431c9ae27f7ea609a40 is-layout-flex wp-container-core-columns-is-layout-28f84493 wp-block-columns-is-layout-flex\">\n<div class=\"wp-block-column is-layout-flow wp-block-column-is-layout-flow\">\n<h2 class=\"wp-block-heading has-ast-global-color-7-color has-text-color has-link-color wp-elements-d8aeed1c9f6d81b9599291a3321be0f3\">INFORMASJONSKAPSLER<\/h2>\n\n\n\n<p>Dette dokumentet beskriver hvordan vi bruker informasjonskapsler p\u00e5 snatchcasino.io (\u00abNettstedet\u00bb). Begrepene \u00abvi\u00bb, \u00aboss\u00bb og \u00abv\u00e5r\u00bb refererer til snatchcasino.io, en juridisk enhet registrert i henhold til lovene p\u00e5 Cura\u00e7ao.<\/p>\n\n\n\n<p><strong>Hva er en informasjonskapsel?<\/strong><\/p>\n\n\n\n<p>En informasjonskapsel er en liten tekstfil som lastes ned til enheten din (f.eks. datamaskin eller smarttelefon) n\u00e5r du bes\u00f8ker nettstedet v\u00e5rt. Den lar oss gjenkjenne enheten din og lagre viss informasjon om dine preferanser eller tidligere handlinger.<\/p>\n\n\n\n<p>Informasjonskapsler lastes ned av nettleseren din f\u00f8rste gang du bes\u00f8ker nettstedet. Ved ditt neste bes\u00f8k fra samme enhet sendes informasjonskapselen og den lagrede informasjonen tilbake til nettstedet som opprettet den (f\u00f8rstepartsinformasjonskapsel) eller til et annet nettsted som informasjonskapselen tilh\u00f8rer (tredjepartsinformasjonskapsel).<\/p>\n\n\n\n<p>Det finnes to hovedtyper informasjonskapsler: \u00f8ktinformasjonskapsler og permanente informasjonskapsler. \u00d8ktinformasjonskapsler slettes n\u00e5r du lukker nettleseren eller mobilappen din . Permanente informasjonskapsler forblir p\u00e5 enheten din i en forh\u00e5ndsbestemt tidsperiode.<\/p>\n\n\n\n<p>Vi bruker b\u00e5de \u00ab\u00f8ktinformasjonskapsler\u00bb, \u00abvedvarende informasjonskapsler\u00bb og andre lignende teknologier (\u00abinformasjonskapsler\u00bb).<\/p>\n\n\n\n<p><strong>Hvorfor bruker vi informasjonskapsler?<\/strong><\/p>\n\n\n\n<p><strong>Strengt n\u00f8dvendige informasjonskapsler:<\/strong><\/p>\n\n\n\n<p>For \u00e5 f\u00e5 nettstedet til \u00e5 fungere og gi brukerne et nyttig grensesnitt (basert p\u00e5 n\u00f8dvendighet for \u00e5 tilby tjenestene v\u00e5re). Nettstedet kan ikke fungere ordentlig uten disse informasjonskapslene. De lagrer ikke personlig identifiserbar informasjon og lar oss blant annet:<\/p>\n\n\n\n<ul class=\"wp-block-list\">\n<li>s\u00f8rge for at spill plassert av kontoinnehaveren er knyttet til spillekupongen og kontoen deres, og<\/li>\n\n\n\n<li>s\u00f8rge for at kontoinnehaveren mottar bonusene han\/hun har krav p\u00e5.<\/li>\n<\/ul>\n\n\n\n<p><strong>Andre typer informasjonskapsler:<\/strong><\/p>\n\n\n\n<ul class=\"wp-block-list\">\n<li>\u00e5 analysere bruksstatistikk p\u00e5 nettstedet (aggregerte data uten personlig identifikasjon av enheten) og utf\u00f8re markedsunders\u00f8kelser gjennom v\u00e5re egne l\u00f8sninger, Google Analytics og\/eller Facebook Pixel. Disse informasjonskapslene hjelper oss \u00e5 forst\u00e5 hvordan bes\u00f8kende samhandler med nettstedet og \u00e5 forbedre ytelsen;<\/li>\n\n\n\n<li>\u00e5 tilpasse innholdet p\u00e5 nettstedet;<\/li>\n\n\n\n<li>\u00e5 vise personlige annonser;<\/li>\n\n\n\n<li>\u00e5 tilpasse spr\u00e5ket p\u00e5 nettstedet til dine behov.<\/li>\n<\/ul>\n\n\n\n<p>V\u00e6r oppmerksom p\u00e5 at vi lagrer informasjon om informasjonskapsler i opptil 6 m\u00e5neder etter ditt siste bes\u00f8k p\u00e5 nettstedet. Noen informasjonskapsler kan ha sine egne, automatisk bestemte oppbevaringsperioder som vi ikke kan p\u00e5virke. For mer informasjon om oppbevaringsperioder kan du skanne nettstedet ved hjelp av tjenester som <a href=\"https:\/\/cookiepedia.co.uk\/\" target=\"_blank\" rel=\"noopener\">https:\/\/cookiepedia.co.uk\/ <\/a>.<\/p>\n\n\n\n<p><strong>Informasjonskapslerh\u00e5ndtering<\/strong><\/p>\n\n\n\n<p>Vi kan plassere informasjonskapsler p\u00e5 enheten din som standard hvis de er strengt n\u00f8dvendige for at nettstedet skal fungere. For alle andre typer informasjonskapsler trenger vi ditt samtykke.<\/p>\n\n\n\n<p>Med mindre du velger noe annet, lagrer og behandler vi kun informasjonskapsler som er n\u00f8dvendige for driften av nettstedet. Hvis du ikke \u00f8nsker \u00e5 bli sporet av andre typer informasjonskapsler, kan du avst\u00e5 fra \u00e5 gi samtykke i utgangspunktet eller trekke det tilbake senere.<\/p>\n\n\n\n<p>Du kan se de spesifikke informasjonskapselkategoriene i popup-vinduet som vises ved ditt f\u00f8rste bes\u00f8k p\u00e5 nettstedet. Ved \u00e5 klikke p\u00e5 \u00abTillat alle informasjonskapsler\u00bb samtykker du i bruken av informasjonskapsler for alle form\u00e5lene som er oppf\u00f8rt ovenfor.<\/p>\n\n\n\n<p>Hvis du avviser andre typer informasjonskapsler, vil opplevelsen din p\u00e5 nettstedet bli p\u00e5virket, ettersom ingen personalisering eller enhetsgjenkjenning vil forekomme ved p\u00e5f\u00f8lgende bes\u00f8k.<\/p>\n\n\n\n<p>Du kan n\u00e5r som helst endre eller trekke tilbake samtykket ditt ved \u00e5 kontakte oss. Nettleseren din lar deg ogs\u00e5 kontrollere og begrense informasjonskapsler p\u00e5 enheten din.<\/p>\n\n\n\n<p>V\u00e6r oppmerksom p\u00e5 at hvis du deaktiverer alle informasjonskapsler, eller alle v\u00e5re informasjonskapsler, i nettleserinnstillingene dine, kan det hende at enkelte deler eller funksjoner p\u00e5 nettstedet slutter \u00e5 virke. Vi anbefaler derfor at du bruker nettstedets informasjonskapselinnstillinger i stedet for \u00e5 sl\u00e5 av alle informasjonskapsler i nettleseren din.<\/p>\n<\/div>\n<\/div>\n","protected":false},"excerpt":{"rendered":"<p>INFORMASJONSKAPSLER Dette dokumentet beskriver hvordan vi bruker informasjonskapsler p\u00e5 snatchcasino.io (\u00abNettstedet\u00bb). Begrepene \u00abvi\u00bb, \u00aboss\u00bb og \u00abv\u00e5r\u00bb refererer til snatchcasino.io, en [&hellip;]<\/p>\n","protected":false},"author":7,"featured_media":0,"parent":0,"menu_order":0,"comment_status":"closed","ping_status":"closed","template":"","meta":{"_eb_attr":"","site-sidebar-layout":"default","site-content-layout":"","ast-site-content-layout":"default","site-content-style":"default","site-sidebar-style":"default","ast-global-header-display":"","ast-banner-title-visibility":"","ast-main-header-display":"","ast-hfb-above-header-display":"","ast-hfb-below-header-display":"","ast-hfb-mobile-header-display":"","site-post-title":"disabled","ast-breadcrumbs-content":"","ast-featured-img":"","footer-sml-layout":"","ast-disable-related-posts":"","theme-transparent-header-meta":"","adv-header-id-meta":"","stick-header-meta":"","header-above-stick-meta":"","header-main-stick-meta":"","header-below-stick-meta":"","astra-migrate-meta-layouts":"default","ast-page-background-enabled":"default","ast-page-background-meta":{"desktop":{"background-color":"var(--ast-global-color-5)","background-image":"","background-repeat":"repeat","background-position":"center center","background-size":"auto","background-attachment":"scroll","background-type":"","background-media":"","overlay-type":"","overlay-color":"","overlay-opacity":"","overlay-gradient":""},"tablet":{"background-color":"","background-image":"","background-repeat":"repeat","background-position":"center center","background-size":"auto","background-attachment":"scroll","background-type":"","background-media":"","overlay-type":"","overlay-color":"","overlay-opacity":"","overlay-gradient":""},"mobile":{"background-color":"","background-image":"","background-repeat":"repeat","background-position":"center center","background-size":"auto","background-attachment":"scroll","background-type":"","background-media":"","overlay-type":"","overlay-color":"","overlay-opacity":"","overlay-gradient":""}},"ast-content-background-meta":{"desktop":{"background-color":"var(--ast-global-color-4)","background-image":"","background-repeat":"repeat","background-position":"center center","background-size":"auto","background-attachment":"scroll","background-type":"","background-media":"","overlay-type":"","overlay-color":"","overlay-opacity":"","overlay-gradient":""},"tablet":{"background-color":"var(--ast-global-color-4)","background-image":"","background-repeat":"repeat","background-position":"center center","background-size":"auto","background-attachment":"scroll","background-type":"","background-media":"","overlay-type":"","overlay-color":"","overlay-opacity":"","overlay-gradient":""},"mobile":{"background-color":"var(--ast-global-color-4)","background-image":"","background-repeat":"repeat","background-position":"center center","background-size":"auto","background-attachment":"scroll","background-type":"","background-media":"","overlay-type":"","overlay-color":"","overlay-opacity":"","overlay-gradient":""}},"footnotes":""},"class_list":["post-315","page","type-page","status-publish","hentry"],"_links":{"self":[{"href":"https:\/\/snatchcasino-se.com\/no\/wp-json\/wp\/v2\/pages\/315","targetHints":{"allow":["GET"]}}],"collection":[{"href":"https:\/\/snatchcasino-se.com\/no\/wp-json\/wp\/v2\/pages"}],"about":[{"href":"https:\/\/snatchcasino-se.com\/no\/wp-json\/wp\/v2\/types\/page"}],"author":[{"embeddable":true,"href":"https:\/\/snatchcasino-se.com\/no\/wp-json\/wp\/v2\/users\/7"}],"replies":[{"embeddable":true,"href":"https:\/\/snatchcasino-se.com\/no\/wp-json\/wp\/v2\/comments?post=315"}],"version-history":[{"count":1,"href":"https:\/\/snatchcasino-se.com\/no\/wp-json\/wp\/v2\/pages\/315\/revisions"}],"predecessor-version":[{"id":399,"href":"https:\/\/snatchcasino-se.com\/no\/wp-json\/wp\/v2\/pages\/315\/revisions\/399"}],"wp:attachment":[{"href":"https:\/\/snatchcasino-se.com\/no\/wp-json\/wp\/v2\/media?parent=315"}],"curies":[{"name":"wp","href":"https:\/\/api.w.org\/{rel}","templated":true}]}}