{"id":313,"date":"2025-09-10T04:36:08","date_gmt":"2025-09-10T04:36:08","guid":{"rendered":"https:\/\/snatchcasino-se.com\/?page_id=313"},"modified":"2026-02-19T13:06:38","modified_gmt":"2026-02-19T13:06:38","slug":"ansvarlig-spilling","status":"publish","type":"page","link":"https:\/\/snatchcasino-se.com\/no\/ansvarlig-spilling\/","title":{"rendered":"ANSVARLIG SPILLING"},"content":{"rendered":"\n<div class=\"wp-block-columns alignwide has-ast-global-color-7-color has-text-color has-link-color wp-elements-1ca6deedb013d9e847b2eb9dee8fa0b7 is-layout-flex wp-container-core-columns-is-layout-28f84493 wp-block-columns-is-layout-flex\">\n<div class=\"wp-block-column is-layout-flow wp-block-column-is-layout-flow\">\n<h2 class=\"wp-block-heading has-ast-global-color-7-color has-text-color has-link-color wp-elements-94d75d02b30c96de84ba91018139c9e6\">POLICY FOR ANSVARLIG SPILLING<\/h2>\n\n\n\n<p><strong>Hvordan vi jobber med ansvarlig spilling<\/strong><\/p>\n\n\n\n<p>Gambling p\u00e5 nettkasino b\u00f8r alltid sees p\u00e5 som underholdning. Det er imidlertid en viss prosentandel av spillere som mister kontrollen over gambling. F\u00f8r du begynner \u00e5 spille, er det viktig \u00e5 forst\u00e5 at gambling aldri b\u00f8r betraktes som en inntektskilde eller en m\u00e5te \u00e5 komme seg ut av gjeld p\u00e5. Det er lurt \u00e5 holde oversikt over b\u00e5de tid og penger brukt p\u00e5 kasinoet daglig.<\/p>\n\n\n\n<p>Hvis du oppdager at du bruker mer penger enn du har r\u00e5d til, eller hvis spillingen din forstyrrer din daglige rutine, anbefaler vi p\u00e5 det sterkeste at du tar grep. Dette kan inkludere \u00e5 sette grenser for spillingen din, bruke selvutestengelse og s\u00f8ke hjelp fra uavhengige organisasjoner. Du kan ogs\u00e5 ta en spilleavhengighetstest for \u00e5 se om du viser tegn p\u00e5 problemspilling.<\/p>\n\n\n\n<p><strong>Viktige politiske punkter<\/strong><\/p>\n\n\n\n<p><strong>1. Mindre\u00e5rige spillere<\/strong><\/p>\n\n\n\n<p>Selskapet tillater ikke noen under 18 \u00e5r \u00e5 \u00e5pne en konto. Mindre\u00e5rige som fors\u00f8ker \u00e5 registrere seg, eller noen som hjelper dem med \u00e5 gj\u00f8re det, bryter v\u00e5re vilk\u00e5r og betingelser.<\/p>\n\n\n\n<p>Tiltak du kan ta for \u00e5 beskytte mindre\u00e5rige:<br>a. Del aldri innloggingsdetaljene dine. b. Ikke aktiver funksjonen \u00abhusk passord\u00bb p\u00e5 innloggingssiden. c. Ikke gi ut kredittkort- eller bankdetaljer til mindre\u00e5rige. d. Installer foreldrekontroll- eller filtreringsprogramvare p\u00e5 datamaskiner i husholdninger med personer under 18 \u00e5r. Eksempler p\u00e5 slik programvare inkluderer:<\/p>\n\n\n\n<ul class=\"wp-block-list\">\n<li>CyberPatrol<\/li>\n\n\n\n<li>GamBlock \u00ae<\/li>\n\n\n\n<li>Solid Oak -programvare<\/li>\n\n\n\n<li>Nettbarnepike<\/li>\n<\/ul>\n\n\n\n<p><strong>2. Spilleproblemer<\/strong><\/p>\n\n\n\n<p>Mange aktiviteter kan bli problematiske hvis de ikke gj\u00f8res med m\u00e5te \u2013 for eksempel alkohol, shopping eller dataspill. Det samme gjelder gambling. Tegn p\u00e5 avhengighet kan v\u00e6re vanskelige \u00e5 oppdage, b\u00e5de hos en selv og hos andre, og er ikke alltid knyttet til penger. Gambling kan noen ganger v\u00e6re et symptom p\u00e5 et st\u00f8rre problem.<\/p>\n\n\n\n<p>For noen kan gambling bli en m\u00e5te \u00e5 unnslippe virkeligheten eller unng\u00e5 andre vanskeligheter. Noen ganger er motivasjonen ubevisst, og spilleren innser ikke de virkelige \u00e5rsakene eller konsekvensene. I disse tilfellene er profesjonell hjelp tilgjengelig.<\/p>\n\n\n\n<p>Det er avgj\u00f8rende \u00e5 oppdage slik atferd i tide, f\u00f8r de praktiske konsekvensene blir for store. Spilleavhengighet kan ha fysiske, \u00f8konomiske og sosiale konsekvenser.<\/p>\n\n\n\n<p>Heldigvis kan folk flest spille underholdende og risikofritt gjennom hele livet uten \u00e5 utvikle problemer.<\/p>\n\n\n\n<p><strong>3. Hvordan vet jeg om jeg er i faresonen?<\/strong><\/p>\n\n\n\n<p>Vi har \u00e5tte regler for tryggere spilling p\u00e5 snatchcasino.io:<\/p>\n\n\n\n<ol start=\"1\" class=\"wp-block-list\">\n<li>Kasinospill er underholdning, aldri et yrke.<\/li>\n\n\n\n<li>Fors\u00f8k aldri \u00e5 vinne tilbake tap ved \u00e5 doble innsatsene dine.<\/li>\n\n\n\n<li>Sett et daglig, ukentlig eller m\u00e5nedlig budsjett som du har r\u00e5d til \u00e5 miste.<\/li>\n\n\n\n<li>Spill aldri n\u00e5r du er full, p\u00e5virket av narkotika, sliten eller deprimert.<\/li>\n\n\n\n<li>Hold oversikt over spilletiden og innsatsene du plasserer.<\/li>\n\n\n\n<li>Ta regelmessige pauser for \u00e5 holde deg v\u00e5ken.<\/li>\n\n\n\n<li>Sett et budsjett f\u00f8r du begynner \u00e5 spille, og hold deg til det.<\/li>\n\n\n\n<li>Kos deg!<\/li>\n<\/ol>\n\n\n\n<p>Hvis du mistenker at du kan v\u00e6re i faresonen for \u00e5 utvikle en avhengighet, finnes det mange organisasjoner og nettsteder som kan hjelpe deg. Du kan ta en enkel selvtest her:<br><a href=\"https:\/\/www.begambleaware.org\/gambling-problems\/do-i-have-a-gambling-problem\" target=\"_blank\" rel=\"noopener\">https:\/\/www.begambleaware.org\/gambling-problems\/do-i-have-a-gambling-problem<\/a><\/p>\n\n\n\n<p><strong>4. V\u00e5re tjenester og verkt\u00f8y<\/strong><\/p>\n\n\n\n<p>snatchcasino.io tilbyr flere tjenester som kan hjelpe deg hvis du f\u00f8ler at spillingen din er i fare for \u00e5 bli problematisk.<\/p>\n\n\n\n<p>Vi har iverksatt tiltak for \u00e5 sikre at medlemmene v\u00e5re kan spille i et trygt milj\u00f8. Kontoen din er utformet slik at du kan ha det g\u00f8y p\u00e5 en trygg m\u00e5te.<\/p>\n\n\n\n<p>N\u00e5r man spiller om penger, er det alltid usikkerhet rundt utfallet. For eksempel, selv om en mynt har landet p\u00e5 kron ti ganger p\u00e5 rad, er sannsynligheten for at en mynt lander p\u00e5 kron fortsatt 50 % ved neste kast.<\/p>\n\n\n\n<p>For \u00e5 gj\u00f8re spillopplevelsen din b\u00e5de tryggere og morsommere, kan du bruke diverse restriksjoner. For \u00e5 aktivere disse, kontakt oss via live chat eller p\u00e5 support@snatchcasino.io. Vi anbefaler p\u00e5 det sterkeste at du vurderer disse alternativene.<\/p>\n\n\n\n<p><strong>5. Spor spillingen din<\/strong><\/p>\n\n\n\n<p>Kontoen din inneholder en komplett historikk over alle spillene dine, noe som gj\u00f8r det enkelt \u00e5 se hvor mye tid og penger du bruker, og om spillingen din gj\u00f8res ansvarlig.<\/p>\n\n\n\n<p><strong>6. Kontakt kundeservicen v\u00e5r<\/strong><\/p>\n\n\n\n<p>Alle v\u00e5re kundeservicemedarbeidere er oppl\u00e6rt i samfunnsansvar og er klar over risikoen ved spilleavhengighet. Hvis du mistenker at du har et problem, kan de veilede deg om hvilke tiltak du kan iverksette p\u00e5 snatchcasino.io, samt henvise deg til spesialiserte organisasjoner. Du kan n\u00e5 kundeservice via support@snatchcasino.io.<\/p>\n\n\n\n<p><strong>7. Selvutkobling<\/strong><\/p>\n\n\n\n<p>Hvis du f\u00f8ler at du er i ferd med \u00e5 utvikle en spilleavhengighet, b\u00f8r du vurdere \u00e5 ekskludere deg selv permanent fra all gambling. Hvis du bestemmer deg for \u00e5 slutte \u00e5 spille p\u00e5 snatchcasino.io, kan du permanent blokkere kontoen din ved \u00e5 kontakte kundeservice p\u00e5 support@snatchcasino.io.<\/p>\n\n\n\n<p>Hvis du i stedet \u00f8nsker \u00e5 reservere deg mot dette i en bestemt periode, kan du ogs\u00e5 avtale dette ved \u00e5 kontakte oss via samme e-postadresse.<\/p>\n<\/div>\n<\/div>\n","protected":false},"excerpt":{"rendered":"<p>POLICY FOR ANSVARLIG SPILLING Hvordan vi jobber med ansvarlig spilling Gambling p\u00e5 nettkasino b\u00f8r alltid sees p\u00e5 som underholdning. Det [&hellip;]<\/p>\n","protected":false},"author":7,"featured_media":0,"parent":0,"menu_order":0,"comment_status":"closed","ping_status":"closed","template":"","meta":{"_eb_attr":"","site-sidebar-layout":"default","site-content-layout":"","ast-site-content-layout":"default","site-content-style":"default","site-sidebar-style":"default","ast-global-header-display":"","ast-banner-title-visibility":"","ast-main-header-display":"","ast-hfb-above-header-display":"","ast-hfb-below-header-display":"","ast-hfb-mobile-header-display":"","site-post-title":"disabled","ast-breadcrumbs-content":"","ast-featured-img":"","footer-sml-layout":"","ast-disable-related-posts":"","theme-transparent-header-meta":"","adv-header-id-meta":"","stick-header-meta":"","header-above-stick-meta":"","header-main-stick-meta":"","header-below-stick-meta":"","astra-migrate-meta-layouts":"default","ast-page-background-enabled":"default","ast-page-background-meta":{"desktop":{"background-color":"var(--ast-global-color-5)","background-image":"","background-repeat":"repeat","background-position":"center center","background-size":"auto","background-attachment":"scroll","background-type":"","background-media":"","overlay-type":"","overlay-color":"","overlay-opacity":"","overlay-gradient":""},"tablet":{"background-color":"","background-image":"","background-repeat":"repeat","background-position":"center center","background-size":"auto","background-attachment":"scroll","background-type":"","background-media":"","overlay-type":"","overlay-color":"","overlay-opacity":"","overlay-gradient":""},"mobile":{"background-color":"","background-image":"","background-repeat":"repeat","background-position":"center center","background-size":"auto","background-attachment":"scroll","background-type":"","background-media":"","overlay-type":"","overlay-color":"","overlay-opacity":"","overlay-gradient":""}},"ast-content-background-meta":{"desktop":{"background-color":"var(--ast-global-color-4)","background-image":"","background-repeat":"repeat","background-position":"center center","background-size":"auto","background-attachment":"scroll","background-type":"","background-media":"","overlay-type":"","overlay-color":"","overlay-opacity":"","overlay-gradient":""},"tablet":{"background-color":"var(--ast-global-color-4)","background-image":"","background-repeat":"repeat","background-position":"center center","background-size":"auto","background-attachment":"scroll","background-type":"","background-media":"","overlay-type":"","overlay-color":"","overlay-opacity":"","overlay-gradient":""},"mobile":{"background-color":"var(--ast-global-color-4)","background-image":"","background-repeat":"repeat","background-position":"center center","background-size":"auto","background-attachment":"scroll","background-type":"","background-media":"","overlay-type":"","overlay-color":"","overlay-opacity":"","overlay-gradient":""}},"footnotes":""},"class_list":["post-313","page","type-page","status-publish","hentry"],"_links":{"self":[{"href":"https:\/\/snatchcasino-se.com\/no\/wp-json\/wp\/v2\/pages\/313","targetHints":{"allow":["GET"]}}],"collection":[{"href":"https:\/\/snatchcasino-se.com\/no\/wp-json\/wp\/v2\/pages"}],"about":[{"href":"https:\/\/snatchcasino-se.com\/no\/wp-json\/wp\/v2\/types\/page"}],"author":[{"embeddable":true,"href":"https:\/\/snatchcasino-se.com\/no\/wp-json\/wp\/v2\/users\/7"}],"replies":[{"embeddable":true,"href":"https:\/\/snatchcasino-se.com\/no\/wp-json\/wp\/v2\/comments?post=313"}],"version-history":[{"count":1,"href":"https:\/\/snatchcasino-se.com\/no\/wp-json\/wp\/v2\/pages\/313\/revisions"}],"predecessor-version":[{"id":397,"href":"https:\/\/snatchcasino-se.com\/no\/wp-json\/wp\/v2\/pages\/313\/revisions\/397"}],"wp:attachment":[{"href":"https:\/\/snatchcasino-se.com\/no\/wp-json\/wp\/v2\/media?parent=313"}],"curies":[{"name":"wp","href":"https:\/\/api.w.org\/{rel}","templated":true}]}}