{"id":308,"date":"2025-09-10T05:15:10","date_gmt":"2025-09-10T05:15:10","guid":{"rendered":"https:\/\/snatchcasino-se.com\/?page_id=308"},"modified":"2026-02-19T13:01:51","modified_gmt":"2026-02-19T13:01:51","slug":"risoluzione-delle-controversie","status":"publish","type":"page","link":"https:\/\/snatchcasino-se.com\/it\/risoluzione-delle-controversie\/","title":{"rendered":"RISOLUZIONE DELLE CONTROVERSIE"},"content":{"rendered":"\n<div class=\"wp-block-columns alignwide has-ast-global-color-7-color has-text-color has-link-color wp-elements-e1c7fc1de6ec6ffb56aad26a85d70d74 is-layout-flex wp-container-core-columns-is-layout-28f84493 wp-block-columns-is-layout-flex\">\n<div class=\"wp-block-column is-layout-flow wp-block-column-is-layout-flow\">\n<h2 class=\"wp-block-heading has-ast-global-color-7-color has-text-color has-link-color wp-elements-96da49f750abbc3bc4a4738f14f307a9\">POLITICA DI RISOLUZIONE DELLE CONTROVERSIE<\/h2>\n\n\n\n<p><strong>1. Reclami<\/strong><\/p>\n\n\n\n<p>Il giocatore pu\u00f2 contattare il nostro servizio clienti per presentare reclami riguardanti i nostri servizi.<\/p>\n\n\n\n<p><strong>1.1. <\/strong>I giocatori hanno il diritto di contattare il nostro servizio clienti secondo le istruzioni fornite sul sito web per presentare reclami riguardanti i nostri servizi.<\/p>\n\n\n\n<p><strong>1.2. <\/strong>I reclami vengono gestiti dal reparto di supporto e inoltrati all&#8217;organizzazione qualora il caso non possa essere risolto direttamente dal personale di supporto. I giocatori devono essere informati dello stato del loro caso a un livello ragionevole.<\/p>\n\n\n\n<p><strong>1.3. <\/strong>Se la controversia non pu\u00f2 essere risolta a livello di gestione del casin\u00f2, i giocatori possono rivolgersi a un organismo indipendente, all&#8217;autorit\u00e0 di gioco o all&#8217;autorit\u00e0 di vigilanza sulle licenze specificata sul sito web.<\/p>\n\n\n\n<p><strong>1.4. <\/strong>In caso di controversia, il giocatore accetta che i registri e le registrazioni del server costituiscano l&#8217;autorit\u00e0 finale per determinare l&#8217;esito di un reclamo. Il giocatore accetta che, in caso di discrepanza tra il risultato visualizzato sullo schermo e quello registrato sul server di gioco, prevarr\u00e0 il risultato registrato sul server. Il giocatore riconosce e accetta che i nostri registri saranno definitivi per quanto riguarda i termini, le circostanze e i risultati della partecipazione alla relativa attivit\u00e0 di gioco online.<\/p>\n\n\n\n<p><strong>1.5. <\/strong>Se dovessimo contattare il giocatore in relazione a una controversia, ci\u00f2 avverr\u00e0 tramite i dati di contatto che il giocatore ha fornito nel suo account.<\/p>\n\n\n\n<p>Per maggiori informazioni sull&#8217;ente regolatore, i giocatori possono visitare: <a href=\"https:\/\/curacao-egaming.com\" target=\"_blank\" rel=\"noopener\">curacao-egaming.com <\/a>.<\/p>\n\n\n\n<p><strong>2. Arbitrato<\/strong><\/p>\n\n\n\n<p>I nostri Termini e Condizioni Generali sono regolati dalle leggi di Cura\u00e7ao. Le parti concordano che qualsiasi controversia, controversia o reclamo derivante da o in connessione con i presenti Termini e Condizioni, inclusa la violazione, la risoluzione o l&#8217;invalidit\u00e0 del Contratto, sar\u00e0 sottoposto alla giurisdizione esclusiva di Cura\u00e7ao.<\/p>\n<\/div>\n<\/div>\n","protected":false},"excerpt":{"rendered":"<p>POLITICA DI RISOLUZIONE DELLE CONTROVERSIE 1. Reclami Il giocatore pu\u00f2 contattare il nostro servizio clienti per presentare reclami riguardanti i [&hellip;]<\/p>\n","protected":false},"author":7,"featured_media":0,"parent":0,"menu_order":0,"comment_status":"closed","ping_status":"closed","template":"","meta":{"_eb_attr":"","site-sidebar-layout":"default","site-content-layout":"","ast-site-content-layout":"default","site-content-style":"default","site-sidebar-style":"default","ast-global-header-display":"","ast-banner-title-visibility":"","ast-main-header-display":"","ast-hfb-above-header-display":"","ast-hfb-below-header-display":"","ast-hfb-mobile-header-display":"","site-post-title":"disabled","ast-breadcrumbs-content":"","ast-featured-img":"","footer-sml-layout":"","ast-disable-related-posts":"","theme-transparent-header-meta":"","adv-header-id-meta":"","stick-header-meta":"","header-above-stick-meta":"","header-main-stick-meta":"","header-below-stick-meta":"","astra-migrate-meta-layouts":"default","ast-page-background-enabled":"default","ast-page-background-meta":{"desktop":{"background-color":"var(--ast-global-color-5)","background-image":"","background-repeat":"repeat","background-position":"center center","background-size":"auto","background-attachment":"scroll","background-type":"","background-media":"","overlay-type":"","overlay-color":"","overlay-opacity":"","overlay-gradient":""},"tablet":{"background-color":"","background-image":"","background-repeat":"repeat","background-position":"center center","background-size":"auto","background-attachment":"scroll","background-type":"","background-media":"","overlay-type":"","overlay-color":"","overlay-opacity":"","overlay-gradient":""},"mobile":{"background-color":"","background-image":"","background-repeat":"repeat","background-position":"center center","background-size":"auto","background-attachment":"scroll","background-type":"","background-media":"","overlay-type":"","overlay-color":"","overlay-opacity":"","overlay-gradient":""}},"ast-content-background-meta":{"desktop":{"background-color":"var(--ast-global-color-4)","background-image":"","background-repeat":"repeat","background-position":"center center","background-size":"auto","background-attachment":"scroll","background-type":"","background-media":"","overlay-type":"","overlay-color":"","overlay-opacity":"","overlay-gradient":""},"tablet":{"background-color":"var(--ast-global-color-4)","background-image":"","background-repeat":"repeat","background-position":"center center","background-size":"auto","background-attachment":"scroll","background-type":"","background-media":"","overlay-type":"","overlay-color":"","overlay-opacity":"","overlay-gradient":""},"mobile":{"background-color":"var(--ast-global-color-4)","background-image":"","background-repeat":"repeat","background-position":"center center","background-size":"auto","background-attachment":"scroll","background-type":"","background-media":"","overlay-type":"","overlay-color":"","overlay-opacity":"","overlay-gradient":""}},"footnotes":""},"class_list":["post-308","page","type-page","status-publish","hentry"],"_links":{"self":[{"href":"https:\/\/snatchcasino-se.com\/it\/wp-json\/wp\/v2\/pages\/308","targetHints":{"allow":["GET"]}}],"collection":[{"href":"https:\/\/snatchcasino-se.com\/it\/wp-json\/wp\/v2\/pages"}],"about":[{"href":"https:\/\/snatchcasino-se.com\/it\/wp-json\/wp\/v2\/types\/page"}],"author":[{"embeddable":true,"href":"https:\/\/snatchcasino-se.com\/it\/wp-json\/wp\/v2\/users\/7"}],"replies":[{"embeddable":true,"href":"https:\/\/snatchcasino-se.com\/it\/wp-json\/wp\/v2\/comments?post=308"}],"version-history":[{"count":1,"href":"https:\/\/snatchcasino-se.com\/it\/wp-json\/wp\/v2\/pages\/308\/revisions"}],"predecessor-version":[{"id":392,"href":"https:\/\/snatchcasino-se.com\/it\/wp-json\/wp\/v2\/pages\/308\/revisions\/392"}],"wp:attachment":[{"href":"https:\/\/snatchcasino-se.com\/it\/wp-json\/wp\/v2\/media?parent=308"}],"curies":[{"name":"wp","href":"https:\/\/api.w.org\/{rel}","templated":true}]}}