{"id":307,"date":"2025-09-10T05:10:11","date_gmt":"2025-09-10T05:10:11","guid":{"rendered":"https:\/\/snatchcasino-se.com\/?page_id=307"},"modified":"2026-02-19T13:01:51","modified_gmt":"2026-02-19T13:01:51","slug":"politica-sulla-riservatezza","status":"publish","type":"page","link":"https:\/\/snatchcasino-se.com\/it\/politica-sulla-riservatezza\/","title":{"rendered":"POLITICA SULLA RISERVATEZZA"},"content":{"rendered":"\n<div class=\"wp-block-columns alignwide has-ast-global-color-7-color has-text-color has-link-color wp-elements-b02dc4d9c92136e47bd9316104422b06 is-layout-flex wp-container-core-columns-is-layout-28f84493 wp-block-columns-is-layout-flex\">\n<div class=\"wp-block-column is-layout-flow wp-block-column-is-layout-flow\">\n<h2 class=\"wp-block-heading has-ast-global-color-7-color has-text-color has-link-color wp-elements-21c137e46d27ea2311b5d3a1efe68eba\">POLITICA SULLA RISERVATEZZA<\/h2>\n\n\n\n<p><strong>1. Introduzione<\/strong><\/p>\n\n\n\n<p><strong>1.1 <\/strong>La presente informativa sulla privacy \u00e8 stata aggiornata l&#8217;ultima volta il 01\/05\/2024 e descrive il trattamento dei dati personali effettuato da snatchcasino.io. Vogliamo che le informazioni siano semplici e chiare, anche quando si tratta di spiegare quali dati raccogliamo e come e perch\u00e9 li utilizziamo.<\/p>\n\n\n\n<p><strong>1.2. <\/strong>La presente informativa spiega come utilizziamo i tuoi dati personali, sia che tu stia semplicemente visitando il sito web, effettuando un deposito o giocando a uno dei nostri giochi. Fornisce inoltre informazioni sui tuoi diritti in materia di protezione dei dati, sulle situazioni in cui condividiamo o raccogliamo informazioni su di te e su come personalizziamo il marketing. Ti preghiamo di leggere attentamente tutte le sezioni.<\/p>\n\n\n\n<p><strong>1.3. <\/strong>Se apportiamo modifiche sostanziali alla presente politica, ti informeremo.<\/p>\n\n\n\n<p><strong>1.4. <\/strong>Tutti i nostri dipendenti seguono regolarmente corsi di formazione sulla sicurezza delle informazioni e sono tenuti a rispettare la riservatezza, le procedure e i processi interni durante la gestione dei dati.<\/p>\n\n\n\n<p><strong>1.5. <\/strong>In caso di domande o dubbi sulla protezione dei dati, puoi contattare il nostro responsabile della protezione dei dati all&#8217;indirizzo <strong>compliance@snatchcasino.io <\/strong>.<\/p>\n\n\n\n<p><strong>2. La nostra promessa sulla privacy<\/strong><\/p>\n\n\n\n<p><strong>2.1. <\/strong>snatchcasino.io protegge e rispetta la privacy di ogni cliente. La tua privacy \u00e8 importante sia per te che per noi, e ti promettiamo quanto segue:<\/p>\n\n\n\n<p><strong>2.2. <\/strong>Proteggiamo la tua privacy e utilizziamo i tuoi dati personali per rendere la tua esperienza pi\u00f9 semplice e migliore. Manteniamo le tue informazioni al sicuro, siamo trasparenti sul motivo per cui le raccogliamo e su come vengono utilizzate, e spieghiamo e rispettiamo le tue scelte e i tuoi diritti.<\/p>\n\n\n\n<p><strong>2.3. <\/strong>Per effettuare un prelievo, il giocatore deve scommettere gli importi depositati almeno una (1) volta prima del prelievo, in conformit\u00e0 con le misure antiriciclaggio.<\/p>\n\n\n\n<p><strong>2.4. <\/strong>La Societ\u00e0 pu\u00f2 utilizzare metodi aggiuntivi per verificare l&#8217;identit\u00e0 del cliente (KYC) in relazione ai depositi. Ci\u00f2 pu\u00f2 includere, a titolo esemplificativo ma non esaustivo, un selfie con un documento d&#8217;identit\u00e0. Per verificare un conto, sono richiesti documenti (documenti d&#8217;identit\u00e0, documenti di pagamento, fatture, ecc.) in alfabeto latino o cirillico. Se ci\u00f2 non fosse possibile, potremmo richiedere una verifica video in cui il giocatore mostra i propri documenti.<\/p>\n\n\n\n<p><strong>2.5. <\/strong>Potremmo chiamare il numero di telefono registrato sull&#8217;account come parte della verifica KYC. Nessun pagamento verr\u00e0 effettuato fino a quando l&#8217;account non sar\u00e0 completamente verificato.<\/p>\n\n\n\n<p><strong>3. Quali dati personali vengono raccolti e quando<\/strong><\/p>\n\n\n\n<p><strong>3.1. Al momento della registrazione di un account:<\/strong><br><strong>3.1.1. <\/strong>Informazioni personali quali nome, indirizzo e-mail, indirizzo postale, numero di telefono\/cellulare, sesso o data di nascita.<br><strong>3.1.2. <\/strong>Documento d&#8217;identit\u00e0 con foto e prova di indirizzo (per la due diligence del cliente).<br><strong>3.1.3. <\/strong>Dati bancari e di pagamento (ad esempio per valutare l&#8217;origine dei fondi).<br><strong>3.1.4. <\/strong>Dettagli di accesso quali nome utente e password.<\/p>\n\n\n\n<p><strong>3.2. Attraverso l&#8217;utilizzo dei nostri servizi:<\/strong><br><strong>3.2.1. <\/strong>Informazioni su come interagisci con i nostri prodotti.<br><strong>3.2.2. <\/strong>Dati sul tuo comportamento sul sito web: consulta la nostra politica sui cookie per i dettagli.<br><strong>3.2.3. <\/strong>Dati del dispositivo (modello, sistema operativo, indirizzo IP, browser, identificativo del cellulare).<br><strong>3.2.4. <\/strong>Registrazione delle telefonate: potremmo monitorare o registrare le chiamate per seguire le istruzioni, gestire le richieste, rispettare i requisiti normativi, migliorare il servizio e la formazione e rilevare o prevenire le frodi.<br><strong>3.2.5. <\/strong>Dati che condividi volontariamente con noi o che hai reso pubblici, ad esempio tramite i social media.<\/p>\n\n\n\n<p><strong>3.3 Categorie speciali di dati<\/strong><br><strong>3.3.1. <\/strong>I dati personali possono includere le cosiddette &#8220;categorie speciali&#8221;, ad esempio informazioni relative alla salute collegate al gioco d&#8217;azzardo responsabile (vedere la sezione &#8220;Perch\u00e9 raccogliamo i tuoi dati personali e su quale base&#8221;).<br><strong>3.3.2. <\/strong>Disponiamo di ulteriori garanzie per i dati sensibili e la loro riservatezza (vedere la sezione &#8220;Sicurezza e riservatezza &#8220;).<\/p>\n\n\n\n<p><strong>4. Perch\u00e9 raccogliamo i tuoi dati personali e su quale base?<\/strong><\/p>\n\n\n\n<p><strong>4.1. <\/strong>Comprendiamo la fiducia che riponete in noi. La raccolta dei dati \u00e8 necessaria per fornirvi i servizi e i prodotti che desiderate utilizzare, per migliorare e personalizzare la vostra esperienza e per contattarvi con informazioni importanti. In alcuni casi, la raccolta e l&#8217;utilizzo sono richiesti dalla legge. Dobbiamo inoltre fornire una base giuridica per ogni trattamento.<\/p>\n\n\n\n<p><strong>4.2. Contratto \u2013 laddove il trattamento sia necessario per l&#8217;esecuzione del nostro contratto con te. <\/strong>I nostri Termini e Condizioni definiscono i servizi che forniamo:<br><strong>4.2.1. <\/strong>Per rendere disponibili i nostri servizi: per fornire giochi, informazioni e gestire le richieste; per amministrare i servizi (ad esempio, promemoria per la password, notifiche operative, aggiornamenti all&#8217;informativa sulla privacy\/cookie o ai termini, promemoria per l&#8217;account inattivo prima della chiusura); e per elaborare le transazioni.<\/p>\n\n\n\n<p><strong>4.3. Interesse legittimo \u2013 quando il trattamento \u00e8 necessario per le finalit\u00e0 di seguito indicate e i tuoi interessi\/diritti non prevalgono su di esse. <\/strong>Teniamo conto di ci\u00f2 di cui sei stato informato, delle tue aspettative, della natura dei dati e dell&#8217;impatto su di te.<\/p>\n\n\n\n<p><strong>4.3.1. Personalizzazione : <\/strong>per fornire servizi pi\u00f9 pertinenti e personalizzati (ad esempio, consigli basati sulla cronologia di gioco). Se hai effettuato l&#8217;accesso o ti sei iscritto alle newsletter di marketing, potresti ricevere un&#8217;esperienza personalizzata. Puoi annullare l&#8217;iscrizione o richiedere la depersonalizzazione tramite il Servizio Clienti o il Responsabile della Protezione dei Dati.<\/p>\n\n\n\n<p><strong>4.3.2. Miglioramento di servizi e prodotti: <\/strong>fornire l&#8217;esperienza pi\u00f9 intuitiva possibile; analisi e ricerca; test di nuovi sistemi e aggiornamenti; valutazione del marketing; modellazione, statistiche e analisi delle tendenze per sviluppare e migliorare l&#8217;offerta.<\/p>\n\n\n\n<p><strong>4.3.3. Contatto e interazione: <\/strong>contattarti tramite telefono, e-mail, posta o social media; gestire promozioni\/concorsi; invitarti a partecipare a sondaggi e ricerche di mercato (volontario); rispondere a domande e reclami.<\/p>\n\n\n\n<p><strong>4.3.4. Sicurezza ed esperienza di gioco: <\/strong>prevenire e rilevare l&#8217;uso di software non autorizzato; prevenire violazioni dei termini; eseguire controlli di accessibilit\u00e0 per garantire che tu disponga di fondi sufficienti.<\/p>\n\n\n\n<p><strong>4.4. Categorie speciali di dati<\/strong><br><strong>4.4.1. <\/strong>Elaboriamo tali dati solo se: hai fornito il tuo consenso esplicito; i dati sono stati resi pubblici da te; \u00e8 necessario per rivendicazioni legali; o per motivi impellenti di interesse pubblico ai sensi del diritto UE\/nazionale.<\/p>\n\n\n\n<p><strong>5. Quando condividiamo i tuoi dati personali?<\/strong><\/p>\n\n\n\n<p><strong>5.1. <\/strong>Di norma, non condividiamo le tue informazioni con terze parti esterne al nostro gruppo aziendale per finalit\u00e0 di marketing. Tuttavia, potremmo condividere informazioni con altre aziende, fornitori che agiscono per nostro conto o altre parti per ottemperare agli obblighi di legge. Ad esempio, in caso di fusione o vendita, potrebbero essere incluse informazioni sui clienti: ti informeremo prima di tale trasferimento. Anche se condivise, le informazioni saranno utilizzate solo in conformit\u00e0 con la presente informativa.<\/p>\n\n\n\n<p><strong>5.2. <\/strong>Potremmo condividere i dati personali:<br><strong>5.2.1. <\/strong>su richiesta di un&#8217;autorit\u00e0 di regolamentazione o come richiesto dalla legge;<br><strong>5.2.2. <\/strong>incaricando un istituto finanziario di fornire informazioni a un ente di regolamentazione;<br><strong>5.2.3. <\/strong>per stabilire, esercitare o difendere rivendicazioni legali;<br><strong>5.2.4. <\/strong>a terze parti per verifiche, controlli di valore e rilevamento di frodi;<br><strong>5.2.5. <\/strong>a fornitori di servizi per tecnologia, archiviazione\/aggregazione di dati, pagamenti e pubblicit\u00e0 pertinente;<br><strong>5.2.6. <\/strong>a revisori esterni per controlli indipendenti;<br><strong>5.2.7. <\/strong>ad acquirenti\/cessionari in caso di vendita o trasferimento di attivit\u00e0\/diritti;<br><strong>5.2.8. <\/strong>a successori a titolo; o<br><strong>5.2.9. <\/strong>all&#8217;ente di regolamentazione competente in materia di autoesclusione.<\/p>\n\n\n\n<p><strong>6. Per quanto tempo snatchcasino.io conserva i miei dati?<\/strong><\/p>\n\n\n\n<p><strong>6.1. <\/strong>Conserviamo i dati solo per il tempo necessario agli scopi per i quali sono stati raccolti.<\/p>\n\n\n\n<p><strong>6.2. <\/strong>Finch\u00e9 sei un cliente, i dati vengono conservati per soddisfare i requisiti legali e contrattuali. Dopo che hai smesso di utilizzare i nostri servizi, conserviamo determinati dati per un periodo di tempo specifico per:<br><strong>6.2.1. <\/strong>ottemperare alla normativa UE\/locale (ad esempio, AML, requisiti di licenza);<br><strong>6.2.2. <\/strong>gestire o difendere azioni legali;<br><strong>6.2.3. <\/strong>adempiere agli obblighi e ai diritti contrattuali;<br><strong>6.2.4. <\/strong>soddisfare interessi legittimi previo bilanciamento degli interessi;<br><strong>6.2.5. <\/strong>ottemperare alle linee guida delle autorit\u00e0 competenti per la protezione dei dati.<\/p>\n\n\n\n<p><strong>7. I tuoi diritti e le tue scelte<\/strong><\/p>\n\n\n\n<p><strong>7.1. <\/strong>Per legge, hai una serie di diritti in merito ai tuoi dati personali. Per esercitarli, contatta il nostro Responsabile della Protezione dei Dati all&#8217;indirizzo <strong>compliance@snatchcasino.io <\/strong>. Puoi richiedere l&#8217;accesso, la rettifica, la cancellazione, opporti al trattamento, revocare il consenso e ottenere la portabilit\u00e0 dei dati. Puoi anche presentare un reclamo all&#8217;autorit\u00e0 per la protezione dei dati. Hai anche diritti in merito al processo decisionale automatizzato e alla profilazione.<\/p>\n\n\n\n<p><strong>7.2. <\/strong>Le informazioni che ti chiediamo durante la registrazione sono obbligatorie (salvo diversa indicazione). Se non le fornisci, non potrai utilizzare i nostri servizi.<\/p>\n\n\n\n<p><strong>7.3. Diritto di accesso e rettifica. <\/strong>Puoi richiedere una copia delle informazioni che conserviamo su di te, nonch\u00e9 la correzione o la cancellazione di informazioni inesatte o obsolete, gratuitamente, tramite il DPO o il Servizio Clienti all&#8217;indirizzo <strong>compliance@snatchcasino.io <\/strong>.<\/p>\n\n\n\n<p><strong>7.4. Diritto alla cancellazione. <\/strong>In alcuni casi, puoi richiedere la cancellazione dei tuoi dati, ad esempio quando:<br><strong>7.4.1. <\/strong>i dati non sono pi\u00f9 necessari per le finalit\u00e0;<br><strong>7.4.2. <\/strong>revochi il consenso e non sussiste altra base giuridica;<br><strong>7.4.3. <\/strong>li trattiamo sulla base di un interesse legittimo e questo non prevale pi\u00f9;<br><strong>7.4.4. <\/strong>non sussiste alcuna base giuridica;<br><strong>7.4.5. <\/strong>la cancellazione \u00e8 richiesta dalla legge. (Si prega di notare i periodi di conservazione obbligatori previsti dalla legge UE\/locale).<\/p>\n\n\n\n<p><strong>7.5 Diritto di limitazione del trattamento. <\/strong>Puoi richiederci di limitare il trattamento quando:<br><strong>7.5.1. <\/strong>contesti l&#8217;esattezza dei dati (sotto il nostro controllo),<br><strong>7.5.2. <\/strong>il trattamento \u00e8 illecito e ti opponi alla cancellazione,<br><strong>7.5.3. <\/strong>non abbiamo pi\u00f9 bisogno dei dati ma tu ne hai bisogno per rivendicazioni legali,<br><strong>7.5.4. <\/strong>ti opponi al trattamento basato su un interesse legittimo (sotto il nostro controllo).<\/p>\n\n\n\n<p><strong>7.6. Diritto alla portabilit\u00e0 dei dati. <\/strong>Puoi ricevere le informazioni che hai fornito in un formato comune e leggibile da dispositivo automatico quando il trattamento si basa sul consenso o sull&#8217;accordo ed \u00e8 effettuato con mezzi automatizzati.<\/p>\n\n\n\n<p><strong>7.7. Diritto di opposizione. <\/strong>Puoi opporti al trattamento basato sul nostro legittimo interesse (inclusa la profilazione) o per ricerche\/statistiche. Puoi sempre opporti al marketing diretto (inclusa la profilazione).<\/p>\n\n\n\n<p><strong>7.8. Diritto di revoca del consenso. <\/strong>Laddove ci basiamo sul tuo consenso (ad esempio per finalit\u00e0 di marketing), puoi revocarlo in qualsiasi momento. Utilizza l&#8217;opzione &#8220;annulla iscrizione&#8221; nelle nostre comunicazioni o contatta il DPO all&#8217;indirizzo <strong>compliance@snatchcasino.io <\/strong>.<\/p>\n\n\n\n<p><strong>7.9. Decisioni automatizzate, inclusa la profilazione. <\/strong>Potremmo utilizzare decisioni automatizzate per garantire rapidit\u00e0 e coerenza, il che potrebbe influire sui prodotti\/servizi offerti o sulla tua capacit\u00e0 di utilizzarli. Esempi:<br><strong>7.9.1. <\/strong>personalizzazione di prodotti\/servizi tramite segmentazione,<br><strong>7.9.2. <\/strong>rilevamento di frodi e controlli AML (gli account potrebbero essere bloccati),<br><strong>7.9.3. <\/strong>controlli all&#8217;apertura di un conto (et\u00e0, residenza, nazionalit\u00e0, situazione finanziaria),<br><strong>7.9.4. <\/strong>valutazione del rischio legato al gioco d&#8217;azzardo.<br>Hai il diritto di non essere soggetto a decisioni basate esclusivamente su un trattamento automatizzato e aventi effetti legali o simili significativi, salvo quando necessario per un contratto, consentito dalla legge o basato sul tuo esplicito consenso. Le richieste ai sensi della presente sezione devono essere inviate a <strong>compliance@snatchcasino.io <\/strong>. Risponderemo senza indebito ritardo ed entro un mese (prorogabile di un mese se necessario). In caso di rifiuto, forniremo una giustificazione. Se una richiesta non soddisfa i requisiti di legge, potremmo addebitare una commissione ragionevole o respingerla.<\/p>\n\n\n\n<p><strong>8. Sicurezza e riservatezza<\/strong><\/p>\n\n\n\n<p><strong>8.1. <\/strong>Proteggiamo le informazioni che ci affidate e le trattiamo in modo sicuro, in conformit\u00e0 con la presente informativa e con rigorosi standard di protezione dei dati. Disponiamo di procedure e tecnologie solide per prevenire accessi non autorizzati e usi impropri.<\/p>\n\n\n\n<p><strong>8.2. <\/strong>I nostri fornitori di servizi di pagamento crittografano i dati delle carte. Collaboriamo esclusivamente con i principali fornitori di servizi di pagamento.<\/p>\n\n\n\n<p><strong>8.3. <\/strong>I nostri sistemi e le nostre applicazioni vengono testati pi\u00f9 volte all&#8217;anno da esperti di sicurezza indipendenti. Un sistema di rilevamento delle intrusioni monitora tutto il traffico di rete 24 ore su 24, 7 giorni su 7.<\/p>\n\n\n\n<p><strong>8.4. <\/strong>Disponiamo di un reparto antifrode dedicato e di sistemi avanzati per rilevare e prevenire attivit\u00e0 sospette.<\/p>\n\n\n\n<p><strong>8.5. <\/strong>Gli account con attivit\u00e0 sospette saranno bloccati e sottoposti a verifica. Vi preghiamo di contattarci immediatamente in caso di dubbi, come transazioni sconosciute o variazioni impreviste del saldo.<\/p>\n\n\n\n<p><strong>8.6. <\/strong>snatchcasino.io utilizza la crittografia SSL per proteggere i dati in transito. Non raccogliamo, memorizziamo o trasmettiamo mai i dati della tua carta; i pagamenti vengono elaborati interamente tramite i server sicuri del gateway di pagamento .<\/p>\n\n\n\n<p><strong>9. Reclami<\/strong><\/p>\n\n\n\n<p><strong>9.1. <\/strong>Se desideri presentare un reclamo in merito al trattamento dei dati personali, contatta il nostro responsabile della protezione dei dati all&#8217;indirizzo <strong>compliance@snatchcasino.io <\/strong>.<\/p>\n\n\n\n<p><strong>9.2. <\/strong>Se non sei soddisfatto della nostra risposta o ritieni che stiamo elaborando i tuoi dati in violazione della legge, puoi contattare l&#8217;autorit\u00e0 nazionale per la protezione dei dati.<\/p>\n\n\n\n<p><strong>10. Modifiche all&#8217;Informativa sulla privacy<\/strong><\/p>\n\n\n\n<p><strong>10.1. <\/strong>L&#8217;Informativa potrebbe essere aggiornata per riflettere eventuali modifiche alle nostre attivit\u00e0 o normative. La data dell&#8217;ultimo aggiornamento \u00e8 visualizzata in questa pagina. Se non accetti le modifiche, ti preghiamo di astenerti dal fornire informazioni o utilizzare i Servizi. L&#8217;utilizzo continuato implica l&#8217;accettazione delle modifiche. Puoi eliminare il tuo account in qualsiasi momento. In caso di modifiche sostanziali (ad esempio, modifiche alle modalit\u00e0 di utilizzo delle informazioni), ti forniremo informazioni pi\u00f9 chiare, ad esempio via e-mail, e potrebbe esserti richiesto di accettare le modifiche per continuare a utilizzare i Servizi.<\/p>\n\n\n\n<p><strong>11. I tuoi impegni<\/strong><\/p>\n\n\n\n<p><strong>11.1. <\/strong>Utilizzando snatchcasino.io e fornendo informazioni personali, confermi di fornire informazioni accurate, aggiornate e complete come da noi richiesto e di informarci di eventuali modifiche in modo che le informazioni siano sempre aggiornate.<\/p>\n\n\n\n<p><strong>11.2. <\/strong>In caso di violazione di questa norma o qualora avessimo un ragionevole sospetto di informazioni errate\/incomplete o di altre violazioni della legge sulla protezione dei dati o della presente politica, potremmo rifiutare la registrazione o chiudere\/sospendere immediatamente il tuo account senza preavviso e senza diritto a un risarcimento.<\/p>\n<\/div>\n<\/div>\n","protected":false},"excerpt":{"rendered":"<p>POLITICA SULLA RISERVATEZZA 1. Introduzione 1.1 La presente informativa sulla privacy \u00e8 stata aggiornata l&#8217;ultima volta il 01\/05\/2024 e descrive [&hellip;]<\/p>\n","protected":false},"author":7,"featured_media":0,"parent":0,"menu_order":0,"comment_status":"closed","ping_status":"closed","template":"","meta":{"_eb_attr":"","site-sidebar-layout":"default","site-content-layout":"","ast-site-content-layout":"default","site-content-style":"default","site-sidebar-style":"default","ast-global-header-display":"","ast-banner-title-visibility":"","ast-main-header-display":"","ast-hfb-above-header-display":"","ast-hfb-below-header-display":"","ast-hfb-mobile-header-display":"","site-post-title":"disabled","ast-breadcrumbs-content":"","ast-featured-img":"","footer-sml-layout":"","ast-disable-related-posts":"","theme-transparent-header-meta":"","adv-header-id-meta":"","stick-header-meta":"","header-above-stick-meta":"","header-main-stick-meta":"","header-below-stick-meta":"","astra-migrate-meta-layouts":"default","ast-page-background-enabled":"default","ast-page-background-meta":{"desktop":{"background-color":"var(--ast-global-color-5)","background-image":"","background-repeat":"repeat","background-position":"center center","background-size":"auto","background-attachment":"scroll","background-type":"","background-media":"","overlay-type":"","overlay-color":"","overlay-opacity":"","overlay-gradient":""},"tablet":{"background-color":"","background-image":"","background-repeat":"repeat","background-position":"center center","background-size":"auto","background-attachment":"scroll","background-type":"","background-media":"","overlay-type":"","overlay-color":"","overlay-opacity":"","overlay-gradient":""},"mobile":{"background-color":"","background-image":"","background-repeat":"repeat","background-position":"center center","background-size":"auto","background-attachment":"scroll","background-type":"","background-media":"","overlay-type":"","overlay-color":"","overlay-opacity":"","overlay-gradient":""}},"ast-content-background-meta":{"desktop":{"background-color":"var(--ast-global-color-4)","background-image":"","background-repeat":"repeat","background-position":"center center","background-size":"auto","background-attachment":"scroll","background-type":"","background-media":"","overlay-type":"","overlay-color":"","overlay-opacity":"","overlay-gradient":""},"tablet":{"background-color":"var(--ast-global-color-4)","background-image":"","background-repeat":"repeat","background-position":"center center","background-size":"auto","background-attachment":"scroll","background-type":"","background-media":"","overlay-type":"","overlay-color":"","overlay-opacity":"","overlay-gradient":""},"mobile":{"background-color":"var(--ast-global-color-4)","background-image":"","background-repeat":"repeat","background-position":"center center","background-size":"auto","background-attachment":"scroll","background-type":"","background-media":"","overlay-type":"","overlay-color":"","overlay-opacity":"","overlay-gradient":""}},"footnotes":""},"class_list":["post-307","page","type-page","status-publish","hentry"],"_links":{"self":[{"href":"https:\/\/snatchcasino-se.com\/it\/wp-json\/wp\/v2\/pages\/307","targetHints":{"allow":["GET"]}}],"collection":[{"href":"https:\/\/snatchcasino-se.com\/it\/wp-json\/wp\/v2\/pages"}],"about":[{"href":"https:\/\/snatchcasino-se.com\/it\/wp-json\/wp\/v2\/types\/page"}],"author":[{"embeddable":true,"href":"https:\/\/snatchcasino-se.com\/it\/wp-json\/wp\/v2\/users\/7"}],"replies":[{"embeddable":true,"href":"https:\/\/snatchcasino-se.com\/it\/wp-json\/wp\/v2\/comments?post=307"}],"version-history":[{"count":1,"href":"https:\/\/snatchcasino-se.com\/it\/wp-json\/wp\/v2\/pages\/307\/revisions"}],"predecessor-version":[{"id":391,"href":"https:\/\/snatchcasino-se.com\/it\/wp-json\/wp\/v2\/pages\/307\/revisions\/391"}],"wp:attachment":[{"href":"https:\/\/snatchcasino-se.com\/it\/wp-json\/wp\/v2\/media?parent=307"}],"curies":[{"name":"wp","href":"https:\/\/api.w.org\/{rel}","templated":true}]}}