{"id":306,"date":"2025-09-10T05:08:38","date_gmt":"2025-09-10T05:08:38","guid":{"rendered":"https:\/\/snatchcasino-se.com\/?page_id=306"},"modified":"2026-02-19T13:01:51","modified_gmt":"2026-02-19T13:01:51","slug":"politica-sui-cookie","status":"publish","type":"page","link":"https:\/\/snatchcasino-se.com\/it\/politica-sui-cookie\/","title":{"rendered":"POLITICA SUI COOKIE"},"content":{"rendered":"\n<div class=\"wp-block-columns alignwide has-ast-global-color-7-color has-text-color has-link-color wp-elements-ff174d5043a45f6a07f9a4101b3e02d3 is-layout-flex wp-container-core-columns-is-layout-28f84493 wp-block-columns-is-layout-flex\">\n<div class=\"wp-block-column is-layout-flow wp-block-column-is-layout-flow\">\n<h2 class=\"wp-block-heading has-ast-global-color-7-color has-text-color has-link-color wp-elements-7bd97259572615b6a222b7d8bde1c2a3\">POLITICA SUI COOKIE<\/h2>\n\n\n\n<p>Questo documento descrive come utilizziamo i cookie su snatchcasino.io (il &#8220;Sito&#8221;). I termini &#8220;noi&#8221;, &#8220;ci&#8221; e &#8220;nostro&#8221; si riferiscono a snatchcasino.io, una persona giuridica registrata secondo le leggi di Cura\u00e7ao.<\/p>\n\n\n\n<p><strong>Che cosa \u00e8 un cookie?<\/strong><\/p>\n\n\n\n<p>Un cookie \u00e8 un piccolo file di testo che viene scaricato sul tuo dispositivo finale (ad esempio computer o smartphone) quando visiti il nostro sito web. Ci consente di riconoscere il tuo dispositivo e di salvare determinate informazioni sulle tue preferenze o azioni precedenti.<\/p>\n\n\n\n<p>I cookie vengono scaricati dal tuo browser la prima volta che visiti il Sito Web. Alla tua successiva visita dallo stesso dispositivo, il cookie e le informazioni memorizzate vengono rinviati al sito Web che lo ha creato (cookie di prima parte) o a un altro sito Web a cui il cookie appartiene (cookie di terze parti).<\/p>\n\n\n\n<p>Esistono due tipi principali di cookie: cookie di sessione e cookie persistenti. I cookie di sessione vengono eliminati alla chiusura del browser o dell&#8217;app mobile . I cookie persistenti rimangono sul dispositivo per un periodo di tempo predeterminato.<\/p>\n\n\n\n<p>Utilizziamo sia \u201ccookie di sessione\u201d, sia \u201ccookie persistenti\u201d e altre tecnologie simili (\u201ccookie\u201d).<\/p>\n\n\n\n<p><strong>Perch\u00e9 utilizziamo i cookie?<\/strong><\/p>\n\n\n\n<p><strong>Cookie strettamente necessari:<\/strong><\/p>\n\n\n\n<p>Per far funzionare il Sito Web e fornire agli utenti un&#8217;interfaccia utile (sulla base della necessit\u00e0 di fornire i nostri servizi). Il Sito Web non pu\u00f2 funzionare correttamente senza questi cookie. Non memorizzano informazioni personali identificabili e ci consentono, tra le altre cose, di:<\/p>\n\n\n\n<ul class=\"wp-block-list\">\n<li>garantire che le scommesse piazzate dal Titolare del Conto siano collegate alla sua schedina e al suo Conto, e<\/li>\n\n\n\n<li>garantire che il Titolare del Conto riceva i bonus a cui ha diritto.<\/li>\n<\/ul>\n\n\n\n<p><strong>Altri tipi di cookie:<\/strong><\/p>\n\n\n\n<ul class=\"wp-block-list\">\n<li>per analizzare le statistiche di utilizzo del Sito Web (dati aggregati senza identificazione personale del dispositivo) e condurre ricerche di mercato attraverso le nostre soluzioni, Google Analytics e\/o Facebook Pixel. Questi cookie ci aiutano a capire come i visitatori interagiscono con il Sito Web e a migliorarne le prestazioni;<\/li>\n\n\n\n<li>per personalizzare il contenuto del Sito Web;<\/li>\n\n\n\n<li>per visualizzare annunci pubblicitari personalizzati;<\/li>\n\n\n\n<li>per adattare il linguaggio del Sito Web alle tue esigenze.<\/li>\n<\/ul>\n\n\n\n<p>Si prega di notare che conserviamo le informazioni sui cookie fino a 6 mesi dopo l&#8217;ultima visita al Sito Web. Alcuni cookie potrebbero avere periodi di conservazione predefiniti, sui quali non possiamo intervenire. Per ulteriori informazioni sui periodi di conservazione, \u00e8 possibile consultare il Sito Web utilizzando servizi come <a href=\"https:\/\/cookiepedia.co.uk\/\" target=\"_blank\" rel=\"noopener\">https:\/\/cookiepedia.co.uk\/ <\/a>.<\/p>\n\n\n\n<p><strong>Gestione dei cookie<\/strong><\/p>\n\n\n\n<p>Potremmo installare cookie sul tuo dispositivo per impostazione predefinita se sono strettamente necessari per il funzionamento del Sito web. Per tutti gli altri tipi di cookie, abbiamo bisogno del tuo consenso.<\/p>\n\n\n\n<p>Salvo diversa scelta, memorizziamo ed elaboriamo solo i cookie necessari al funzionamento del Sito web. Se non desideri essere tracciato da altri tipi di cookie, puoi astenerti dal dare il consenso inizialmente o revocarlo in seguito.<\/p>\n\n\n\n<p>Puoi visualizzare le categorie specifiche dei cookie nel pop-up che appare alla tua prima visita al Sito Web. Facendo clic su &#8220;Consenti tutti i cookie&#8221;, acconsenti all&#8217;uso dei cookie per tutti gli scopi sopra elencati.<\/p>\n\n\n\n<p>Se rifiuti altri tipi di cookie, la tua esperienza sul Sito Web ne risentir\u00e0, poich\u00e9 non verr\u00e0 effettuata alcuna personalizzazione o riconoscimento del dispositivo nelle visite successive.<\/p>\n\n\n\n<p>Puoi modificare o revocare il tuo consenso in qualsiasi momento contattandoci. Il tuo browser ti consente anche di controllare e limitare i cookie sul tuo dispositivo.<\/p>\n\n\n\n<p>Si prega di notare che se si disattivano completamente tutti i cookie, o tutti i nostri cookie, nelle impostazioni del browser, alcune parti o funzionalit\u00e0 del Sito Web potrebbero smettere di funzionare. Si consiglia pertanto di utilizzare le impostazioni dei cookie del Sito Web anzich\u00e9 disattivare tutti i cookie nel browser.<\/p>\n<\/div>\n<\/div>\n","protected":false},"excerpt":{"rendered":"<p>POLITICA SUI COOKIE Questo documento descrive come utilizziamo i cookie su snatchcasino.io (il &#8220;Sito&#8221;). I termini &#8220;noi&#8221;, &#8220;ci&#8221; e &#8220;nostro&#8221; [&hellip;]<\/p>\n","protected":false},"author":7,"featured_media":0,"parent":0,"menu_order":0,"comment_status":"closed","ping_status":"closed","template":"","meta":{"_eb_attr":"","site-sidebar-layout":"default","site-content-layout":"","ast-site-content-layout":"default","site-content-style":"default","site-sidebar-style":"default","ast-global-header-display":"","ast-banner-title-visibility":"","ast-main-header-display":"","ast-hfb-above-header-display":"","ast-hfb-below-header-display":"","ast-hfb-mobile-header-display":"","site-post-title":"disabled","ast-breadcrumbs-content":"","ast-featured-img":"","footer-sml-layout":"","ast-disable-related-posts":"","theme-transparent-header-meta":"","adv-header-id-meta":"","stick-header-meta":"","header-above-stick-meta":"","header-main-stick-meta":"","header-below-stick-meta":"","astra-migrate-meta-layouts":"default","ast-page-background-enabled":"default","ast-page-background-meta":{"desktop":{"background-color":"var(--ast-global-color-5)","background-image":"","background-repeat":"repeat","background-position":"center center","background-size":"auto","background-attachment":"scroll","background-type":"","background-media":"","overlay-type":"","overlay-color":"","overlay-opacity":"","overlay-gradient":""},"tablet":{"background-color":"","background-image":"","background-repeat":"repeat","background-position":"center center","background-size":"auto","background-attachment":"scroll","background-type":"","background-media":"","overlay-type":"","overlay-color":"","overlay-opacity":"","overlay-gradient":""},"mobile":{"background-color":"","background-image":"","background-repeat":"repeat","background-position":"center center","background-size":"auto","background-attachment":"scroll","background-type":"","background-media":"","overlay-type":"","overlay-color":"","overlay-opacity":"","overlay-gradient":""}},"ast-content-background-meta":{"desktop":{"background-color":"var(--ast-global-color-4)","background-image":"","background-repeat":"repeat","background-position":"center center","background-size":"auto","background-attachment":"scroll","background-type":"","background-media":"","overlay-type":"","overlay-color":"","overlay-opacity":"","overlay-gradient":""},"tablet":{"background-color":"var(--ast-global-color-4)","background-image":"","background-repeat":"repeat","background-position":"center center","background-size":"auto","background-attachment":"scroll","background-type":"","background-media":"","overlay-type":"","overlay-color":"","overlay-opacity":"","overlay-gradient":""},"mobile":{"background-color":"var(--ast-global-color-4)","background-image":"","background-repeat":"repeat","background-position":"center center","background-size":"auto","background-attachment":"scroll","background-type":"","background-media":"","overlay-type":"","overlay-color":"","overlay-opacity":"","overlay-gradient":""}},"footnotes":""},"class_list":["post-306","page","type-page","status-publish","hentry"],"_links":{"self":[{"href":"https:\/\/snatchcasino-se.com\/it\/wp-json\/wp\/v2\/pages\/306","targetHints":{"allow":["GET"]}}],"collection":[{"href":"https:\/\/snatchcasino-se.com\/it\/wp-json\/wp\/v2\/pages"}],"about":[{"href":"https:\/\/snatchcasino-se.com\/it\/wp-json\/wp\/v2\/types\/page"}],"author":[{"embeddable":true,"href":"https:\/\/snatchcasino-se.com\/it\/wp-json\/wp\/v2\/users\/7"}],"replies":[{"embeddable":true,"href":"https:\/\/snatchcasino-se.com\/it\/wp-json\/wp\/v2\/comments?post=306"}],"version-history":[{"count":1,"href":"https:\/\/snatchcasino-se.com\/it\/wp-json\/wp\/v2\/pages\/306\/revisions"}],"predecessor-version":[{"id":390,"href":"https:\/\/snatchcasino-se.com\/it\/wp-json\/wp\/v2\/pages\/306\/revisions\/390"}],"wp:attachment":[{"href":"https:\/\/snatchcasino-se.com\/it\/wp-json\/wp\/v2\/media?parent=306"}],"curies":[{"name":"wp","href":"https:\/\/api.w.org\/{rel}","templated":true}]}}