{"id":304,"date":"2025-09-10T04:36:08","date_gmt":"2025-09-10T04:36:08","guid":{"rendered":"https:\/\/snatchcasino-se.com\/?page_id=304"},"modified":"2026-02-19T13:01:51","modified_gmt":"2026-02-19T13:01:51","slug":"politica-di-gioco-responsabile","status":"publish","type":"page","link":"https:\/\/snatchcasino-se.com\/it\/politica-di-gioco-responsabile\/","title":{"rendered":"POLITICA DI GIOCO RESPONSABILE"},"content":{"rendered":"\n<div class=\"wp-block-columns alignwide has-ast-global-color-7-color has-text-color has-link-color wp-elements-cee5f61ef5e1dbfb36e905ff78cb1bee is-layout-flex wp-container-core-columns-is-layout-28f84493 wp-block-columns-is-layout-flex\">\n<div class=\"wp-block-column is-layout-flow wp-block-column-is-layout-flow\">\n<h2 class=\"wp-block-heading has-ast-global-color-7-color has-text-color has-link-color wp-elements-59871ee1e8416afddf8d8910c7403c41\">POLITICA DI GIOCO RESPONSABILE<\/h2>\n\n\n\n<p><strong>Come lavoriamo con il gioco responsabile<\/strong><\/p>\n\n\n\n<p>Il gioco d&#8217;azzardo nei casin\u00f2 online dovrebbe sempre essere visto come un intrattenimento. Tuttavia, c&#8217;\u00e8 una certa percentuale di giocatori che perde il controllo del proprio gioco. Prima di iniziare a giocare, \u00e8 importante capire che il gioco d&#8217;azzardo non dovrebbe mai essere considerato una fonte di reddito o un modo per recuperare i debiti. \u00c8 saggio tenere traccia sia del tempo che del denaro spesi al casin\u00f2 quotidianamente.<\/p>\n\n\n\n<p>Se ti accorgi di spendere pi\u00f9 di quanto puoi permetterti o se il gioco d&#8217;azzardo interferisce con la tua routine quotidiana, ti consigliamo vivamente di intervenire. Questo potrebbe includere l&#8217;imposizione di limiti al gioco d&#8217;azzardo, l&#8217;autoesclusione e la ricerca di aiuto da parte di organizzazioni indipendenti. Puoi anche sottoporti a un test per la dipendenza dal gioco d&#8217;azzardo per verificare se stai manifestando segnali di un problema di gioco.<\/p>\n\n\n\n<p><strong>Punti chiave della politica<\/strong><\/p>\n\n\n\n<p><strong>1. Giocatori minorenni<\/strong><\/p>\n\n\n\n<p>La Societ\u00e0 non consente l&#8217;apertura di un conto a minori di 18 anni. I minorenni che tentano di registrarsi, o chiunque li assista in tale operazione, violano i nostri Termini e Condizioni.<\/p>\n\n\n\n<p>Misure che puoi adottare per proteggere i minori:<br>a. Non condividere mai i tuoi dati di accesso. b. Non abilitare la funzione &#8220;ricorda password&#8221; nella pagina di accesso. c. Non fornire dati di carte di credito o bancari a minori. d. Installa un software di controllo parentale o di filtraggio sui computer delle famiglie con minori di 18 anni. Esempi di tali software includono:<\/p>\n\n\n\n<ul class=\"wp-block-list\">\n<li>CyberPatrol<\/li>\n\n\n\n<li>GamBlock \u00ae<\/li>\n\n\n\n<li>Software in rovere massiccio<\/li>\n\n\n\n<li>Net Nanny<\/li>\n<\/ul>\n\n\n\n<p><strong>2. Problemi di gioco d&#8217;azzardo<\/strong><\/p>\n\n\n\n<p>Molte attivit\u00e0 possono diventare problematiche se non svolte con moderazione, ad esempio l&#8217;alcol, lo shopping o i videogiochi. Lo stesso vale per il gioco d&#8217;azzardo. I segnali di dipendenza possono essere difficili da individuare, sia in se stessi che negli altri, e non sempre sono legati al denaro. Il gioco d&#8217;azzardo pu\u00f2 talvolta essere il sintomo di un problema pi\u00f9 ampio.<\/p>\n\n\n\n<p>Per alcuni, il gioco d&#8217;azzardo pu\u00f2 diventare un modo per evadere dalla realt\u00e0 o evitare altre difficolt\u00e0. A volte la motivazione \u00e8 inconscia e il giocatore non si rende conto delle reali cause o conseguenze. In questi casi, \u00e8 disponibile un aiuto professionale.<\/p>\n\n\n\n<p>\u00c8 fondamentale individuare tempestivamente tali comportamenti, prima che le conseguenze pratiche diventino troppo gravi. La dipendenza dal gioco d&#8217;azzardo pu\u00f2 avere conseguenze fisiche, finanziarie e sociali.<\/p>\n\n\n\n<p>Fortunatamente, la maggior parte delle persone pu\u00f2 giocare in modo divertente e senza rischi per tutta la vita, senza sviluppare problemi.<\/p>\n\n\n\n<p><strong>3. Come faccio a sapere se sono a rischio?<\/strong><\/p>\n\n\n\n<p>Abbiamo otto regole per un gioco pi\u00f9 sicuro su snatchcasino.io:<\/p>\n\n\n\n<ol start=\"1\" class=\"wp-block-list\">\n<li>Il gioco d&#8217;azzardo nei casin\u00f2 \u00e8 un intrattenimento, non una professione.<\/li>\n\n\n\n<li>Non cercare mai di recuperare le perdite raddoppiando le tue puntate.<\/li>\n\n\n\n<li>Stabilisci un budget giornaliero, settimanale o mensile che puoi permetterti di perdere.<\/li>\n\n\n\n<li>Non giocare mai quando sei ubriaco, sotto l&#8217;effetto di droghe, stanco o depresso.<\/li>\n\n\n\n<li>Tieni traccia del tempo di gioco e delle scommesse piazzate.<\/li>\n\n\n\n<li>Fai delle pause regolari per rimanere vigile.<\/li>\n\n\n\n<li>Stabilisci un budget prima di iniziare a giocare e rispettalo.<\/li>\n\n\n\n<li>Divertiti!<\/li>\n<\/ol>\n\n\n\n<p>Se sospetti di essere a rischio di sviluppare una dipendenza, ci sono molte organizzazioni e siti web che possono aiutarti. Puoi fare un semplice autotest qui:<br><a href=\"https:\/\/www.begambleaware.org\/gambling-problems\/do-i-have-a-gambling-problem\" target=\"_blank\" rel=\"noopener\">https:\/\/www.begambleaware.org\/gambling-problems\/do-i-have-a-gambling-problem<\/a><\/p>\n\n\n\n<p><strong>4. I nostri servizi e strumenti<\/strong><\/p>\n\n\n\n<p>snatchcasino.io offre diversi servizi che possono aiutarti se ritieni che il tuo gioco d&#8217;azzardo rischi di diventare problematico.<\/p>\n\n\n\n<p>Abbiamo implementato misure per garantire che i nostri membri possano giocare in un ambiente sicuro. Il tuo account \u00e8 progettato per permetterti di divertirti in tutta sicurezza.<\/p>\n\n\n\n<p>Quando si gioca d&#8217;azzardo con soldi veri, l&#8217;esito \u00e8 sempre incerto. Ad esempio, anche se una moneta \u00e8 atterrata su testa dieci volte di seguito, la probabilit\u00e0 che esca testa al lancio successivo \u00e8 comunque del 50%.<\/p>\n\n\n\n<p>Per rendere la tua esperienza di gioco pi\u00f9 sicura e piacevole, puoi utilizzare diverse restrizioni. Per attivarle, contattaci tramite chat live o scrivendo a support@snatchcasino.io. Ti consigliamo vivamente di valutare queste opzioni.<\/p>\n\n\n\n<p><strong>5. Tieni traccia delle tue attivit\u00e0 di gioco<\/strong><\/p>\n\n\n\n<p>Il tuo account contiene una cronologia completa di tutte le tue partite, cos\u00ec puoi facilmente vedere quanto tempo e denaro hai speso e se giochi in modo responsabile.<\/p>\n\n\n\n<p><strong>6. Contatta il nostro servizio clienti<\/strong><\/p>\n\n\n\n<p>Tutto il nostro personale del servizio clienti \u00e8 formato in materia di responsabilit\u00e0 sociale e consapevole dei rischi della dipendenza dal gioco d&#8217;azzardo. Se sospetti di avere un problema, possono guidarti su come agire su snatchcasino.io e indirizzarti a organizzazioni specializzate. Puoi contattare il servizio clienti all&#8217;indirizzo support@snatchcasino.io.<\/p>\n\n\n\n<p><strong>7. Auto-spegnimento<\/strong><\/p>\n\n\n\n<p>Se ritieni di stare sviluppando una dipendenza dal gioco d&#8217;azzardo, dovresti prendere in considerazione l&#8217;idea di escluderti definitivamente da ogni forma di gioco d&#8217;azzardo. Se decidi di smettere di giocare su snatchcasino.io, puoi bloccare definitivamente il tuo account contattando il servizio clienti all&#8217;indirizzo support@snatchcasino.io.<\/p>\n\n\n\n<p>Se invece preferisci rinunciare per un periodo di tempo specifico, puoi farlo contattandoci allo stesso indirizzo email.<\/p>\n<\/div>\n<\/div>\n","protected":false},"excerpt":{"rendered":"<p>POLITICA DI GIOCO RESPONSABILE Come lavoriamo con il gioco responsabile Il gioco d&#8217;azzardo nei casin\u00f2 online dovrebbe sempre essere visto [&hellip;]<\/p>\n","protected":false},"author":7,"featured_media":0,"parent":0,"menu_order":0,"comment_status":"closed","ping_status":"closed","template":"","meta":{"_eb_attr":"","site-sidebar-layout":"default","site-content-layout":"","ast-site-content-layout":"default","site-content-style":"default","site-sidebar-style":"default","ast-global-header-display":"","ast-banner-title-visibility":"","ast-main-header-display":"","ast-hfb-above-header-display":"","ast-hfb-below-header-display":"","ast-hfb-mobile-header-display":"","site-post-title":"disabled","ast-breadcrumbs-content":"","ast-featured-img":"","footer-sml-layout":"","ast-disable-related-posts":"","theme-transparent-header-meta":"","adv-header-id-meta":"","stick-header-meta":"","header-above-stick-meta":"","header-main-stick-meta":"","header-below-stick-meta":"","astra-migrate-meta-layouts":"default","ast-page-background-enabled":"default","ast-page-background-meta":{"desktop":{"background-color":"var(--ast-global-color-5)","background-image":"","background-repeat":"repeat","background-position":"center center","background-size":"auto","background-attachment":"scroll","background-type":"","background-media":"","overlay-type":"","overlay-color":"","overlay-opacity":"","overlay-gradient":""},"tablet":{"background-color":"","background-image":"","background-repeat":"repeat","background-position":"center center","background-size":"auto","background-attachment":"scroll","background-type":"","background-media":"","overlay-type":"","overlay-color":"","overlay-opacity":"","overlay-gradient":""},"mobile":{"background-color":"","background-image":"","background-repeat":"repeat","background-position":"center center","background-size":"auto","background-attachment":"scroll","background-type":"","background-media":"","overlay-type":"","overlay-color":"","overlay-opacity":"","overlay-gradient":""}},"ast-content-background-meta":{"desktop":{"background-color":"var(--ast-global-color-4)","background-image":"","background-repeat":"repeat","background-position":"center center","background-size":"auto","background-attachment":"scroll","background-type":"","background-media":"","overlay-type":"","overlay-color":"","overlay-opacity":"","overlay-gradient":""},"tablet":{"background-color":"var(--ast-global-color-4)","background-image":"","background-repeat":"repeat","background-position":"center center","background-size":"auto","background-attachment":"scroll","background-type":"","background-media":"","overlay-type":"","overlay-color":"","overlay-opacity":"","overlay-gradient":""},"mobile":{"background-color":"var(--ast-global-color-4)","background-image":"","background-repeat":"repeat","background-position":"center center","background-size":"auto","background-attachment":"scroll","background-type":"","background-media":"","overlay-type":"","overlay-color":"","overlay-opacity":"","overlay-gradient":""}},"footnotes":""},"class_list":["post-304","page","type-page","status-publish","hentry"],"_links":{"self":[{"href":"https:\/\/snatchcasino-se.com\/it\/wp-json\/wp\/v2\/pages\/304","targetHints":{"allow":["GET"]}}],"collection":[{"href":"https:\/\/snatchcasino-se.com\/it\/wp-json\/wp\/v2\/pages"}],"about":[{"href":"https:\/\/snatchcasino-se.com\/it\/wp-json\/wp\/v2\/types\/page"}],"author":[{"embeddable":true,"href":"https:\/\/snatchcasino-se.com\/it\/wp-json\/wp\/v2\/users\/7"}],"replies":[{"embeddable":true,"href":"https:\/\/snatchcasino-se.com\/it\/wp-json\/wp\/v2\/comments?post=304"}],"version-history":[{"count":1,"href":"https:\/\/snatchcasino-se.com\/it\/wp-json\/wp\/v2\/pages\/304\/revisions"}],"predecessor-version":[{"id":388,"href":"https:\/\/snatchcasino-se.com\/it\/wp-json\/wp\/v2\/pages\/304\/revisions\/388"}],"wp:attachment":[{"href":"https:\/\/snatchcasino-se.com\/it\/wp-json\/wp\/v2\/media?parent=304"}],"curies":[{"name":"wp","href":"https:\/\/api.w.org\/{rel}","templated":true}]}}