{"id":291,"date":"2025-09-10T05:20:22","date_gmt":"2025-09-10T05:20:22","guid":{"rendered":"https:\/\/snatchcasino-se.com\/?page_id=291"},"modified":"2026-02-19T12:17:38","modified_gmt":"2026-02-19T12:17:38","slug":"risques-et-avertissements","status":"publish","type":"page","link":"https:\/\/snatchcasino-se.com\/fr\/risques-et-avertissements\/","title":{"rendered":"RISQUES ET AVERTISSEMENTS"},"content":{"rendered":"\n<div class=\"wp-block-columns alignwide has-ast-global-color-7-color has-text-color has-link-color wp-elements-8b0d65d057a93c892d356c6c04eec13d is-layout-flex wp-container-core-columns-is-layout-28f84493 wp-block-columns-is-layout-flex\">\n<div class=\"wp-block-column is-layout-flow wp-block-column-is-layout-flow\">\n<h2 class=\"wp-block-heading has-ast-global-color-7-color has-text-color has-link-color wp-elements-00b1c3a52bee69642f7b14b78a992c91\">RISQUES ET AVERTISSEMENTS<\/h2>\n\n\n\n<p><strong>1. <\/strong>Vous comprenez qu&rsquo;en participant aux jeux, vous risquez de perdre l&rsquo;argent d\u00e9pos\u00e9 sur votre compte chez snatchcasino.io.<\/p>\n\n\n\n<p><strong>2. <\/strong>Dans certaines juridictions, les jeux d&rsquo;argent en ligne peuvent \u00eatre ill\u00e9gaux. Vous comprenez et acceptez que snatchcasino1.org ne peut vous fournir aucun conseil juridique ni aucune garantie quant \u00e0 la l\u00e9galit\u00e9 de votre utilisation des services du site web.<\/p>\n\n\n\n<p><strong>3. <\/strong>La Soci\u00e9t\u00e9 ne garantit pas que les services du Site Web sont conformes aux exigences l\u00e9gales de votre juridiction. Vous utilisez les services fournis par snatchcasino1.org de votre propre initiative et \u00e0 votre enti\u00e8re discr\u00e9tion. Vous assumez l&rsquo;enti\u00e8re responsabilit\u00e9 et il vous appartient de d\u00e9terminer si l&rsquo;utilisation des services du Site Web est l\u00e9gale au regard des lois applicables dans votre juridiction. Lorsque vous vous connectez au Site Web et participez aux Jeux, vous le faites enti\u00e8rement \u00e0 vos propres risques.<\/p>\n<\/div>\n<\/div>\n","protected":false},"excerpt":{"rendered":"<p>RISQUES ET AVERTISSEMENTS 1. Vous comprenez qu&rsquo;en participant aux jeux, vous risquez de perdre l&rsquo;argent d\u00e9pos\u00e9 sur votre compte chez [&hellip;]<\/p>\n","protected":false},"author":7,"featured_media":0,"parent":0,"menu_order":0,"comment_status":"closed","ping_status":"closed","template":"","meta":{"_eb_attr":"","site-sidebar-layout":"default","site-content-layout":"","ast-site-content-layout":"default","site-content-style":"default","site-sidebar-style":"default","ast-global-header-display":"","ast-banner-title-visibility":"","ast-main-header-display":"","ast-hfb-above-header-display":"","ast-hfb-below-header-display":"","ast-hfb-mobile-header-display":"","site-post-title":"disabled","ast-breadcrumbs-content":"","ast-featured-img":"","footer-sml-layout":"","ast-disable-related-posts":"","theme-transparent-header-meta":"","adv-header-id-meta":"","stick-header-meta":"","header-above-stick-meta":"","header-main-stick-meta":"","header-below-stick-meta":"","astra-migrate-meta-layouts":"default","ast-page-background-enabled":"default","ast-page-background-meta":{"desktop":{"background-color":"var(--ast-global-color-5)","background-image":"","background-repeat":"repeat","background-position":"center center","background-size":"auto","background-attachment":"scroll","background-type":"","background-media":"","overlay-type":"","overlay-color":"","overlay-opacity":"","overlay-gradient":""},"tablet":{"background-color":"","background-image":"","background-repeat":"repeat","background-position":"center center","background-size":"auto","background-attachment":"scroll","background-type":"","background-media":"","overlay-type":"","overlay-color":"","overlay-opacity":"","overlay-gradient":""},"mobile":{"background-color":"","background-image":"","background-repeat":"repeat","background-position":"center center","background-size":"auto","background-attachment":"scroll","background-type":"","background-media":"","overlay-type":"","overlay-color":"","overlay-opacity":"","overlay-gradient":""}},"ast-content-background-meta":{"desktop":{"background-color":"var(--ast-global-color-4)","background-image":"","background-repeat":"repeat","background-position":"center center","background-size":"auto","background-attachment":"scroll","background-type":"","background-media":"","overlay-type":"","overlay-color":"","overlay-opacity":"","overlay-gradient":""},"tablet":{"background-color":"var(--ast-global-color-4)","background-image":"","background-repeat":"repeat","background-position":"center center","background-size":"auto","background-attachment":"scroll","background-type":"","background-media":"","overlay-type":"","overlay-color":"","overlay-opacity":"","overlay-gradient":""},"mobile":{"background-color":"var(--ast-global-color-4)","background-image":"","background-repeat":"repeat","background-position":"center center","background-size":"auto","background-attachment":"scroll","background-type":"","background-media":"","overlay-type":"","overlay-color":"","overlay-opacity":"","overlay-gradient":""}},"footnotes":""},"class_list":["post-291","page","type-page","status-publish","hentry"],"_links":{"self":[{"href":"https:\/\/snatchcasino-se.com\/fr\/wp-json\/wp\/v2\/pages\/291","targetHints":{"allow":["GET"]}}],"collection":[{"href":"https:\/\/snatchcasino-se.com\/fr\/wp-json\/wp\/v2\/pages"}],"about":[{"href":"https:\/\/snatchcasino-se.com\/fr\/wp-json\/wp\/v2\/types\/page"}],"author":[{"embeddable":true,"href":"https:\/\/snatchcasino-se.com\/fr\/wp-json\/wp\/v2\/users\/7"}],"replies":[{"embeddable":true,"href":"https:\/\/snatchcasino-se.com\/fr\/wp-json\/wp\/v2\/comments?post=291"}],"version-history":[{"count":1,"href":"https:\/\/snatchcasino-se.com\/fr\/wp-json\/wp\/v2\/pages\/291\/revisions"}],"predecessor-version":[{"id":372,"href":"https:\/\/snatchcasino-se.com\/fr\/wp-json\/wp\/v2\/pages\/291\/revisions\/372"}],"wp:attachment":[{"href":"https:\/\/snatchcasino-se.com\/fr\/wp-json\/wp\/v2\/media?parent=291"}],"curies":[{"name":"wp","href":"https:\/\/api.w.org\/{rel}","templated":true}]}}