{"id":288,"date":"2025-09-10T05:08:38","date_gmt":"2025-09-10T05:08:38","guid":{"rendered":"https:\/\/snatchcasino-se.com\/?page_id=288"},"modified":"2026-02-19T12:17:38","modified_gmt":"2026-02-19T12:17:38","slug":"politique-de-cookies","status":"publish","type":"page","link":"https:\/\/snatchcasino-se.com\/fr\/politique-de-cookies\/","title":{"rendered":"POLITIQUE DE COOKIES"},"content":{"rendered":"\n<div class=\"wp-block-columns alignwide has-ast-global-color-7-color has-text-color has-link-color wp-elements-e968829e952afa1a1939afc62cbaa6bf is-layout-flex wp-container-core-columns-is-layout-28f84493 wp-block-columns-is-layout-flex\">\n<div class=\"wp-block-column is-layout-flow wp-block-column-is-layout-flow\">\n<h2 class=\"wp-block-heading has-ast-global-color-7-color has-text-color has-link-color wp-elements-42da3c6d6494101f6a957aa4fc8dd97b\">POLITIQUE RELATIVE AUX COOKIES<\/h2>\n\n\n\n<p>Ce document d\u00e9crit notre utilisation des cookies sur snatchcasino.io (le \u00ab&nbsp;Site&nbsp;\u00bb). Les termes \u00ab&nbsp;nous&nbsp;\u00bb, \u00ab&nbsp;notre&nbsp;\u00bb et \u00ab&nbsp;nos&nbsp;\u00bb font r\u00e9f\u00e9rence \u00e0 snatchcasino.io, une entit\u00e9 juridique enregistr\u00e9e conform\u00e9ment \u00e0 la l\u00e9gislation de Cura\u00e7ao.<\/p>\n\n\n\n<p><strong>Qu&rsquo;est-ce qu&rsquo;un cookie ?<\/strong><\/p>\n\n\n\n<p>Un cookie est un petit fichier texte t\u00e9l\u00e9charg\u00e9 sur votre appareil (ordinateur ou smartphone, par exemple) lorsque vous consultez notre site web. Il nous permet de reconna\u00eetre votre appareil et de sauvegarder certaines informations concernant vos pr\u00e9f\u00e9rences ou vos actions pr\u00e9c\u00e9dentes.<\/p>\n\n\n\n<p>Lors de votre premi\u00e8re visite sur le site web, votre navigateur t\u00e9l\u00e9charge des cookies. Lors de votre visite suivante depuis le m\u00eame appareil, le cookie et les informations qu&rsquo;il contient sont renvoy\u00e9s au site web qui l&rsquo;a cr\u00e9\u00e9 (cookie interne) ou \u00e0 un autre site web auquel appartient le cookie (cookie tiers).<\/p>\n\n\n\n<p>Il existe deux principaux types de cookies&nbsp;: les cookies de session et les cookies persistants. Les cookies de session sont supprim\u00e9s lorsque vous fermez votre navigateur ou votre application mobile . Les cookies persistants restent sur votre appareil pendant une dur\u00e9e pr\u00e9d\u00e9termin\u00e9e.<\/p>\n\n\n\n<p>Nous utilisons \u00e0 la fois des \u00ab cookies de session \u00bb, des \u00ab cookies persistants \u00bb et d\u2019autres technologies similaires (\u00ab cookies \u00bb).<\/p>\n\n\n\n<p><strong>Pourquoi utilisons-nous des cookies ?<\/strong><\/p>\n\n\n\n<p><strong>Cookies strictement n\u00e9cessaires&nbsp;:<\/strong><\/p>\n\n\n\n<p>Pour assurer le bon fonctionnement du site web et offrir aux utilisateurs une interface conviviale (n\u00e9cessaire \u00e0 la fourniture de nos services), nous utilisons des cookies. Le site web ne peut fonctionner correctement sans ces cookies. Ils ne stockent aucune information permettant d&rsquo;identifier une personne et nous permettent, entre autres, de&nbsp;:<\/p>\n\n\n\n<ul class=\"wp-block-list\">\n<li>s&rsquo;assurer que les paris plac\u00e9s par le titulaire du compte sont li\u00e9s \u00e0 son ticket de pari et \u00e0 son compte, et<\/li>\n\n\n\n<li>s&rsquo;assurer que le titulaire du compte re\u00e7oive les bonus auxquels il\/elle a droit.<\/li>\n<\/ul>\n\n\n\n<p><strong>Autres types de cookies&nbsp;:<\/strong><\/p>\n\n\n\n<ul class=\"wp-block-list\">\n<li>pour analyser les statistiques d&rsquo;utilisation du site web (donn\u00e9es agr\u00e9g\u00e9es sans identification personnelle de l&rsquo;appareil) et r\u00e9aliser des \u00e9tudes de march\u00e9 gr\u00e2ce \u00e0 nos propres solutions, Google Analytics et\/ou Facebook Pixel. Ces cookies nous aident \u00e0 comprendre comment les visiteurs interagissent avec le site web et \u00e0 am\u00e9liorer ses performances\u00a0;<\/li>\n\n\n\n<li>personnaliser le contenu du site Web\u00a0;<\/li>\n\n\n\n<li>afficher des publicit\u00e9s personnalis\u00e9es\u00a0;<\/li>\n\n\n\n<li>adapter le langage du site Web \u00e0 vos besoins.<\/li>\n<\/ul>\n\n\n\n<p>Veuillez noter que nous conservons les informations relatives aux cookies pendant une dur\u00e9e maximale de 6 mois apr\u00e8s votre derni\u00e8re visite sur le site web. Certains cookies peuvent avoir leur propre dur\u00e9e de conservation, d\u00e9termin\u00e9e automatiquement, sur laquelle nous n&rsquo;avons aucune influence. Pour plus d&rsquo;informations sur les dur\u00e9es de conservation, vous pouvez consulter le site web \u00e0 l&rsquo;aide de services tels que <a href=\"https:\/\/cookiepedia.co.uk\/\" target=\"_blank\" rel=\"noopener\">https:\/\/cookiepedia.co.uk\/ <\/a>.<\/p>\n\n\n\n<p><strong>Gestion des cookies<\/strong><\/p>\n\n\n\n<p>Nous pouvons d\u00e9poser des cookies par d\u00e9faut sur votre appareil s&rsquo;ils sont strictement n\u00e9cessaires au fonctionnement du site web. Pour tous les autres types de cookies, votre consentement est requis.<\/p>\n\n\n\n<p>Sauf indication contraire de votre part, nous ne stockons et ne traitons que les cookies n\u00e9cessaires au fonctionnement du site web. Si vous ne souhaitez pas \u00eatre suivi par d&rsquo;autres types de cookies, vous pouvez refuser de donner votre consentement initialement ou le retirer ult\u00e9rieurement.<\/p>\n\n\n\n<p>Vous pouvez consulter les cat\u00e9gories sp\u00e9cifiques de cookies dans la fen\u00eatre contextuelle qui s&rsquo;affiche lors de votre premi\u00e8re visite sur le site web. En cliquant sur \u00ab&nbsp;Autoriser tous les cookies&nbsp;\u00bb, vous consentez \u00e0 l&rsquo;utilisation de cookies pour toutes les finalit\u00e9s mentionn\u00e9es ci-dessus.<\/p>\n\n\n\n<p>Si vous refusez d&rsquo;autres types de cookies, votre exp\u00e9rience sur le site Web sera affect\u00e9e, car aucune personnalisation ni reconnaissance de l&rsquo;appareil n&rsquo;aura lieu lors des visites ult\u00e9rieures.<\/p>\n\n\n\n<p>Vous pouvez modifier ou retirer votre consentement \u00e0 tout moment en nous contactant. Votre navigateur vous permet \u00e9galement de contr\u00f4ler et de limiter les cookies sur votre appareil.<\/p>\n\n\n\n<p>Veuillez noter que si vous d\u00e9sactivez compl\u00e8tement tous les cookies, ou tous nos cookies, dans les param\u00e8tres de votre navigateur, certaines parties ou fonctionnalit\u00e9s du site Web pourraient ne plus fonctionner. Nous vous recommandons donc d&rsquo;utiliser les param\u00e8tres de cookies du site Web plut\u00f4t que de d\u00e9sactiver tous les cookies dans votre navigateur.<\/p>\n<\/div>\n<\/div>\n","protected":false},"excerpt":{"rendered":"<p>POLITIQUE RELATIVE AUX COOKIES Ce document d\u00e9crit notre utilisation des cookies sur snatchcasino.io (le \u00ab&nbsp;Site&nbsp;\u00bb). Les termes \u00ab&nbsp;nous&nbsp;\u00bb, \u00ab&nbsp;notre&nbsp;\u00bb et [&hellip;]<\/p>\n","protected":false},"author":7,"featured_media":0,"parent":0,"menu_order":0,"comment_status":"closed","ping_status":"closed","template":"","meta":{"_eb_attr":"","site-sidebar-layout":"default","site-content-layout":"","ast-site-content-layout":"default","site-content-style":"default","site-sidebar-style":"default","ast-global-header-display":"","ast-banner-title-visibility":"","ast-main-header-display":"","ast-hfb-above-header-display":"","ast-hfb-below-header-display":"","ast-hfb-mobile-header-display":"","site-post-title":"disabled","ast-breadcrumbs-content":"","ast-featured-img":"","footer-sml-layout":"","ast-disable-related-posts":"","theme-transparent-header-meta":"","adv-header-id-meta":"","stick-header-meta":"","header-above-stick-meta":"","header-main-stick-meta":"","header-below-stick-meta":"","astra-migrate-meta-layouts":"default","ast-page-background-enabled":"default","ast-page-background-meta":{"desktop":{"background-color":"var(--ast-global-color-5)","background-image":"","background-repeat":"repeat","background-position":"center center","background-size":"auto","background-attachment":"scroll","background-type":"","background-media":"","overlay-type":"","overlay-color":"","overlay-opacity":"","overlay-gradient":""},"tablet":{"background-color":"","background-image":"","background-repeat":"repeat","background-position":"center center","background-size":"auto","background-attachment":"scroll","background-type":"","background-media":"","overlay-type":"","overlay-color":"","overlay-opacity":"","overlay-gradient":""},"mobile":{"background-color":"","background-image":"","background-repeat":"repeat","background-position":"center center","background-size":"auto","background-attachment":"scroll","background-type":"","background-media":"","overlay-type":"","overlay-color":"","overlay-opacity":"","overlay-gradient":""}},"ast-content-background-meta":{"desktop":{"background-color":"var(--ast-global-color-4)","background-image":"","background-repeat":"repeat","background-position":"center center","background-size":"auto","background-attachment":"scroll","background-type":"","background-media":"","overlay-type":"","overlay-color":"","overlay-opacity":"","overlay-gradient":""},"tablet":{"background-color":"var(--ast-global-color-4)","background-image":"","background-repeat":"repeat","background-position":"center center","background-size":"auto","background-attachment":"scroll","background-type":"","background-media":"","overlay-type":"","overlay-color":"","overlay-opacity":"","overlay-gradient":""},"mobile":{"background-color":"var(--ast-global-color-4)","background-image":"","background-repeat":"repeat","background-position":"center center","background-size":"auto","background-attachment":"scroll","background-type":"","background-media":"","overlay-type":"","overlay-color":"","overlay-opacity":"","overlay-gradient":""}},"footnotes":""},"class_list":["post-288","page","type-page","status-publish","hentry"],"_links":{"self":[{"href":"https:\/\/snatchcasino-se.com\/fr\/wp-json\/wp\/v2\/pages\/288","targetHints":{"allow":["GET"]}}],"collection":[{"href":"https:\/\/snatchcasino-se.com\/fr\/wp-json\/wp\/v2\/pages"}],"about":[{"href":"https:\/\/snatchcasino-se.com\/fr\/wp-json\/wp\/v2\/types\/page"}],"author":[{"embeddable":true,"href":"https:\/\/snatchcasino-se.com\/fr\/wp-json\/wp\/v2\/users\/7"}],"replies":[{"embeddable":true,"href":"https:\/\/snatchcasino-se.com\/fr\/wp-json\/wp\/v2\/comments?post=288"}],"version-history":[{"count":1,"href":"https:\/\/snatchcasino-se.com\/fr\/wp-json\/wp\/v2\/pages\/288\/revisions"}],"predecessor-version":[{"id":369,"href":"https:\/\/snatchcasino-se.com\/fr\/wp-json\/wp\/v2\/pages\/288\/revisions\/369"}],"wp:attachment":[{"href":"https:\/\/snatchcasino-se.com\/fr\/wp-json\/wp\/v2\/media?parent=288"}],"curies":[{"name":"wp","href":"https:\/\/api.w.org\/{rel}","templated":true}]}}