{"id":282,"date":"2025-09-10T05:20:22","date_gmt":"2025-09-10T05:20:22","guid":{"rendered":"https:\/\/snatchcasino-se.com\/?page_id=282"},"modified":"2026-02-19T12:04:29","modified_gmt":"2026-02-19T12:04:29","slug":"riskit-ja-varoitukset","status":"publish","type":"page","link":"https:\/\/snatchcasino-se.com\/fi\/riskit-ja-varoitukset\/","title":{"rendered":"RISKIT JA VAROITUKSET"},"content":{"rendered":"\n<div class=\"wp-block-columns alignwide has-ast-global-color-7-color has-text-color has-link-color wp-elements-86f46cb91d1bc482a02c2003ed6bc4ca is-layout-flex wp-container-core-columns-is-layout-28f84493 wp-block-columns-is-layout-flex\">\n<div class=\"wp-block-column is-layout-flow wp-block-column-is-layout-flow\">\n<h2 class=\"wp-block-heading has-ast-global-color-7-color has-text-color has-link-color wp-elements-df49be93ef70a4e910f4c1de02001078\">RISKIT JA VAROITUKSET<\/h2>\n\n\n\n<p><strong>1. <\/strong>Ymm\u00e4rr\u00e4t, ett\u00e4 osallistumalla peleihin riskin\u00e4 on, ett\u00e4 menet\u00e4t snatchcasino.io-tilillesi talletetut rahat.<\/p>\n\n\n\n<p><strong>2. <\/strong>Joillakin laink\u00e4ytt\u00f6alueilla nettipelaaminen voi olla laitonta. Ymm\u00e4rr\u00e4t ja hyv\u00e4ksyt, ett\u00e4 snatchcasino1.org ei voi tarjota sinulle oikeudellista neuvontaa tai takuita verkkosivustopalveluiden k\u00e4ytt\u00f6si laillisuudesta.<\/p>\n\n\n\n<p><strong>3. <\/strong>Yhti\u00f6 ei takaa, ett\u00e4 verkkosivuston palvelut ovat laink\u00e4ytt\u00f6alueesi lakis\u00e4\u00e4teisten vaatimusten mukaisia. K\u00e4yt\u00e4t snatchcasino1.orgin tarjoamia palveluita omasta aloitteestasi ja oman harkintasi mukaan. Sin\u00e4 kannat vastuun ja p\u00e4\u00e4t\u00e4t, onko verkkosivuston palveluiden k\u00e4ytt\u00f6 laillista laink\u00e4ytt\u00f6alueesi sovellettavien lakien nojalla. Kun kirjaudut verkkosivustolle ja osallistut peleihin, teet sen kokonaan omalla vastuullasi.<\/p>\n<\/div>\n<\/div>\n","protected":false},"excerpt":{"rendered":"<p>RISKIT JA VAROITUKSET 1. Ymm\u00e4rr\u00e4t, ett\u00e4 osallistumalla peleihin riskin\u00e4 on, ett\u00e4 menet\u00e4t snatchcasino.io-tilillesi talletetut rahat. 2. Joillakin laink\u00e4ytt\u00f6alueilla nettipelaaminen voi [&hellip;]<\/p>\n","protected":false},"author":7,"featured_media":0,"parent":0,"menu_order":0,"comment_status":"closed","ping_status":"closed","template":"","meta":{"_eb_attr":"","site-sidebar-layout":"default","site-content-layout":"","ast-site-content-layout":"default","site-content-style":"default","site-sidebar-style":"default","ast-global-header-display":"","ast-banner-title-visibility":"","ast-main-header-display":"","ast-hfb-above-header-display":"","ast-hfb-below-header-display":"","ast-hfb-mobile-header-display":"","site-post-title":"disabled","ast-breadcrumbs-content":"","ast-featured-img":"","footer-sml-layout":"","ast-disable-related-posts":"","theme-transparent-header-meta":"","adv-header-id-meta":"","stick-header-meta":"","header-above-stick-meta":"","header-main-stick-meta":"","header-below-stick-meta":"","astra-migrate-meta-layouts":"default","ast-page-background-enabled":"default","ast-page-background-meta":{"desktop":{"background-color":"var(--ast-global-color-5)","background-image":"","background-repeat":"repeat","background-position":"center center","background-size":"auto","background-attachment":"scroll","background-type":"","background-media":"","overlay-type":"","overlay-color":"","overlay-opacity":"","overlay-gradient":""},"tablet":{"background-color":"","background-image":"","background-repeat":"repeat","background-position":"center center","background-size":"auto","background-attachment":"scroll","background-type":"","background-media":"","overlay-type":"","overlay-color":"","overlay-opacity":"","overlay-gradient":""},"mobile":{"background-color":"","background-image":"","background-repeat":"repeat","background-position":"center center","background-size":"auto","background-attachment":"scroll","background-type":"","background-media":"","overlay-type":"","overlay-color":"","overlay-opacity":"","overlay-gradient":""}},"ast-content-background-meta":{"desktop":{"background-color":"var(--ast-global-color-4)","background-image":"","background-repeat":"repeat","background-position":"center center","background-size":"auto","background-attachment":"scroll","background-type":"","background-media":"","overlay-type":"","overlay-color":"","overlay-opacity":"","overlay-gradient":""},"tablet":{"background-color":"var(--ast-global-color-4)","background-image":"","background-repeat":"repeat","background-position":"center center","background-size":"auto","background-attachment":"scroll","background-type":"","background-media":"","overlay-type":"","overlay-color":"","overlay-opacity":"","overlay-gradient":""},"mobile":{"background-color":"var(--ast-global-color-4)","background-image":"","background-repeat":"repeat","background-position":"center center","background-size":"auto","background-attachment":"scroll","background-type":"","background-media":"","overlay-type":"","overlay-color":"","overlay-opacity":"","overlay-gradient":""}},"footnotes":""},"class_list":["post-282","page","type-page","status-publish","hentry"],"_links":{"self":[{"href":"https:\/\/snatchcasino-se.com\/fi\/wp-json\/wp\/v2\/pages\/282","targetHints":{"allow":["GET"]}}],"collection":[{"href":"https:\/\/snatchcasino-se.com\/fi\/wp-json\/wp\/v2\/pages"}],"about":[{"href":"https:\/\/snatchcasino-se.com\/fi\/wp-json\/wp\/v2\/types\/page"}],"author":[{"embeddable":true,"href":"https:\/\/snatchcasino-se.com\/fi\/wp-json\/wp\/v2\/users\/7"}],"replies":[{"embeddable":true,"href":"https:\/\/snatchcasino-se.com\/fi\/wp-json\/wp\/v2\/comments?post=282"}],"version-history":[{"count":1,"href":"https:\/\/snatchcasino-se.com\/fi\/wp-json\/wp\/v2\/pages\/282\/revisions"}],"predecessor-version":[{"id":363,"href":"https:\/\/snatchcasino-se.com\/fi\/wp-json\/wp\/v2\/pages\/282\/revisions\/363"}],"wp:attachment":[{"href":"https:\/\/snatchcasino-se.com\/fi\/wp-json\/wp\/v2\/media?parent=282"}],"curies":[{"name":"wp","href":"https:\/\/api.w.org\/{rel}","templated":true}]}}