{"id":280,"date":"2025-09-10T05:10:11","date_gmt":"2025-09-10T05:10:11","guid":{"rendered":"https:\/\/snatchcasino-se.com\/?page_id=280"},"modified":"2026-02-19T12:04:29","modified_gmt":"2026-02-19T12:04:29","slug":"tietosuojakaytanto","status":"publish","type":"page","link":"https:\/\/snatchcasino-se.com\/fi\/tietosuojakaytanto\/","title":{"rendered":"TIETOSUOJAK\u00c4YT\u00c4NT\u00d6"},"content":{"rendered":"\n<div class=\"wp-block-columns alignwide has-ast-global-color-7-color has-text-color has-link-color wp-elements-22291f541a368de60209f6a5a349616b is-layout-flex wp-container-core-columns-is-layout-28f84493 wp-block-columns-is-layout-flex\">\n<div class=\"wp-block-column is-layout-flow wp-block-column-is-layout-flow\">\n<h2 class=\"wp-block-heading has-ast-global-color-7-color has-text-color has-link-color wp-elements-76beacdc2d25daa0760310c4774f67a0\">TIETOSUOJAK\u00c4YT\u00c4NT\u00d6<\/h2>\n\n\n\n<p><strong>1. Johdanto<\/strong><\/p>\n\n\n\n<p><strong>1.1. <\/strong>T\u00e4m\u00e4 tietosuojak\u00e4yt\u00e4nt\u00f6 on viimeksi p\u00e4ivitetty 01.05.2024, ja se kuvaa snatchcasino.io:n suorittamaa henkil\u00f6tietojen k\u00e4sittely\u00e4. Haluamme pit\u00e4\u00e4 asiat yksinkertaisina ja selkein\u00e4, mukaan lukien sen, mit\u00e4 tietoja ker\u00e4\u00e4mme sek\u00e4 miten ja miksi niit\u00e4 k\u00e4yt\u00e4mme.<\/p>\n\n\n\n<p><strong>1.2. <\/strong>T\u00e4ss\u00e4 k\u00e4yt\u00e4nn\u00f6ss\u00e4 selitet\u00e4\u00e4n, miten k\u00e4yt\u00e4mme henkil\u00f6tietojasi riippumatta siit\u00e4, vierailetko verkkosivustollamme, teetk\u00f6 talletuksen vai pelaatko jotakin peli\u00e4mme. Se tarjoaa my\u00f6s tietoa tietosuojaoikeuksistasi, tilanteista, joissa jaamme tai ker\u00e4\u00e4mme tietoja sinusta, ja siit\u00e4, miten r\u00e4\u00e4t\u00e4l\u00f6imme markkinointia. Lue kaikki osiot huolellisesti.<\/p>\n\n\n\n<p><strong>1.3. <\/strong>Jos teemme olennaisia muutoksia t\u00e4h\u00e4n k\u00e4yt\u00e4nt\u00f6\u00f6n, ilmoitamme siit\u00e4 sinulle.<\/p>\n\n\n\n<p><strong>1.4. <\/strong>Kaikki ty\u00f6ntekij\u00e4mme k\u00e4yv\u00e4t s\u00e4\u00e4nn\u00f6llisesti l\u00e4pi tietoturvakoulutuksen ja heid\u00e4n on noudatettava luottamuksellisuutta, sis\u00e4isi\u00e4 menettelyj\u00e4 ja prosesseja k\u00e4sitelless\u00e4\u00e4n tietojasi.<\/p>\n\n\n\n<p><strong>1.5. <\/strong>Jos sinulla on kysytt\u00e4v\u00e4\u00e4 tai huolenaiheita tietosuojasta, voit ottaa yhteytt\u00e4 tietosuojavastaavaamme osoitteessa <strong>compliance@snatchcasino.io <\/strong>.<\/p>\n\n\n\n<p><strong>2. Tietosuojalupauksemme<\/strong><\/p>\n\n\n\n<p><strong>2.1. <\/strong>snatchcasino.io suojelee ja kunnioittaa jokaisen asiakkaan yksityisyytt\u00e4. Yksityisyytesi on t\u00e4rke\u00e4\u00e4 sek\u00e4 sinulle ett\u00e4 meille, ja lupaamme seuraavan:<\/p>\n\n\n\n<p><strong>2.2. <\/strong>Suojaamme yksityisyytt\u00e4si ja k\u00e4yt\u00e4mme henkil\u00f6tietojasi tehd\u00e4ksemme k\u00e4ytt\u00f6kokemuksestasi helpomman ja paremman. Pid\u00e4mme tietosi turvassa, kerromme avoimesti, miksi ker\u00e4\u00e4mme niit\u00e4 ja miten niit\u00e4 k\u00e4ytet\u00e4\u00e4n, ja selit\u00e4mme ja kunnioitamme valintasi ja oikeutesi.<\/p>\n\n\n\n<p><strong>2.3. <\/strong>Voidakseen tehd\u00e4 kotiutuksen pelaajan on kierr\u00e4tett\u00e4v\u00e4 talletetut summat v\u00e4hint\u00e4\u00e4n kerran (1) ennen kotiutusta rahanpesun vastaisten toimenpiteiden mukaisesti.<\/p>\n\n\n\n<p><strong>2.4. <\/strong>Yhti\u00f6 voi k\u00e4ytt\u00e4\u00e4 lis\u00e4menetelmi\u00e4 asiakkaan henkil\u00f6llisyyden varmentamiseen (KYC) talletusten yhteydess\u00e4. N\u00e4ihin voi sis\u00e4lty\u00e4 \u2013 mutta ei rajoittuen \u2013 selfie henkil\u00f6llisyystodistuksen kanssa. Tilin varmentamiseksi vaaditaan latinalaisella tai kyrillisell\u00e4 aakkosella kirjoitettuja asiakirjoja (henkil\u00f6llisyystodistus, maksuasiakirjat, laskut jne.). Jos n\u00e4it\u00e4 ei voida toimittaa, voimme vaatia videovarmennuksen, jossa pelaaja n\u00e4ytt\u00e4\u00e4 asiakirjansa.<\/p>\n\n\n\n<p><strong>2.5. <\/strong>Saatamme soittaa tilille rekister\u00f6ityyn puhelinnumeroon osana KYC-prosessia. Maksuja ei suoriteta ennen kuin tili on t\u00e4ysin vahvistettu.<\/p>\n\n\n\n<p><strong>3. Mit\u00e4 henkil\u00f6tietoja ker\u00e4t\u00e4\u00e4n ja milloin<\/strong><\/p>\n\n\n\n<p><strong>3.1. Tilin rekister\u00f6innin yhteydess\u00e4:<\/strong><br><strong>3.1.1. <\/strong>Henkil\u00f6tiedot, kuten nimi, s\u00e4hk\u00f6postiosoite, postiosoite, puhelinnumero\/matkapuhelinnumero, sukupuoli tai syntym\u00e4aika.<br><strong>3.1.2. <\/strong>Valokuvallinen henkil\u00f6llisyystodistus ja osoitetodistus (asiakkaan tuntemisvelvollisuutta varten).<br><strong>3.1.3. <\/strong>Pankki- ja maksutiedot (esim. varojen alkuper\u00e4n arvioimiseksi).<br><strong>3.1.4. <\/strong>Kirjautumistiedot, kuten k\u00e4ytt\u00e4j\u00e4tunnus ja salasana.<\/p>\n\n\n\n<p><strong>3.2. Palveluidemme k\u00e4yt\u00f6n kautta:<\/strong><br><strong>3.2.1. <\/strong>Tietoja siit\u00e4, miten olet vuorovaikutuksessa tuotteidemme kanssa.<br><strong>3.2.2. <\/strong>Tietoja verkkosivustolla k\u00e4ytt\u00e4misest\u00e4si \u2013 katso lis\u00e4tietoja ev\u00e4stek\u00e4yt\u00e4nn\u00f6st\u00e4mme.<br><strong>3.2.3. <\/strong>Laitetiedot (malli, k\u00e4ytt\u00f6j\u00e4rjestelm\u00e4, IP-osoite, selain, mobiilitunnus).<br><strong>3.2.4. <\/strong>Puheluiden tallennus \u2013 voimme seurata tai tallentaa puheluita ohjeiden noudattamiseksi, tiedustelujen k\u00e4sittelemiseksi, s\u00e4\u00e4ntelyvaatimusten noudattamiseksi, palvelun ja koulutuksen parantamiseksi sek\u00e4 petosten havaitsemiseksi tai est\u00e4miseksi.<br><strong>3.2.5. <\/strong>Tiedot, jotka jaat vapaaehtoisesti kanssamme tai jotka olet julkaissut esimerkiksi sosiaalisen median kautta.<\/p>\n\n\n\n<p><strong>3.3. Erityiset tietoluokat<\/strong><br><strong>3.3.1. <\/strong>Henkil\u00f6tietoihin voi sis\u00e4lty\u00e4 niin sanottuja \u201derityisluokkia\u201d, esim. vastuulliseen pelaamiseen liittyvi\u00e4 terveystietoja (katso kohta \u201dMiksi ker\u00e4\u00e4mme henkil\u00f6tietojasi ja mill\u00e4 perusteella\u201d).<br><strong>3.3.2. <\/strong>Meill\u00e4 on lis\u00e4suojatoimia arkaluonteisille tiedoille ja niiden luottamuksellisuudelle (katso kohta \u201dTurvallisuus ja luottamuksellisuus \u201d).<\/p>\n\n\n\n<p><strong>4. Miksi ker\u00e4\u00e4mme henkil\u00f6tietojasi ja mill\u00e4 perusteella?<\/strong><\/p>\n\n\n\n<p><strong>4.1. <\/strong>Ymm\u00e4rr\u00e4mme luottamuksesi meihin. Tiedonkeruu on v\u00e4ltt\u00e4m\u00e4t\u00f6nt\u00e4, jotta voimme toimittaa sinulle haluamiasi palveluita ja tuotteita, parantaa ja personoida k\u00e4ytt\u00f6kokemustasi sek\u00e4 ottaa sinuun yhteytt\u00e4 t\u00e4rkeiden tietojen v\u00e4litt\u00e4miseksi. Joissakin tapauksissa tiedonkeruu ja k\u00e4ytt\u00f6 ovat lain edellytt\u00e4mi\u00e4. Meid\u00e4n on my\u00f6s esitett\u00e4v\u00e4 oikeusperusta jokaiselle k\u00e4sittelylle.<\/p>\n\n\n\n<p><strong>4.2. Sopimus \u2013 jos k\u00e4sittely on tarpeen sopimuksemme t\u00e4yt\u00e4nt\u00f6\u00f6npanemiseksi kanssasi. <\/strong>K\u00e4ytt\u00f6ehdoissamme m\u00e4\u00e4ritell\u00e4\u00e4n tarjoamamme palvelut:<br><strong>4.2.1. <\/strong>Palveluidemme saataville asettaminen: pelien ja tietojen tarjoaminen sek\u00e4 pyynt\u00f6jen hallinta; palveluiden hallinnointi (esim. salasanamuistutukset, toimintailmoitukset, tietosuoja-\/ev\u00e4stek\u00e4yt\u00e4nn\u00f6n tai -ehtojen p\u00e4ivitykset, muistutus passiivisesta tilist\u00e4 ennen sulkemista); ja tapahtumien k\u00e4sittely.<\/p>\n\n\n\n<p><strong>4.3. Oikeutettu etu \u2013 kun k\u00e4sittely on tarpeen alla mainittujen tarkoitusten toteuttamiseksi, eiv\u00e4tk\u00e4 etusi\/oikeutesi ole niit\u00e4 t\u00e4rke\u00e4mpi\u00e4. <\/strong>Otamme huomioon sen, mist\u00e4 sinulle kerrottiin, odotuksesi, tietojen luonteen ja niiden vaikutuksen sinuun.<\/p>\n\n\n\n<p><strong>4.3.1. Personointi : <\/strong>tarjotaksemme osuvampia ja r\u00e4\u00e4t\u00e4l\u00f6idympi\u00e4 palveluita (esim. pelihistoriaan perustuvia suosituksia). Jos olet kirjautunut sis\u00e4\u00e4n tai tilaat markkinointiviestej\u00e4, saatat saada personoitua k\u00e4ytt\u00f6kokemusta. Voit peruuttaa tilauksen tai pyyt\u00e4\u00e4 depersonointia asiakaspalvelun tai tietosuojavastaavan kautta.<\/p>\n\n\n\n<p><strong>4.3.2. Palveluiden ja tuotteiden parantaminen: <\/strong>mahdollisimman k\u00e4ytt\u00e4j\u00e4yst\u00e4v\u00e4llisimm\u00e4n k\u00e4ytt\u00f6kokemuksen tarjoaminen; analysointi ja tutkimus; uusien j\u00e4rjestelmien ja p\u00e4ivitysten testaus; markkinoinnin arviointi; mallinnus, tilastointi ja trendianalyysi tarjonnan kehitt\u00e4miseksi ja parantamiseksi.<\/p>\n\n\n\n<p><strong>4.3.3. Yhteydenotto ja vuorovaikutus: <\/strong>yhteydenotto sinuun puhelimitse, s\u00e4hk\u00f6postitse, postitse tai sosiaalisessa mediassa; kampanjoiden\/kilpailujen hallinnointi; kutsu sinut osallistumaan kyselyihin ja markkinatutkimuksiin (vapaaehtoinen); kysymyksiin ja valituksiin vastaaminen.<\/p>\n\n\n\n<p><strong>4.3.4. Turvallisuus ja pelikokemus: <\/strong>luvattomien ohjelmistojen k\u00e4yt\u00f6n est\u00e4minen ja havaitseminen; ehtojen rikkomisen est\u00e4minen; kohtuuhintaisuustarkistusten suorittaminen sen varmistamiseksi, ett\u00e4 sinulla on riitt\u00e4v\u00e4sti varoja.<\/p>\n\n\n\n<p><strong>4.4. Erityiset tietoryhm\u00e4t<\/strong><br><strong>4.4.1. <\/strong>K\u00e4sittelemme t\u00e4llaisia tietoja vain, jos: olet antanut nimenomaisen suostumuksesi; olet julkistanut tiedot; se on tarpeen oikeudelliseen vaateeseen vastaamiseksi; tai EU:n\/kansallisen lains\u00e4\u00e4d\u00e4nn\u00f6n mukaisista yleisen edun mukaisista pakottavista syist\u00e4.<\/p>\n\n\n\n<p><strong>5. Milloin jaamme henkil\u00f6tietojasi?<\/strong><\/p>\n\n\n\n<p><strong>5.1. <\/strong>Yleiss\u00e4\u00e4nt\u00f6n\u00e4 emme jaa tietojasi yritysryhm\u00e4mme ulkopuolisten kolmansien osapuolten kanssa markkinointitarkoituksiin. Voimme kuitenkin jakaa tietoja muiden yritysten, puolestamme toimivien toimittajien tai muiden osapuolten kanssa lakis\u00e4\u00e4teisten velvoitteiden noudattamiseksi. Esimerkiksi fuusion tai myynnin yhteydess\u00e4 asiakastietoja voidaan sis\u00e4llytt\u00e4\u00e4 tietoihin \u2013 ilmoitamme sinulle ennen t\u00e4llaista siirtoa. Vaikka tietoja jaettaisiin, niit\u00e4 k\u00e4ytet\u00e4\u00e4n ainoastaan t\u00e4m\u00e4n k\u00e4yt\u00e4nn\u00f6n mukaisesti.<\/p>\n\n\n\n<p><strong>5.2. <\/strong>Voimme jakaa henkil\u00f6tietoja:<br><strong>5.2.1. <\/strong>s\u00e4\u00e4ntelyviranomaisen pyynn\u00f6st\u00e4 tai lain edellytt\u00e4m\u00e4ll\u00e4 tavalla;<br><strong>5.2.2. <\/strong>m\u00e4\u00e4r\u00e4\u00e4m\u00e4ll\u00e4 rahoituslaitoksen toimittamaan tietoja s\u00e4\u00e4ntelyviranomaiselle;<br><strong>5.2.3. <\/strong>oikeudellisten vaatimusten laatimiseksi, esitt\u00e4miseksi tai puolustamiseksi;<br><strong>5.2.4. <\/strong>kolmansille osapuolille todentamista, arvon tarkastuksia ja petosten havaitsemista varten;<br><strong>5.2.5. <\/strong>palveluntarjoajille teknologiaa, tietojen tallennusta\/yhdist\u00e4mist\u00e4, maksuja ja asiaankuuluvaa mainontaa varten;<br><strong>5.2.6. <\/strong>ulkopuolisille tilintarkastajille riippumattomia tarkastuksia varten;<br><strong>5.2.7. <\/strong>ostajille\/siirronsaajille liiketoiminnan\/oikeuksien myynnin tai siirron yhteydess\u00e4;<br><strong>5.2.8. <\/strong>omistusoikeuden haltijoille; tai<br><strong>5.2.9. <\/strong>asiaankuuluvalle s\u00e4\u00e4ntelyviranomaiselle itsens\u00e4 poissulkemiseen liittyviss\u00e4 asioissa.<\/p>\n\n\n\n<p><strong>6. Kuinka kauan snatchcasino.io s\u00e4ilytt\u00e4\u00e4 tietojani?<\/strong><\/p>\n\n\n\n<p><strong>6.1. <\/strong>S\u00e4ilyt\u00e4mme tietoja vain niin kauan kuin on tarpeen niiden ker\u00e4\u00e4mistarkoitusten toteuttamiseksi.<\/p>\n\n\n\n<p><strong>6.2. <\/strong>Asiakkaana tietoja tallennetaan lakis\u00e4\u00e4teisten ja sopimusvelvoitteiden t\u00e4ytt\u00e4miseksi. Kun lopetat palveluidemme k\u00e4yt\u00f6n, s\u00e4ilyt\u00e4mme tiettyj\u00e4 tietoja tietyn ajan:<br><strong>6.2.1. <\/strong>EU:n\/paikallisen lains\u00e4\u00e4d\u00e4nn\u00f6n (esim. rahanpesun est\u00e4minen, lupamenettelyt) noudattamiseksi;<br><strong>6.2.2. <\/strong>oikeudellisten vaatimusten hallinnoimiseksi tai puolustamiseksi;<br><strong>6.2.3. <\/strong>sopimusvelvoitteiden ja -oikeuksien t\u00e4ytt\u00e4miseksi;<br><strong>6.2.4. <\/strong>oikeutettujen etujen tyydytt\u00e4miseksi etujen punninta j\u00e4lkeen;<br><strong>6.2.5. <\/strong>asiaankuuluvien tietosuojaviranomaisten ohjeiden noudattamiseksi.<\/p>\n\n\n\n<p><strong>7. Oikeutesi ja valintasi<\/strong><\/p>\n\n\n\n<p><strong>7.1. <\/strong>Sinulla on lain mukaan useita oikeuksia henkil\u00f6tietoihisi liittyen. K\u00e4ytt\u00e4\u00e4ksesi n\u00e4it\u00e4 oikeuksia, ota yhteytt\u00e4 tietosuojavastaavaamme osoitteessa <strong>compliance@snatchcasino.io <\/strong>. Voit pyyt\u00e4\u00e4 p\u00e4\u00e4sy\u00e4 tietoihin, oikaista niit\u00e4, poistaa niit\u00e4, vastustaa niiden k\u00e4sittely\u00e4, peruuttaa suostumuksesi ja saada tiedot siirretyksi. Voit my\u00f6s tehd\u00e4 valituksen tietosuojaviranomaisellesi. Sinulla on my\u00f6s oikeuksia automatisoituun p\u00e4\u00e4t\u00f6ksentekoon ja profilointiin liittyen.<\/p>\n\n\n\n<p><strong>7.2. <\/strong>Rekister\u00f6itymisen yhteydess\u00e4 pyyt\u00e4m\u00e4mme tiedot ovat pakollisia (ellei toisin mainita). Jos et anna niit\u00e4, et voi k\u00e4ytt\u00e4\u00e4 palveluitamme.<\/p>\n\n\n\n<p><strong>7.3. Oikeus tutustua tietoihin ja oikaista niit\u00e4. <\/strong>Voit pyyt\u00e4\u00e4 maksutta kopion hallussamme olevista sinua koskevista tiedoista sek\u00e4 virheellisten tai vanhentuneiden tietojen korjaamista tai poistamista tietosuojavastaavan tai asiakaspalvelun kautta osoitteessa <strong>compliance@snatchcasino.io <\/strong>.<\/p>\n\n\n\n<p><strong>7.4. Oikeus tietojen poistamiseen. <\/strong>Tietyiss\u00e4 tapauksissa voit pyyt\u00e4\u00e4 meit\u00e4 poistamaan tietosi, esimerkiksi kun:<br><strong>7.4.1. <\/strong>tietoja ei en\u00e4\u00e4 tarvita kyseisiin tarkoituksiin;<br><strong>7.4.2. <\/strong>peruutat suostumuksesi eik\u00e4 sille ole muuta laillista perustetta;<br><strong>7.4.3. <\/strong>k\u00e4sittelemme tietoja oikeutetun edun perusteella, eik\u00e4 t\u00e4m\u00e4 ole en\u00e4\u00e4 t\u00e4rke\u00e4mp\u00e4\u00e4;<br><strong>7.4.4. <\/strong>laillista perustetta ei ole;<br><strong>7.4.5. <\/strong>poistaminen on lain edellytt\u00e4m\u00e4\u00e4. (Huomaa EU:n\/paikallisen lains\u00e4\u00e4d\u00e4nn\u00f6n mukaiset pakolliset s\u00e4ilytysajat.)<\/p>\n\n\n\n<p><strong>7.5. Oikeus rajoittaa k\u00e4sittely\u00e4. <\/strong>Voit pyyt\u00e4\u00e4 meit\u00e4 rajoittamaan k\u00e4sittely\u00e4, jos:<br><strong>7.5.1. <\/strong>kiist\u00e4t tietojen paikkansapit\u00e4vyyden (meid\u00e4n hallinnassamme),<br><strong>7.5.2. <\/strong>k\u00e4sittely on laitonta ja vastustat niiden poistamista,<br><strong>7.5.3. <\/strong>emme en\u00e4\u00e4 tarvitse tietoja, mutta tarvitset niit\u00e4 oikeudelliseen vaateeseen perustuen,<br><strong>7.5.4. <\/strong>vastustat oikeutetun etumme perusteella tapahtuvaa k\u00e4sittely\u00e4 (meid\u00e4n hallinnassamme).<\/p>\n\n\n\n<p><strong>7.6. Oikeus siirt\u00e4\u00e4 tiedot j\u00e4rjestelm\u00e4st\u00e4 toiseen. <\/strong>Voit saada antamasi tiedot yleisesti k\u00e4ytetyss\u00e4, koneellisesti luettavassa muodossa, kun k\u00e4sittely perustuu suostumukseen tai sopimukseen ja se suoritetaan automaattisesti.<\/p>\n\n\n\n<p><strong>7.7. Vastustamisoikeus. <\/strong>Voit vastustaa oikeutetun etumme perusteella tapahtuvaa k\u00e4sittely\u00e4 (mukaan lukien profilointi) tai tutkimus-\/tilastotarkoitusta. Voit aina vastustaa suoramarkkinointia (mukaan lukien profilointi).<\/p>\n\n\n\n<p><strong>7.8. Oikeus peruuttaa suostumus. <\/strong>Kun k\u00e4yt\u00e4mme suostumustasi (esim. markkinointitarkoituksiin), voit peruuttaa sen milloin tahansa. K\u00e4yt\u00e4 viestinn\u00e4ss\u00e4mme olevaa \u201dperuuta tilaus\u201d -vaihtoehtoa tai ota yhteytt\u00e4 tietosuojavastaavaan osoitteessa <strong>compliance@snatchcasino.io <\/strong>.<\/p>\n\n\n\n<p><strong>7.9. Automatisoidut p\u00e4\u00e4t\u00f6kset, mukaan lukien profilointi. <\/strong>Saatamme k\u00e4ytt\u00e4\u00e4 automatisoituja p\u00e4\u00e4t\u00f6ksi\u00e4 nopeuden ja johdonmukaisuuden takaamiseksi, mik\u00e4 voi vaikuttaa tarjottuihin tuotteisiin\/palveluihin tai kykyysi k\u00e4ytt\u00e4\u00e4 niit\u00e4. Esimerkkej\u00e4:<br><strong>7.9.1. <\/strong>tuotteiden\/palveluiden r\u00e4\u00e4t\u00e4l\u00f6inti segmentoinnin avulla,<br><strong>7.9.2. <\/strong>petosten havaitseminen ja rahanpesun est\u00e4miseksi teht\u00e4v\u00e4t tarkastukset (tilit voidaan est\u00e4\u00e4),<br><strong>7.9.3. <\/strong>tilinavaustarkastukset (ik\u00e4, asuinpaikka, kansalaisuus, talous),<br><strong>7.9.4. <\/strong>uhkapelaamiseen liittyv\u00e4 riskinarviointi.<br>Sinulla on oikeus olla joutumatta yksinomaan automatisoituun k\u00e4sittelyyn perustuvien p\u00e4\u00e4t\u00f6sten kohteeksi, joilla on oikeudellisia tai vastaavia merkitt\u00e4vi\u00e4 vaikutuksia, paitsi silloin, kun se on tarpeen sopimuksen t\u00e4yt\u00e4nt\u00f6\u00f6n panemiseksi, lain sallimaa tai nimenomaisen suostumuksesi perusteella. T\u00e4m\u00e4n osion mukaiset pyynn\u00f6t tulee l\u00e4hett\u00e4\u00e4 osoitteeseen <strong>compliance@snatchcasino.io <\/strong>. Vastaamme ilman aiheetonta viivytyst\u00e4 ja kuukauden kuluessa (m\u00e4\u00e4r\u00e4aikaa voidaan tarvittaessa pident\u00e4\u00e4 kuukaudella). Kielt\u00e4ytymisen tapauksessa annamme perustelut. Jos pyynt\u00f6 ei t\u00e4yt\u00e4 lain vaatimuksia, voimme peri\u00e4 kohtuullisen maksun tai hyl\u00e4t\u00e4 pyynn\u00f6n.<\/p>\n\n\n\n<p><strong>8. Turvallisuus ja luottamuksellisuus<\/strong><\/p>\n\n\n\n<p><strong>8.1. <\/strong>Suojaamme meille uskomiasi tietoja ja k\u00e4sittelemme niit\u00e4 turvallisesti t\u00e4m\u00e4n k\u00e4yt\u00e4nn\u00f6n ja tiukkojen tietosuojastandardien mukaisesti. Meill\u00e4 on k\u00e4yt\u00f6ss\u00e4 vankat menettelyt ja teknologia luvattoman p\u00e4\u00e4syn ja v\u00e4\u00e4rink\u00e4yt\u00f6n est\u00e4miseksi.<\/p>\n\n\n\n<p><strong>8.2. <\/strong>Maksuntarjoajamme salaavat korttitiedot. Teemme yhteisty\u00f6t\u00e4 vain johtavien maksupalveluntarjoajien kanssa.<\/p>\n\n\n\n<p><strong>8.3. <\/strong>Riippumattomat tietoturva-asiantuntijat testaavat j\u00e4rjestelmi\u00e4mme ja sovelluksiamme useita kertoja vuodessa. Tunkeutumisen havaitsemisj\u00e4rjestelm\u00e4 valvoo kaikkea verkkoliikennett\u00e4 24\/7.<\/p>\n\n\n\n<p><strong>8.4. <\/strong>Meill\u00e4 on erillinen petostentorjuntaosasto ja edistyneet j\u00e4rjestelm\u00e4t ep\u00e4ilytt\u00e4v\u00e4n toiminnan havaitsemiseksi ja est\u00e4miseksi.<\/p>\n\n\n\n<p><strong>8.5. <\/strong>Ep\u00e4ilytt\u00e4v\u00e4\u00e4 toimintaa sis\u00e4lt\u00e4v\u00e4t tilit estet\u00e4\u00e4n ja tutkitaan. Ota meihin v\u00e4litt\u00f6m\u00e4sti yhteytt\u00e4, jos sinulla on huolenaiheita, kuten tuntemattomia tapahtumia tai odottamattomia saldomuutoksia.<\/p>\n\n\n\n<p><strong>8.6. <\/strong>snatchcasino.io k\u00e4ytt\u00e4\u00e4 SSL-salausta suojatakseen tietoja siirron aikana. Emme koskaan ker\u00e4\u00e4, tallenna tai l\u00e4het\u00e4 korttitietojasi; maksut k\u00e4sitell\u00e4\u00e4n kokonaan maksuyhdysk\u00e4yt\u00e4v\u00e4n suojattujen palvelimien kautta.<\/p>\n\n\n\n<p><strong>9. Valitukset<\/strong><\/p>\n\n\n\n<p><strong>9.1. <\/strong>Jos haluat valittaa henkil\u00f6tietojesi k\u00e4sittelyst\u00e4, ota yhteytt\u00e4 tietosuojavastaavaamme osoitteessa <strong>compliance@snatchcasino.io <\/strong>.<\/p>\n\n\n\n<p><strong>9.2. <\/strong>Jos et ole tyytyv\u00e4inen vastaukseemme tai uskot, ett\u00e4 k\u00e4sittelemme tietojasi lainvastaisesti, voit ottaa yhteytt\u00e4 kansalliseen tietosuojaviranomaiseen.<\/p>\n\n\n\n<p><strong>10. Tietosuojak\u00e4yt\u00e4nn\u00f6n muutokset<\/strong><\/p>\n\n\n\n<p><strong>10.1. <\/strong>K\u00e4yt\u00e4nt\u00f6\u00e4 voidaan p\u00e4ivitt\u00e4\u00e4 vastaamaan toimintamme tai s\u00e4\u00e4ntelymme muutoksia. Viimeisin p\u00e4ivitysp\u00e4iv\u00e4m\u00e4\u00e4r\u00e4 n\u00e4kyy t\u00e4ll\u00e4 sivulla. Jos et hyv\u00e4ksy muutoksia, sinun tulee pid\u00e4tt\u00e4yty\u00e4 antamasta tietoja tai k\u00e4ytt\u00e4m\u00e4st\u00e4 Palveluita. K\u00e4yt\u00f6n jatkaminen tarkoittaa, ett\u00e4 hyv\u00e4ksyt muutokset. Voit poistaa tilisi milloin tahansa. Olennaisten muutosten (esim. tietojen k\u00e4ytt\u00f6tavan muuttuminen) sattuessa annamme selke\u00e4mpi\u00e4 tietoja esimerkiksi s\u00e4hk\u00f6postitse, ja sinun on ehk\u00e4 hyv\u00e4ksytt\u00e4v\u00e4 muutokset voidaksesi jatkaa Palveluiden k\u00e4ytt\u00f6\u00e4.<\/p>\n\n\n\n<p><strong>11. Sitoumuksesi<\/strong><\/p>\n\n\n\n<p><strong>11.1. <\/strong>K\u00e4ytt\u00e4m\u00e4ll\u00e4 snatchcasino.io-sivustoa ja antamalla henkil\u00f6tietojasi vahvistat, ett\u00e4 annat meille vaaditut tarkat, ajantasaiset ja t\u00e4ydelliset tiedot ja ett\u00e4 ilmoitat meille kaikista muutoksista, jotta tiedot pysyv\u00e4t ajan tasalla.<\/p>\n\n\n\n<p><strong>11.2. <\/strong>Jos rikot t\u00e4t\u00e4 tai meill\u00e4 on perusteltu syy ep\u00e4ill\u00e4 virheellisi\u00e4\/puutteellisia tietoja tai muuta tietosuojalain tai t\u00e4m\u00e4n k\u00e4yt\u00e4nn\u00f6n rikkomista, voimme ev\u00e4t\u00e4 rekister\u00f6innin tai sulkea\/j\u00e4\u00e4dytt\u00e4\u00e4 tilisi v\u00e4litt\u00f6m\u00e4sti ilman erillist\u00e4 ilmoitusta ja ilman oikeutta korvaukseen.<\/p>\n<\/div>\n<\/div>\n","protected":false},"excerpt":{"rendered":"<p>TIETOSUOJAK\u00c4YT\u00c4NT\u00d6 1. Johdanto 1.1. T\u00e4m\u00e4 tietosuojak\u00e4yt\u00e4nt\u00f6 on viimeksi p\u00e4ivitetty 01.05.2024, ja se kuvaa snatchcasino.io:n suorittamaa henkil\u00f6tietojen k\u00e4sittely\u00e4. Haluamme pit\u00e4\u00e4 asiat [&hellip;]<\/p>\n","protected":false},"author":7,"featured_media":0,"parent":0,"menu_order":0,"comment_status":"closed","ping_status":"closed","template":"","meta":{"_eb_attr":"","site-sidebar-layout":"default","site-content-layout":"","ast-site-content-layout":"default","site-content-style":"default","site-sidebar-style":"default","ast-global-header-display":"","ast-banner-title-visibility":"","ast-main-header-display":"","ast-hfb-above-header-display":"","ast-hfb-below-header-display":"","ast-hfb-mobile-header-display":"","site-post-title":"disabled","ast-breadcrumbs-content":"","ast-featured-img":"","footer-sml-layout":"","ast-disable-related-posts":"","theme-transparent-header-meta":"","adv-header-id-meta":"","stick-header-meta":"","header-above-stick-meta":"","header-main-stick-meta":"","header-below-stick-meta":"","astra-migrate-meta-layouts":"default","ast-page-background-enabled":"default","ast-page-background-meta":{"desktop":{"background-color":"var(--ast-global-color-5)","background-image":"","background-repeat":"repeat","background-position":"center center","background-size":"auto","background-attachment":"scroll","background-type":"","background-media":"","overlay-type":"","overlay-color":"","overlay-opacity":"","overlay-gradient":""},"tablet":{"background-color":"","background-image":"","background-repeat":"repeat","background-position":"center center","background-size":"auto","background-attachment":"scroll","background-type":"","background-media":"","overlay-type":"","overlay-color":"","overlay-opacity":"","overlay-gradient":""},"mobile":{"background-color":"","background-image":"","background-repeat":"repeat","background-position":"center center","background-size":"auto","background-attachment":"scroll","background-type":"","background-media":"","overlay-type":"","overlay-color":"","overlay-opacity":"","overlay-gradient":""}},"ast-content-background-meta":{"desktop":{"background-color":"var(--ast-global-color-4)","background-image":"","background-repeat":"repeat","background-position":"center center","background-size":"auto","background-attachment":"scroll","background-type":"","background-media":"","overlay-type":"","overlay-color":"","overlay-opacity":"","overlay-gradient":""},"tablet":{"background-color":"var(--ast-global-color-4)","background-image":"","background-repeat":"repeat","background-position":"center center","background-size":"auto","background-attachment":"scroll","background-type":"","background-media":"","overlay-type":"","overlay-color":"","overlay-opacity":"","overlay-gradient":""},"mobile":{"background-color":"var(--ast-global-color-4)","background-image":"","background-repeat":"repeat","background-position":"center center","background-size":"auto","background-attachment":"scroll","background-type":"","background-media":"","overlay-type":"","overlay-color":"","overlay-opacity":"","overlay-gradient":""}},"footnotes":""},"class_list":["post-280","page","type-page","status-publish","hentry"],"_links":{"self":[{"href":"https:\/\/snatchcasino-se.com\/fi\/wp-json\/wp\/v2\/pages\/280","targetHints":{"allow":["GET"]}}],"collection":[{"href":"https:\/\/snatchcasino-se.com\/fi\/wp-json\/wp\/v2\/pages"}],"about":[{"href":"https:\/\/snatchcasino-se.com\/fi\/wp-json\/wp\/v2\/types\/page"}],"author":[{"embeddable":true,"href":"https:\/\/snatchcasino-se.com\/fi\/wp-json\/wp\/v2\/users\/7"}],"replies":[{"embeddable":true,"href":"https:\/\/snatchcasino-se.com\/fi\/wp-json\/wp\/v2\/comments?post=280"}],"version-history":[{"count":1,"href":"https:\/\/snatchcasino-se.com\/fi\/wp-json\/wp\/v2\/pages\/280\/revisions"}],"predecessor-version":[{"id":361,"href":"https:\/\/snatchcasino-se.com\/fi\/wp-json\/wp\/v2\/pages\/280\/revisions\/361"}],"wp:attachment":[{"href":"https:\/\/snatchcasino-se.com\/fi\/wp-json\/wp\/v2\/media?parent=280"}],"curies":[{"name":"wp","href":"https:\/\/api.w.org\/{rel}","templated":true}]}}