{"id":279,"date":"2025-09-10T05:08:38","date_gmt":"2025-09-10T05:08:38","guid":{"rendered":"https:\/\/snatchcasino-se.com\/?page_id=279"},"modified":"2026-02-19T12:04:28","modified_gmt":"2026-02-19T12:04:28","slug":"evastekaytanto","status":"publish","type":"page","link":"https:\/\/snatchcasino-se.com\/fi\/evastekaytanto\/","title":{"rendered":"EV\u00c4STEK\u00c4YT\u00c4NT\u00d6"},"content":{"rendered":"\n<div class=\"wp-block-columns alignwide has-ast-global-color-7-color has-text-color has-link-color wp-elements-cadd67270baa5a2073489bf965120409 is-layout-flex wp-container-core-columns-is-layout-28f84493 wp-block-columns-is-layout-flex\">\n<div class=\"wp-block-column is-layout-flow wp-block-column-is-layout-flow\">\n<h2 class=\"wp-block-heading has-ast-global-color-7-color has-text-color has-link-color wp-elements-a78662e6289a69e14abfb00e4abf6de2\">EV\u00c4STEK\u00c4YT\u00c4NT\u00d6<\/h2>\n\n\n\n<p>T\u00e4ss\u00e4 asiakirjassa kuvataan, kuinka k\u00e4yt\u00e4mme ev\u00e4steit\u00e4 snatchcasino.io-sivustolla (\u201dSivusto\u201d). Termit \u201dme\u201d, \u201dmeit\u00e4\u201d ja \u201dmeid\u00e4n\u201d viittaavat snatchcasino.io-sivustoon, joka on Cura\u00e7aon lakien mukaisesti rekister\u00f6ity oikeushenkil\u00f6.<\/p>\n\n\n\n<p><strong>Mik\u00e4 on ev\u00e4ste?<\/strong><\/p>\n\n\n\n<p>Ev\u00e4ste on pieni tekstitiedosto, joka ladataan p\u00e4\u00e4telaitteellesi (esim. tietokoneelle tai \u00e4lypuhelimelle), kun vierailet verkkosivustollamme. Sen avulla voimme tunnistaa laitteesi ja tallentaa tiettyj\u00e4 tietoja mieltymyksist\u00e4si tai aiemmista toimistasi.<\/p>\n\n\n\n<p>Selaimesi lataa ev\u00e4steet, kun vierailet verkkosivustolla ensimm\u00e4isen kerran. Seuraavalla kerralla, kun vierailet samalla laitteella, ev\u00e4ste ja tallennetut tiedot l\u00e4hetet\u00e4\u00e4n takaisin sen luoneelle verkkosivustolle (ensimm\u00e4isen osapuolen ev\u00e4ste) tai toiselle verkkosivustolle, johon ev\u00e4ste kuuluu (kolmannen osapuolen ev\u00e4ste).<\/p>\n\n\n\n<p>Ev\u00e4steit\u00e4 on kahdenlaisia: istuntoev\u00e4steit\u00e4 ja pysyvi\u00e4 ev\u00e4steit\u00e4. Istuntoev\u00e4steet poistetaan, kun suljet selaimen tai mobiilisovelluksen . Pysyv\u00e4t ev\u00e4steet pysyv\u00e4t laitteellasi ennalta m\u00e4\u00e4r\u00e4tyn ajan.<\/p>\n\n\n\n<p>K\u00e4yt\u00e4mme sek\u00e4 istuntokohtaisia ev\u00e4steit\u00e4, pysyvi\u00e4 ev\u00e4steit\u00e4 ja muita vastaavia tekniikoita (\u201dev\u00e4steit\u00e4\u201d).<\/p>\n\n\n\n<p><strong>Miksi k\u00e4yt\u00e4mme ev\u00e4steit\u00e4?<\/strong><\/p>\n\n\n\n<p><strong>Ehdottoman v\u00e4ltt\u00e4m\u00e4tt\u00f6m\u00e4t ev\u00e4steet:<\/strong><\/p>\n\n\n\n<p>Jotta verkkosivusto toimisi ja k\u00e4ytt\u00e4jille tarjotaan hy\u00f6dyllinen k\u00e4ytt\u00f6liittym\u00e4 (palvelujemme tarjoamisen tarpeen perusteella). Verkkosivusto ei voi toimia kunnolla ilman n\u00e4it\u00e4 ev\u00e4steit\u00e4. Ne eiv\u00e4t tallenna henkil\u00f6tietoja ja niiden avulla voimme muun muassa:<\/p>\n\n\n\n<ul class=\"wp-block-list\">\n<li>varmistaa, ett\u00e4 tilinomistajan asettamat vedot on linkitetty h\u00e4nen vetokuponkiinsa ja tiliins\u00e4, ja<\/li>\n\n\n\n<li>varmistaa, ett\u00e4 tilinomistaja saa h\u00e4nelle kuuluvat bonukset.<\/li>\n<\/ul>\n\n\n\n<p><strong>Muita ev\u00e4stetyyppej\u00e4:<\/strong><\/p>\n\n\n\n<ul class=\"wp-block-list\">\n<li>analysoidaksemme verkkosivuston k\u00e4ytt\u00f6tilastoja (yhdistettyj\u00e4 tietoja ilman laitteen henkil\u00f6llisyyden tunnistamista) ja suorittaaksemme markkinatutkimusta omien ratkaisujemme, Google Analyticsin ja\/tai Facebook Pixelin, avulla. N\u00e4m\u00e4 ev\u00e4steet auttavat meit\u00e4 ymm\u00e4rt\u00e4m\u00e4\u00e4n, miten k\u00e4vij\u00e4t ovat vuorovaikutuksessa verkkosivuston kanssa, ja parantamaan sen suorituskyky\u00e4;<\/li>\n\n\n\n<li>verkkosivuston sis\u00e4ll\u00f6n mukauttamiseksi;<\/li>\n\n\n\n<li>n\u00e4ytt\u00e4\u00e4kseen r\u00e4\u00e4t\u00e4l\u00f6ityj\u00e4 mainoksia;<\/li>\n\n\n\n<li>mukauttaaksemme verkkosivuston kielen tarpeisiisi.<\/li>\n<\/ul>\n\n\n\n<p>Huomaathan, ett\u00e4 s\u00e4ilyt\u00e4mme ev\u00e4steit\u00e4 koskevia tietoja jopa 6 kuukautta viimeisimm\u00e4st\u00e4 verkkosivustolla k\u00e4ynnist\u00e4si. Joillakin ev\u00e4steill\u00e4 voi olla omat, automaattisesti m\u00e4\u00e4ritetyt s\u00e4ilytysaikansa, joihin emme voi vaikuttaa. Lis\u00e4tietoja s\u00e4ilytysajoista saat skannaamalla verkkosivuston k\u00e4ytt\u00e4m\u00e4ll\u00e4 palveluita, kuten <a href=\"https:\/\/cookiepedia.co.uk\/\" target=\"_blank\" rel=\"noopener\">https:\/\/cookiepedia.co.uk\/ <\/a>.<\/p>\n\n\n\n<p><strong>Ev\u00e4steiden hallinta<\/strong><\/p>\n\n\n\n<p>Saatamme asettaa ev\u00e4steit\u00e4 laitteellesi oletuksena, jos ne ovat ehdottoman v\u00e4ltt\u00e4m\u00e4tt\u00f6mi\u00e4 verkkosivuston toiminnan kannalta. Kaikkien muiden ev\u00e4stetyyppien osalta tarvitsemme suostumuksesi.<\/p>\n\n\n\n<p>Ellet toisin valitse, tallennamme ja k\u00e4sittelemme vain verkkosivuston toiminnan kannalta v\u00e4ltt\u00e4m\u00e4tt\u00f6mi\u00e4 ev\u00e4steit\u00e4. Jos et halua, ett\u00e4 sinua seurataan muuntyyppisill\u00e4 ev\u00e4steill\u00e4, voit pid\u00e4tt\u00e4yty\u00e4 antamasta suostumusta aluksi tai peruuttaa sen my\u00f6hemmin.<\/p>\n\n\n\n<p>Voit n\u00e4hd\u00e4 ev\u00e4steiden tietyt kategoriat ponnahdusikkunassa , joka tulee n\u00e4kyviin ensimm\u00e4isell\u00e4 verkkosivustovierailullasi. Napsauttamalla &#8221;Salli kaikki ev\u00e4steet&#8221; suostut ev\u00e4steiden k\u00e4ytt\u00f6\u00f6n kaikkiin yll\u00e4 lueteltuihin tarkoituksiin.<\/p>\n\n\n\n<p>Jos hylk\u00e4\u00e4t muuntyyppiset ev\u00e4steet, se vaikuttaa verkkosivuston k\u00e4ytt\u00f6kokemukseesi, koska seuraavilla k\u00e4ynneill\u00e4 ei tapahdu personointia tai laitteen tunnistusta.<\/p>\n\n\n\n<p>Voit muuttaa tai peruuttaa suostumuksesi milloin tahansa ottamalla meihin yhteytt\u00e4. Selaimesi avulla voit my\u00f6s hallita ja rajoittaa ev\u00e4steit\u00e4 laitteellasi.<\/p>\n\n\n\n<p>Huomaa, ett\u00e4 jos poistat kaikki ev\u00e4steet kokonaan k\u00e4yt\u00f6st\u00e4 tai kaikki ev\u00e4steemme selaimesi asetuksista, jotkin verkkosivuston osat tai ominaisuudet saattavat lakata toimimasta. Siksi suosittelemme, ett\u00e4 k\u00e4yt\u00e4t verkkosivuston ev\u00e4steasetuksia sen sijaan, ett\u00e4 poistaisit k\u00e4yt\u00f6st\u00e4 kaikki ev\u00e4steet selaimessasi.<\/p>\n<\/div>\n<\/div>\n","protected":false},"excerpt":{"rendered":"<p>EV\u00c4STEK\u00c4YT\u00c4NT\u00d6 T\u00e4ss\u00e4 asiakirjassa kuvataan, kuinka k\u00e4yt\u00e4mme ev\u00e4steit\u00e4 snatchcasino.io-sivustolla (\u201dSivusto\u201d). Termit \u201dme\u201d, \u201dmeit\u00e4\u201d ja \u201dmeid\u00e4n\u201d viittaavat snatchcasino.io-sivustoon, joka on Cura\u00e7aon lakien [&hellip;]<\/p>\n","protected":false},"author":7,"featured_media":0,"parent":0,"menu_order":0,"comment_status":"closed","ping_status":"closed","template":"","meta":{"_eb_attr":"","site-sidebar-layout":"default","site-content-layout":"","ast-site-content-layout":"default","site-content-style":"default","site-sidebar-style":"default","ast-global-header-display":"","ast-banner-title-visibility":"","ast-main-header-display":"","ast-hfb-above-header-display":"","ast-hfb-below-header-display":"","ast-hfb-mobile-header-display":"","site-post-title":"disabled","ast-breadcrumbs-content":"","ast-featured-img":"","footer-sml-layout":"","ast-disable-related-posts":"","theme-transparent-header-meta":"","adv-header-id-meta":"","stick-header-meta":"","header-above-stick-meta":"","header-main-stick-meta":"","header-below-stick-meta":"","astra-migrate-meta-layouts":"default","ast-page-background-enabled":"default","ast-page-background-meta":{"desktop":{"background-color":"var(--ast-global-color-5)","background-image":"","background-repeat":"repeat","background-position":"center center","background-size":"auto","background-attachment":"scroll","background-type":"","background-media":"","overlay-type":"","overlay-color":"","overlay-opacity":"","overlay-gradient":""},"tablet":{"background-color":"","background-image":"","background-repeat":"repeat","background-position":"center center","background-size":"auto","background-attachment":"scroll","background-type":"","background-media":"","overlay-type":"","overlay-color":"","overlay-opacity":"","overlay-gradient":""},"mobile":{"background-color":"","background-image":"","background-repeat":"repeat","background-position":"center center","background-size":"auto","background-attachment":"scroll","background-type":"","background-media":"","overlay-type":"","overlay-color":"","overlay-opacity":"","overlay-gradient":""}},"ast-content-background-meta":{"desktop":{"background-color":"var(--ast-global-color-4)","background-image":"","background-repeat":"repeat","background-position":"center center","background-size":"auto","background-attachment":"scroll","background-type":"","background-media":"","overlay-type":"","overlay-color":"","overlay-opacity":"","overlay-gradient":""},"tablet":{"background-color":"var(--ast-global-color-4)","background-image":"","background-repeat":"repeat","background-position":"center center","background-size":"auto","background-attachment":"scroll","background-type":"","background-media":"","overlay-type":"","overlay-color":"","overlay-opacity":"","overlay-gradient":""},"mobile":{"background-color":"var(--ast-global-color-4)","background-image":"","background-repeat":"repeat","background-position":"center center","background-size":"auto","background-attachment":"scroll","background-type":"","background-media":"","overlay-type":"","overlay-color":"","overlay-opacity":"","overlay-gradient":""}},"footnotes":""},"class_list":["post-279","page","type-page","status-publish","hentry"],"_links":{"self":[{"href":"https:\/\/snatchcasino-se.com\/fi\/wp-json\/wp\/v2\/pages\/279","targetHints":{"allow":["GET"]}}],"collection":[{"href":"https:\/\/snatchcasino-se.com\/fi\/wp-json\/wp\/v2\/pages"}],"about":[{"href":"https:\/\/snatchcasino-se.com\/fi\/wp-json\/wp\/v2\/types\/page"}],"author":[{"embeddable":true,"href":"https:\/\/snatchcasino-se.com\/fi\/wp-json\/wp\/v2\/users\/7"}],"replies":[{"embeddable":true,"href":"https:\/\/snatchcasino-se.com\/fi\/wp-json\/wp\/v2\/comments?post=279"}],"version-history":[{"count":1,"href":"https:\/\/snatchcasino-se.com\/fi\/wp-json\/wp\/v2\/pages\/279\/revisions"}],"predecessor-version":[{"id":360,"href":"https:\/\/snatchcasino-se.com\/fi\/wp-json\/wp\/v2\/pages\/279\/revisions\/360"}],"wp:attachment":[{"href":"https:\/\/snatchcasino-se.com\/fi\/wp-json\/wp\/v2\/media?parent=279"}],"curies":[{"name":"wp","href":"https:\/\/api.w.org\/{rel}","templated":true}]}}