{"id":277,"date":"2025-09-10T04:36:08","date_gmt":"2025-09-10T04:36:08","guid":{"rendered":"https:\/\/snatchcasino-se.com\/?page_id=277"},"modified":"2026-02-19T12:04:29","modified_gmt":"2026-02-19T12:04:29","slug":"vastuullisen-pelaaminen","status":"publish","type":"page","link":"https:\/\/snatchcasino-se.com\/fi\/vastuullisen-pelaaminen\/","title":{"rendered":"VASTUULLISEN PELAAMINEN"},"content":{"rendered":"\n<div class=\"wp-block-columns alignwide has-ast-global-color-7-color has-text-color has-link-color wp-elements-b38a1b79537164eab5819787ae9cd4ea is-layout-flex wp-container-core-columns-is-layout-28f84493 wp-block-columns-is-layout-flex\">\n<div class=\"wp-block-column is-layout-flow wp-block-column-is-layout-flow\">\n<h2 class=\"wp-block-heading has-ast-global-color-7-color has-text-color has-link-color wp-elements-9e13e402803bafe847d0bf5dba7418d7\">VASTUULLISEN PELAAMINEN K\u00c4YT\u00c4NT\u00d6<\/h2>\n\n\n\n<p><strong>Miten toimimme vastuullisen pelaamisen parissa<\/strong><\/p>\n\n\n\n<p>Nettikasinoilla pelaamista tulisi aina pit\u00e4\u00e4 viihteen\u00e4. Tietty prosenttiosuus pelaajista kuitenkin menett\u00e4\u00e4 uhkapelaamisensa hallinnan. Ennen pelaamisen aloittamista on t\u00e4rke\u00e4\u00e4 ymm\u00e4rt\u00e4\u00e4, ett\u00e4 uhkapelaamista ei tule koskaan pit\u00e4\u00e4 tulonl\u00e4hteen\u00e4 tai keinona peri\u00e4 velkoja. On viisasta seurata sek\u00e4 kasinolla p\u00e4ivitt\u00e4in k\u00e4ytetty\u00e4 aikaa ett\u00e4 rahaa.<\/p>\n\n\n\n<p>Jos huomaat k\u00e4ytt\u00e4v\u00e4si enemm\u00e4n rahaa kuin sinulla on varaa tai jos pelaaminen h\u00e4iritsee p\u00e4ivitt\u00e4ist\u00e4 rutiiniasi, suosittelemme vahvasti, ett\u00e4 ryhdyt toimiin. T\u00e4h\u00e4n voi sis\u00e4lty\u00e4 pelaamiselle rajoitusten asettaminen, itsens\u00e4 poissulkeminen ja avun hakeminen riippumattomilta organisaatioilta. Voit my\u00f6s tehd\u00e4 peliriippuvuustestin n\u00e4hd\u00e4ksesi, onko sinulla merkkej\u00e4 ongelmapelaamisesta.<\/p>\n\n\n\n<p><strong>Keskeiset poliittiset kohdat<\/strong><\/p>\n\n\n\n<p><strong>1. Alaik\u00e4iset pelaajat<\/strong><\/p>\n\n\n\n<p>Yhti\u00f6 ei salli alle 18-vuotiaiden avata tili\u00e4. Alaik\u00e4iset, jotka yritt\u00e4v\u00e4t rekister\u00f6ity\u00e4 tai jotka avustavat heit\u00e4 siin\u00e4, rikkovat k\u00e4ytt\u00f6ehtojamme.<\/p>\n\n\n\n<p>Toimenpiteet alaik\u00e4isten suojelemiseksi:<br>a. \u00c4l\u00e4 koskaan jaa kirjautumistietojasi.b. \u00c4l\u00e4 ota k\u00e4ytt\u00f6\u00f6n \u201dmuista salasana\u201d -toimintoa kirjautumissivulla.c. \u00c4l\u00e4 anna luottokortti- tai pankkitietoja alaik\u00e4isille.d. Asenna lapsilukko- tai suodatusohjelmisto tietokoneille kotitalouksissa, joissa on alle 18-vuotiaita henkil\u00f6it\u00e4. Esimerkkej\u00e4 t\u00e4llaisista ohjelmistoista ovat:<\/p>\n\n\n\n<ul class=\"wp-block-list\">\n<li>CyberPatrol<\/li>\n\n\n\n<li>GamBlock \u00ae<\/li>\n\n\n\n<li>Solid Oak -ohjelmisto<\/li>\n\n\n\n<li>Net Nanny<\/li>\n<\/ul>\n\n\n\n<p><strong>2. Peliriippuvuus<\/strong><\/p>\n\n\n\n<p>Monet toiminnot voivat muuttua ongelmallisiksi, jos niit\u00e4 ei tehd\u00e4 kohtuudella \u2013 esimerkiksi alkoholi, kaupassa k\u00e4yminen tai tietokonepelit. Sama p\u00e4tee uhkapelaamiseen. Riippuvuuden merkkej\u00e4 voi olla vaikea havaita sek\u00e4 itsess\u00e4 ett\u00e4 muissa, eiv\u00e4tk\u00e4 ne aina liity rahaan. Uhkapelaaminen voi joskus olla oire suuremmasta ongelmasta.<\/p>\n\n\n\n<p>Joillekin uhkapelaaminen voi olla tapa paeta todellisuutta tai v\u00e4ltt\u00e4\u00e4 muita vaikeuksia. Joskus motivaatio on tiedostamatonta, eik\u00e4 pelaaja ymm\u00e4rr\u00e4 todellisia syit\u00e4 tai seurauksia. N\u00e4iss\u00e4 tapauksissa on saatavilla ammattiapua.<\/p>\n\n\n\n<p>On ratkaisevan t\u00e4rke\u00e4\u00e4 havaita t\u00e4llainen k\u00e4ytt\u00e4ytyminen ajoissa, ennen kuin k\u00e4yt\u00e4nn\u00f6n seuraukset kasvavat liian suuriksi. Peliriippuvuudella voi olla fyysisi\u00e4, taloudellisia ja sosiaalisia seurauksia.<\/p>\n\n\n\n<p>Onneksi useimmat ihmiset voivat pelata viihdytt\u00e4v\u00e4sti ja riskitt\u00f6m\u00e4sti koko el\u00e4m\u00e4ns\u00e4 ajan ilman ongelmien kehittymist\u00e4.<\/p>\n\n\n\n<p><strong>3. Mist\u00e4 tied\u00e4n, olenko vaarassa?<\/strong><\/p>\n\n\n\n<p>Meill\u00e4 on kahdeksan s\u00e4\u00e4nt\u00f6\u00e4 turvallisempaan pelaamiseen snatchcasino.io-sivustolla:<\/p>\n\n\n\n<ol start=\"1\" class=\"wp-block-list\">\n<li>Kasinopelaaminen on viihdett\u00e4, ei koskaan ammattia.<\/li>\n\n\n\n<li>\u00c4l\u00e4 koskaan yrit\u00e4 voittaa tappioita takaisin tuplaamalla panoksiasi.<\/li>\n\n\n\n<li>Aseta itsellesi p\u00e4iv\u00e4-, viikko- tai kuukausibudjetti, jonka menet\u00e4t helposti.<\/li>\n\n\n\n<li>\u00c4l\u00e4 koskaan pelaa uhkapelej\u00e4 humalassa, huumeiden vaikutuksen alaisena, v\u00e4syneen\u00e4 tai masentuneena.<\/li>\n\n\n\n<li>Pid\u00e4 kirjaa peliajasta ja asettamistasi panoksista.<\/li>\n\n\n\n<li>Pid\u00e4 s\u00e4\u00e4nn\u00f6llisi\u00e4 taukoja pysy\u00e4ksesi valppaana.<\/li>\n\n\n\n<li>Aseta budjetti ennen pelaamisen aloittamista ja pid\u00e4 siit\u00e4 kiinni.<\/li>\n\n\n\n<li>Pit\u00e4\u00e4 hauskaa!<\/li>\n<\/ol>\n\n\n\n<p>Jos ep\u00e4ilet, ett\u00e4 sinulla on riski kehitt\u00e4\u00e4 riippuvuus, on olemassa monia organisaatioita ja verkkosivustoja, jotka voivat auttaa sinua. Voit tehd\u00e4 yksinkertaisen itsetestin t\u00e4\u00e4ll\u00e4:<br><a href=\"https:\/\/www.begambleaware.org\/gambling-problems\/do-i-have-a-gambling-problem\" target=\"_blank\" rel=\"noopener\">https:\/\/www.begambleaware.org\/gambling-problems\/do-i-have-a-gambling-problem<\/a><\/p>\n\n\n\n<p><strong>4. Palvelumme ja ty\u00f6kalumme<\/strong><\/p>\n\n\n\n<p>snatchcasino.io tarjoaa useita palveluita, jotka voivat auttaa sinua, jos koet uhkaavan uhkapeliongelmia.<\/p>\n\n\n\n<p>Olemme ottaneet k\u00e4ytt\u00f6\u00f6n toimenpiteit\u00e4 varmistaaksemme, ett\u00e4 j\u00e4senemme voivat pelata turvallisessa ymp\u00e4rist\u00f6ss\u00e4. Tilisi on suunniteltu mahdollistamaan turvallisen hauskanpidon.<\/p>\n\n\n\n<p>Kun pelataan rahasta, lopputulokseen liittyy aina ep\u00e4varmuutta. Esimerkiksi vaikka kolikko olisi laskeutunut kymmenen kertaa per\u00e4kk\u00e4in kruunaan, sen todenn\u00e4k\u00f6isyys seuraavalla heitolla on silti 50 %.<\/p>\n\n\n\n<p>Jotta pelikokemuksesi olisi sek\u00e4 turvallisempi ett\u00e4 nautinnollisempi, voit k\u00e4ytt\u00e4\u00e4 erilaisia rajoituksia. Aktivoi n\u00e4m\u00e4 ottamalla meihin yhteytt\u00e4 live-chatin kautta tai l\u00e4hett\u00e4m\u00e4ll\u00e4 s\u00e4hk\u00f6postia osoitteeseen support@snatchcasino.io. Suosittelemme vahvasti harkitsemaan n\u00e4it\u00e4 vaihtoehtoja.<\/p>\n\n\n\n<p><strong>5. Seuraa pelaamistasi<\/strong><\/p>\n\n\n\n<p>Tilill\u00e4si on t\u00e4ydellinen historia kaikista peleist\u00e4si, joten on helppo n\u00e4hd\u00e4, kuinka paljon aikaa ja rahaa k\u00e4yt\u00e4t ja pelaatko vastuullisesti.<\/p>\n\n\n\n<p><strong>6. Ota yhteytt\u00e4 asiakaspalveluumme<\/strong><\/p>\n\n\n\n<p>Kaikki asiakaspalvelumme henkil\u00f6kunta on koulutettu yhteiskuntavastuuseen ja he ovat tietoisia peliriippuvuuden riskeist\u00e4. Jos ep\u00e4ilet, ett\u00e4 sinulla on ongelma, he voivat opastaa sinua toimissa, joita voit tehd\u00e4 snatchcasino.io-sivustolla, sek\u00e4 ohjata sinut erikoistuneille organisaatioille. Voit ottaa yhteytt\u00e4 asiakaspalveluun osoitteessa support@snatchcasino.io.<\/p>\n\n\n\n<p><strong>7. Itsesammutus<\/strong><\/p>\n\n\n\n<p>Jos sinusta tuntuu, ett\u00e4 sinulle on kehittym\u00e4ss\u00e4 peliriippuvuus, sinun kannattaa harkita pysyv\u00e4\u00e4 pelikieltoa. Jos p\u00e4\u00e4t\u00e4t lopettaa pelaamisen snatchcasino.io-sivustolla, voit est\u00e4\u00e4 tilisi pysyv\u00e4sti ottamalla yhteytt\u00e4 asiakaspalveluun osoitteessa support@snatchcasino.io.<\/p>\n\n\n\n<p>Jos haluat sen sijaan peruuttaa tilauksesi tietyksi ajaksi, voit my\u00f6s tehd\u00e4 sen ottamalla meihin yhteytt\u00e4 saman s\u00e4hk\u00f6postiosoitteen kautta.<\/p>\n<\/div>\n<\/div>\n","protected":false},"excerpt":{"rendered":"<p>VASTUULLISEN PELAAMINEN K\u00c4YT\u00c4NT\u00d6 Miten toimimme vastuullisen pelaamisen parissa Nettikasinoilla pelaamista tulisi aina pit\u00e4\u00e4 viihteen\u00e4. Tietty prosenttiosuus pelaajista kuitenkin menett\u00e4\u00e4 uhkapelaamisensa [&hellip;]<\/p>\n","protected":false},"author":7,"featured_media":0,"parent":0,"menu_order":0,"comment_status":"closed","ping_status":"closed","template":"","meta":{"_eb_attr":"","site-sidebar-layout":"default","site-content-layout":"","ast-site-content-layout":"default","site-content-style":"default","site-sidebar-style":"default","ast-global-header-display":"","ast-banner-title-visibility":"","ast-main-header-display":"","ast-hfb-above-header-display":"","ast-hfb-below-header-display":"","ast-hfb-mobile-header-display":"","site-post-title":"disabled","ast-breadcrumbs-content":"","ast-featured-img":"","footer-sml-layout":"","ast-disable-related-posts":"","theme-transparent-header-meta":"","adv-header-id-meta":"","stick-header-meta":"","header-above-stick-meta":"","header-main-stick-meta":"","header-below-stick-meta":"","astra-migrate-meta-layouts":"default","ast-page-background-enabled":"default","ast-page-background-meta":{"desktop":{"background-color":"var(--ast-global-color-5)","background-image":"","background-repeat":"repeat","background-position":"center center","background-size":"auto","background-attachment":"scroll","background-type":"","background-media":"","overlay-type":"","overlay-color":"","overlay-opacity":"","overlay-gradient":""},"tablet":{"background-color":"","background-image":"","background-repeat":"repeat","background-position":"center center","background-size":"auto","background-attachment":"scroll","background-type":"","background-media":"","overlay-type":"","overlay-color":"","overlay-opacity":"","overlay-gradient":""},"mobile":{"background-color":"","background-image":"","background-repeat":"repeat","background-position":"center center","background-size":"auto","background-attachment":"scroll","background-type":"","background-media":"","overlay-type":"","overlay-color":"","overlay-opacity":"","overlay-gradient":""}},"ast-content-background-meta":{"desktop":{"background-color":"var(--ast-global-color-4)","background-image":"","background-repeat":"repeat","background-position":"center center","background-size":"auto","background-attachment":"scroll","background-type":"","background-media":"","overlay-type":"","overlay-color":"","overlay-opacity":"","overlay-gradient":""},"tablet":{"background-color":"var(--ast-global-color-4)","background-image":"","background-repeat":"repeat","background-position":"center center","background-size":"auto","background-attachment":"scroll","background-type":"","background-media":"","overlay-type":"","overlay-color":"","overlay-opacity":"","overlay-gradient":""},"mobile":{"background-color":"var(--ast-global-color-4)","background-image":"","background-repeat":"repeat","background-position":"center center","background-size":"auto","background-attachment":"scroll","background-type":"","background-media":"","overlay-type":"","overlay-color":"","overlay-opacity":"","overlay-gradient":""}},"footnotes":""},"class_list":["post-277","page","type-page","status-publish","hentry"],"_links":{"self":[{"href":"https:\/\/snatchcasino-se.com\/fi\/wp-json\/wp\/v2\/pages\/277","targetHints":{"allow":["GET"]}}],"collection":[{"href":"https:\/\/snatchcasino-se.com\/fi\/wp-json\/wp\/v2\/pages"}],"about":[{"href":"https:\/\/snatchcasino-se.com\/fi\/wp-json\/wp\/v2\/types\/page"}],"author":[{"embeddable":true,"href":"https:\/\/snatchcasino-se.com\/fi\/wp-json\/wp\/v2\/users\/7"}],"replies":[{"embeddable":true,"href":"https:\/\/snatchcasino-se.com\/fi\/wp-json\/wp\/v2\/comments?post=277"}],"version-history":[{"count":2,"href":"https:\/\/snatchcasino-se.com\/fi\/wp-json\/wp\/v2\/pages\/277\/revisions"}],"predecessor-version":[{"id":466,"href":"https:\/\/snatchcasino-se.com\/fi\/wp-json\/wp\/v2\/pages\/277\/revisions\/466"}],"wp:attachment":[{"href":"https:\/\/snatchcasino-se.com\/fi\/wp-json\/wp\/v2\/media?parent=277"}],"curies":[{"name":"wp","href":"https:\/\/api.w.org\/{rel}","templated":true}]}}