{"id":300,"date":"2025-09-10T05:20:22","date_gmt":"2025-09-10T05:20:22","guid":{"rendered":"https:\/\/snatchcasino-se.com\/?page_id=300"},"modified":"2026-02-19T12:44:57","modified_gmt":"2026-02-19T12:44:57","slug":"risiken-warnungen","status":"publish","type":"page","link":"https:\/\/snatchcasino-se.com\/de\/risiken-warnungen\/","title":{"rendered":"RISIKEN &amp; WARNUNGEN"},"content":{"rendered":"\n<div class=\"wp-block-columns alignwide has-ast-global-color-7-color has-text-color has-link-color wp-elements-5cc1239333cac6ebabfc0acfba4836f3 is-layout-flex wp-container-core-columns-is-layout-28f84493 wp-block-columns-is-layout-flex\">\n<div class=\"wp-block-column is-layout-flow wp-block-column-is-layout-flow\">\n<h2 class=\"wp-block-heading has-ast-global-color-7-color has-text-color has-link-color wp-elements-8b916923a2d7cbcd8d3a2a48309fb44f\">RISIKEN &amp; WARNUNGEN<\/h2>\n\n\n\n<p><strong>1. <\/strong>Sie verstehen, dass Sie durch die Teilnahme an den Spielen das Risiko eingehen, das auf Ihrem Konto bei snatchcasino.io eingezahlte Geld zu verlieren.<\/p>\n\n\n\n<p><strong>2. <\/strong>In einigen L\u00e4ndern und Regionen kann Online-Gl\u00fccksspiel illegal sein. Sie verstehen und akzeptieren, dass snatchcasino1.org Ihnen keine Rechtsberatung oder Garantien hinsichtlich der Rechtm\u00e4\u00dfigkeit Ihrer Nutzung der Website-Dienste geben kann.<\/p>\n\n\n\n<p><strong>3. <\/strong>Das Unternehmen \u00fcbernimmt keine Gew\u00e4hr daf\u00fcr, dass die Website-Dienste den rechtlichen Anforderungen Ihrer Gerichtsbarkeit entsprechen. Sie nutzen die von snatchcasino1.org angebotenen Dienste auf eigene Initiative und nach eigenem Ermessen. Sie tragen das Risiko jeglicher Haftung und entscheiden selbst, ob die Nutzung der Website-Dienste nach den geltenden Gesetzen Ihrer Gerichtsbarkeit zul\u00e4ssig ist. Wenn Sie sich auf der Website anmelden und an den Spielen teilnehmen, geschieht dies ausschlie\u00dflich auf Ihr eigenes Risiko.<\/p>\n<\/div>\n<\/div>\n","protected":false},"excerpt":{"rendered":"<p>RISIKEN &amp; WARNUNGEN 1. Sie verstehen, dass Sie durch die Teilnahme an den Spielen das Risiko eingehen, das auf Ihrem [&hellip;]<\/p>\n","protected":false},"author":7,"featured_media":0,"parent":0,"menu_order":0,"comment_status":"closed","ping_status":"closed","template":"","meta":{"_eb_attr":"","site-sidebar-layout":"default","site-content-layout":"","ast-site-content-layout":"default","site-content-style":"default","site-sidebar-style":"default","ast-global-header-display":"","ast-banner-title-visibility":"","ast-main-header-display":"","ast-hfb-above-header-display":"","ast-hfb-below-header-display":"","ast-hfb-mobile-header-display":"","site-post-title":"disabled","ast-breadcrumbs-content":"","ast-featured-img":"","footer-sml-layout":"","ast-disable-related-posts":"","theme-transparent-header-meta":"","adv-header-id-meta":"","stick-header-meta":"","header-above-stick-meta":"","header-main-stick-meta":"","header-below-stick-meta":"","astra-migrate-meta-layouts":"default","ast-page-background-enabled":"default","ast-page-background-meta":{"desktop":{"background-color":"var(--ast-global-color-5)","background-image":"","background-repeat":"repeat","background-position":"center center","background-size":"auto","background-attachment":"scroll","background-type":"","background-media":"","overlay-type":"","overlay-color":"","overlay-opacity":"","overlay-gradient":""},"tablet":{"background-color":"","background-image":"","background-repeat":"repeat","background-position":"center center","background-size":"auto","background-attachment":"scroll","background-type":"","background-media":"","overlay-type":"","overlay-color":"","overlay-opacity":"","overlay-gradient":""},"mobile":{"background-color":"","background-image":"","background-repeat":"repeat","background-position":"center center","background-size":"auto","background-attachment":"scroll","background-type":"","background-media":"","overlay-type":"","overlay-color":"","overlay-opacity":"","overlay-gradient":""}},"ast-content-background-meta":{"desktop":{"background-color":"var(--ast-global-color-4)","background-image":"","background-repeat":"repeat","background-position":"center center","background-size":"auto","background-attachment":"scroll","background-type":"","background-media":"","overlay-type":"","overlay-color":"","overlay-opacity":"","overlay-gradient":""},"tablet":{"background-color":"var(--ast-global-color-4)","background-image":"","background-repeat":"repeat","background-position":"center center","background-size":"auto","background-attachment":"scroll","background-type":"","background-media":"","overlay-type":"","overlay-color":"","overlay-opacity":"","overlay-gradient":""},"mobile":{"background-color":"var(--ast-global-color-4)","background-image":"","background-repeat":"repeat","background-position":"center center","background-size":"auto","background-attachment":"scroll","background-type":"","background-media":"","overlay-type":"","overlay-color":"","overlay-opacity":"","overlay-gradient":""}},"footnotes":""},"class_list":["post-300","page","type-page","status-publish","hentry"],"_links":{"self":[{"href":"https:\/\/snatchcasino-se.com\/de\/wp-json\/wp\/v2\/pages\/300","targetHints":{"allow":["GET"]}}],"collection":[{"href":"https:\/\/snatchcasino-se.com\/de\/wp-json\/wp\/v2\/pages"}],"about":[{"href":"https:\/\/snatchcasino-se.com\/de\/wp-json\/wp\/v2\/types\/page"}],"author":[{"embeddable":true,"href":"https:\/\/snatchcasino-se.com\/de\/wp-json\/wp\/v2\/users\/7"}],"replies":[{"embeddable":true,"href":"https:\/\/snatchcasino-se.com\/de\/wp-json\/wp\/v2\/comments?post=300"}],"version-history":[{"count":1,"href":"https:\/\/snatchcasino-se.com\/de\/wp-json\/wp\/v2\/pages\/300\/revisions"}],"predecessor-version":[{"id":383,"href":"https:\/\/snatchcasino-se.com\/de\/wp-json\/wp\/v2\/pages\/300\/revisions\/383"}],"wp:attachment":[{"href":"https:\/\/snatchcasino-se.com\/de\/wp-json\/wp\/v2\/media?parent=300"}],"curies":[{"name":"wp","href":"https:\/\/api.w.org\/{rel}","templated":true}]}}