{"id":298,"date":"2025-09-10T05:10:11","date_gmt":"2025-09-10T05:10:11","guid":{"rendered":"https:\/\/snatchcasino-se.com\/?page_id=298"},"modified":"2026-02-19T12:44:57","modified_gmt":"2026-02-19T12:44:57","slug":"datenschutzrichtlinie","status":"publish","type":"page","link":"https:\/\/snatchcasino-se.com\/de\/datenschutzrichtlinie\/","title":{"rendered":"DATENSCHUTZRICHTLINIE"},"content":{"rendered":"\n<div class=\"wp-block-columns alignwide has-ast-global-color-7-color has-text-color has-link-color wp-elements-fe423e69d15fc1d9202ec108d31f91f2 is-layout-flex wp-container-core-columns-is-layout-28f84493 wp-block-columns-is-layout-flex\">\n<div class=\"wp-block-column is-layout-flow wp-block-column-is-layout-flow\">\n<h2 class=\"wp-block-heading has-ast-global-color-7-color has-text-color has-link-color wp-elements-3e1d84970acb6f04faf15dd6c952cb9c\">DATENSCHUTZRICHTLINIE<\/h2>\n\n\n\n<p><strong>1. Einleitung<\/strong><\/p>\n\n\n\n<p><strong>1.1. <\/strong>Diese Datenschutzerkl\u00e4rung wurde zuletzt am 01.05.2024 aktualisiert und beschreibt die Verarbeitung personenbezogener Daten durch snatchcasino.io. Wir legen Wert auf Einfachheit und Transparenz, insbesondere bei der Erkl\u00e4rung, welche Daten wir erheben und wie und warum wir sie verwenden.<\/p>\n\n\n\n<p><strong>1.2. <\/strong>Diese Richtlinie erl\u00e4utert, wie wir Ihre personenbezogenen Daten verwenden, egal ob Sie lediglich unsere Website besuchen, eine Einzahlung t\u00e4tigen oder eines unserer Spiele spielen. Sie informiert Sie au\u00dferdem \u00fcber Ihre Datenschutzrechte, die Situationen, in denen wir Ihre Daten weitergeben oder erfassen, und wie wir Marketingma\u00dfnahmen auf Ihre Bed\u00fcrfnisse zuschneiden. Bitte lesen Sie alle Abschnitte sorgf\u00e4ltig durch.<\/p>\n\n\n\n<p><strong>1.3. <\/strong>Sollten wir wesentliche \u00c4nderungen an dieser Richtlinie vornehmen, werden wir Sie benachrichtigen.<\/p>\n\n\n\n<p><strong>1.4. <\/strong>Alle unsere Mitarbeiter werden regelm\u00e4\u00dfig in Informationssicherheit geschult und sind verpflichtet, bei der Verarbeitung Ihrer Daten die Vertraulichkeit sowie interne Verfahren und Prozesse einzuhalten.<\/p>\n\n\n\n<p><strong>1.5. <\/strong>Sollten Sie Fragen oder Bedenken hinsichtlich des Datenschutzes haben, k\u00f6nnen Sie sich gerne an unseren Datenschutzbeauftragten unter <strong>compliance@snatchcasino.io wenden <\/strong>.<\/p>\n\n\n\n<p><strong>2. Unser Datenschutzversprechen<\/strong><\/p>\n\n\n\n<p><strong>2.1. <\/strong>snatchcasino.io sch\u00fctzt und respektiert die Privatsph\u00e4re jedes Kunden. Ihre Privatsph\u00e4re ist uns und Ihnen wichtig, und wir geben Ihnen folgendes Versprechen:<\/p>\n\n\n\n<p><strong>2.2. <\/strong>Wir sch\u00fctzen Ihre Privatsph\u00e4re und nutzen Ihre personenbezogenen Daten, um Ihre Nutzererfahrung zu verbessern. Wir behandeln Ihre Daten sicher, informieren transparent \u00fcber den Zweck der Datenerhebung und deren Verwendung und respektieren Ihre Wahlm\u00f6glichkeiten und Rechte.<\/p>\n\n\n\n<p><strong>2.3. <\/strong>Um eine Auszahlung vornehmen zu k\u00f6nnen, muss der Spieler die eingezahlten Betr\u00e4ge gem\u00e4\u00df den Ma\u00dfnahmen zur Bek\u00e4mpfung der Geldw\u00e4sche mindestens einmal (1) Mal umsetzen.<\/p>\n\n\n\n<p><strong>2.4. <\/strong>Das Unternehmen kann im Zusammenhang mit Einzahlungen zus\u00e4tzliche Methoden zur \u00dcberpr\u00fcfung der Kundenidentit\u00e4t (KYC) einsetzen. Dies kann \u2013 ist aber nicht darauf beschr\u00e4nkt \u2013 ein Selfie mit einem Ausweisdokument umfassen. Zur Kontoverifizierung sind Dokumente (Ausweis, Zahlungsbelege, Rechnungen usw.) in lateinischer oder kyrillischer Schrift erforderlich. K\u00f6nnen diese nicht vorgelegt werden, k\u00f6nnen wir eine Videoverifizierung verlangen, in der der Nutzer seine Dokumente vorzeigt.<\/p>\n\n\n\n<p><strong>2.5. <\/strong>Im Rahmen der KYC-Pr\u00fcfung k\u00f6nnen wir die im Konto hinterlegte Telefonnummer anrufen. Auszahlungen erfolgen erst nach vollst\u00e4ndiger Verifizierung des Kontos.<\/p>\n\n\n\n<p><strong>3. Welche personenbezogenen Daten werden erhoben und wann?<\/strong><\/p>\n\n\n\n<p><strong>3.1. Bei der Registrierung eines Kontos:<\/strong><br><strong>3.1.1. <\/strong>Pers\u00f6nliche Daten wie Name, E-Mail-Adresse, Postanschrift, Telefon-\/Mobilnummer, Geschlecht oder Geburtsdatum.<br><strong>3.1.2. <\/strong>Lichtbildausweis und Adressnachweis (zur \u00dcberpr\u00fcfung der Kundenidentit\u00e4t).<br><strong>3.1.3. <\/strong>Bank- und Zahlungsdaten (z. B. zur \u00dcberpr\u00fcfung der Herkunft von Geldern).<br><strong>3.1.4. <\/strong>Anmeldedaten wie Benutzername und Passwort.<\/p>\n\n\n\n<p><strong>3.2. Durch Ihre Nutzung unserer Dienste:<\/strong><br><strong>3.2.1. <\/strong>Informationen dar\u00fcber, wie Sie mit unseren Produkten interagieren.<br><strong>3.2.2. <\/strong>Daten \u00fcber Ihr Verhalten auf der Website \u2013 Einzelheiten finden Sie in unserer Cookie-Richtlinie.<br><strong>3.2.3. <\/strong>Ger\u00e4tedaten (Modell, Betriebssystem, IP-Adresse, Browser, Mobilfunkkennung).<br><strong>3.2.4. <\/strong>Aufzeichnung von Telefongespr\u00e4chen \u2013 wir k\u00f6nnen Gespr\u00e4che \u00fcberwachen oder aufzeichnen, um Anweisungen zu befolgen, Anfragen zu bearbeiten, gesetzliche Bestimmungen einzuhalten, unseren Service und unsere Schulungen zu verbessern sowie Betrug aufzudecken oder zu verhindern.<br><strong>3.2.5. <\/strong>Daten, die Sie uns freiwillig mitteilen oder die Sie \u00f6ffentlich gemacht haben, z. B. \u00fcber soziale Medien.<\/p>\n\n\n\n<p><strong>3.3. Besondere Kategorien personenbezogener Daten<\/strong><br><strong>3.3.1. <\/strong>Zu den personenbezogenen Daten k\u00f6nnen sogenannte \u201ebesondere Kategorien\u201c geh\u00f6ren, z. B. gesundheitsbezogene Informationen im Zusammenhang mit verantwortungsvollem Spielen (siehe Abschnitt \u201eWarum wir Ihre personenbezogenen Daten erheben und auf welcher Grundlage\u201c).<br><strong>3.3.2. <\/strong>Wir haben zus\u00e4tzliche Sicherheitsvorkehrungen f\u00fcr sensible Daten und deren Vertraulichkeit getroffen (siehe Abschnitt \u201eSicherheit und Vertraulichkeit \u201c).<\/p>\n\n\n\n<p><strong>4. Warum erheben wir Ihre personenbezogenen Daten und auf welcher Grundlage?<\/strong><\/p>\n\n\n\n<p><strong>4.1. <\/strong>Wir wissen Ihr Vertrauen zu sch\u00e4tzen. Die Datenerhebung ist notwendig, um Ihnen die gew\u00fcnschten Dienstleistungen und Produkte bereitzustellen, Ihr Nutzererlebnis zu verbessern und zu personalisieren sowie Sie mit wichtigen Informationen zu kontaktieren. In einigen F\u00e4llen ist die Erhebung und Nutzung gesetzlich vorgeschrieben. F\u00fcr jede Datenverarbeitung m\u00fcssen wir zudem eine Rechtsgrundlage bereitstellen.<\/p>\n\n\n\n<p><strong>4.2. Vertrag \u2013 sofern die Verarbeitung zur Erf\u00fcllung unseres Vertrags mit Ihnen erforderlich ist. <\/strong>Unsere Allgemeinen Gesch\u00e4ftsbedingungen legen die von uns angebotenen Dienstleistungen fest:<br><strong>4.2.1. <\/strong>Bereitstellung unserer Dienstleistungen: Bereitstellung von Spielen und Informationen sowie Bearbeitung von Anfragen; Verwaltung von Dienstleistungen (z. B. Passwort-Erinnerungen, Betriebsbenachrichtigungen, Aktualisierungen der Datenschutz-\/Cookie-Richtlinie oder der Nutzungsbedingungen, Erinnerung an inaktive Konten vor der Schlie\u00dfung); und Abwicklung von Transaktionen.<\/p>\n\n\n\n<p><strong>4.3. Berechtigtes Interesse \u2013 wenn die Verarbeitung f\u00fcr die nachstehenden Zwecke erforderlich ist und Ihre Interessen\/Rechte diese nicht \u00fcberwiegen. <\/strong>Wir ber\u00fccksichtigen dabei, wor\u00fcber Sie informiert wurden, Ihre Erwartungen, die Art der Daten und die Auswirkungen auf Sie.<\/p>\n\n\n\n<p><strong>4.3.1. Personalisierung : <\/strong>Um Ihnen relevantere und individuellere Services anzubieten (z. B. Empfehlungen basierend auf Ihrem Spielverlauf). Wenn Sie angemeldet sind oder Marketing-E-Mails abonniert haben, erhalten Sie m\u00f6glicherweise ein personalisiertes Erlebnis. Sie k\u00f6nnen sich jederzeit vom Kundenservice oder dem Datenschutzbeauftragten abmelden oder die Anonymisierung Ihrer Daten beantragen.<\/p>\n\n\n\n<p><strong>4.3.2. Verbesserung von Dienstleistungen und Produkten: <\/strong>Bereitstellung eines m\u00f6glichst benutzerfreundlichen Erlebnisses; Analyse und Forschung; Testen neuer Systeme und Upgrades; Bewertung des Marketings; Modellierung, Statistik und Trendanalyse zur Entwicklung und Verbesserung des Angebots.<\/p>\n\n\n\n<p><strong>4.3.3. Kontaktaufnahme und Interaktion: <\/strong>Kontaktaufnahme per Telefon, E-Mail, Post oder \u00fcber soziale Medien; Durchf\u00fchrung von Werbeaktionen\/Wettbewerben; Einladung zur Teilnahme an Umfragen und Marktforschung (freiwillig); Beantwortung von Fragen und Beschwerden.<\/p>\n\n\n\n<p><strong>4.3.4. Sicherheit und Spielerlebnis: <\/strong>Verhinderung und Erkennung der Nutzung nicht autorisierter Software; Verhinderung von Verst\u00f6\u00dfen gegen die Nutzungsbedingungen; Durchf\u00fchrung von Bonit\u00e4tspr\u00fcfungen, um sicherzustellen, dass Sie \u00fcber ausreichende finanzielle Mittel verf\u00fcgen.<\/p>\n\n\n\n<p><strong>4.4. Besondere Kategorien von Daten<\/strong><br><strong>4.4.1. <\/strong>Wir verarbeiten solche Daten nur, wenn: Sie Ihre ausdr\u00fcckliche Einwilligung erteilt haben; die Daten von Ihnen \u00f6ffentlich gemacht wurden; dies f\u00fcr Rechtsanspr\u00fcche erforderlich ist; oder zwingende Gr\u00fcnde des \u00f6ffentlichen Interesses nach EU-Recht\/nationalem Recht vorliegen.<\/p>\n\n\n\n<p><strong>5. Wann geben wir Ihre personenbezogenen Daten weiter?<\/strong><\/p>\n\n\n\n<p><strong>5.1. <\/strong>Grunds\u00e4tzlich geben wir Ihre Daten nicht zu Marketingzwecken an Dritte au\u00dferhalb unserer Unternehmensgruppe weiter. Wir k\u00f6nnen Ihre Daten jedoch an andere Unternehmen, in unserem Auftrag t\u00e4tige Lieferanten oder sonstige Parteien weitergeben, um gesetzliche Verpflichtungen zu erf\u00fcllen. Beispielsweise k\u00f6nnen im Falle einer Fusion oder eines Verkaufs Kundendaten betroffen sein \u2013 wir werden Sie vor einer solchen \u00dcbertragung informieren. Auch im Falle einer Weitergabe werden Ihre Daten ausschlie\u00dflich gem\u00e4\u00df dieser Datenschutzerkl\u00e4rung verwendet.<\/p>\n\n\n\n<p><strong>5.2. <\/strong>Wir k\u00f6nnen personenbezogene Daten weitergeben:<br><strong>5.2.1. <\/strong>auf Anfrage einer Aufsichtsbeh\u00f6rde oder soweit gesetzlich vorgeschrieben;<br><strong>5.2.2. <\/strong>durch Anweisung an ein Finanzinstitut, Informationen an eine Aufsichtsbeh\u00f6rde zu \u00fcbermitteln;<br><strong>5.2.3. <\/strong>zur Geltendmachung, Aus\u00fcbung oder Verteidigung von Rechtsanspr\u00fcchen;<br><strong>5.2.4. <\/strong>an Dritte zur \u00dcberpr\u00fcfung, Wertpr\u00fcfung und Betrugserkennung;<br><strong>5.2.5. <\/strong>an Dienstleister f\u00fcr Technologie, Datenspeicherung\/-aggregation, Zahlungsabwicklung und relevante Werbung;<br><strong>5.2.6. <\/strong>an externe Wirtschaftspr\u00fcfer f\u00fcr unabh\u00e4ngige Pr\u00fcfungen;<br><strong>5.2.7. <\/strong>an K\u00e4ufer\/Rechtsnachfolger im Falle eines Verkaufs oder einer \u00dcbertragung des Unternehmens\/der Rechte;<br><strong>5.2.8. <\/strong>an Rechtsnachfolger; oder<br><strong>5.2.9. <\/strong>an die zust\u00e4ndige Aufsichtsbeh\u00f6rde im Falle eines Selbstausschlusses.<\/p>\n\n\n\n<p><strong>6. Wie lange speichert snatchcasino.io meine Daten?<\/strong><\/p>\n\n\n\n<p><strong>6.1. <\/strong>Wir speichern Daten nur so lange, wie es f\u00fcr die Zwecke, f\u00fcr die sie erhoben wurden, erforderlich ist.<\/p>\n\n\n\n<p><strong>6.2. <\/strong>Solange Sie Kunde sind, werden Ihre Daten zur Erf\u00fcllung gesetzlicher und vertraglicher Verpflichtungen gespeichert. Nach Beendigung Ihrer Nutzung unserer Dienste speichern wir bestimmte Daten f\u00fcr einen bestimmten Zeitraum, um:<br><strong>6.2.1. <\/strong>EU-Recht\/lokales Recht (z. B. Geldw\u00e4schebek\u00e4mpfung, Lizenzbestimmungen) einzuhalten;<br><strong>6.2.2. <\/strong>Rechtsanspr\u00fcche geltend zu machen oder abzuwehren;<br><strong>6.2.3. <\/strong>vertragliche Verpflichtungen und Rechte zu erf\u00fcllen;<br><strong>6.2.4. <\/strong>berechtigte Interessen nach Abw\u00e4gung der Interessen zu wahren;<br><strong>6.2.5. <\/strong>den Richtlinien der zust\u00e4ndigen Datenschutzbeh\u00f6rden zu entsprechen.<\/p>\n\n\n\n<p><strong>7. Ihre Rechte und Wahlm\u00f6glichkeiten<\/strong><\/p>\n\n\n\n<p><strong>7.1. <\/strong>Laut Gesetz stehen Ihnen verschiedene Rechte in Bezug auf Ihre personenbezogenen Daten zu. Um diese auszu\u00fcben, kontaktieren Sie bitte unseren Datenschutzbeauftragten unter <strong>compliance@snatchcasino.io <\/strong>. Sie k\u00f6nnen Auskunft, Berichtigung, L\u00f6schung, Widerspruch gegen die Verarbeitung, Widerruf Ihrer Einwilligung und Daten\u00fcbertragbarkeit verlangen. Sie k\u00f6nnen sich auch an Ihre zust\u00e4ndige Datenschutzbeh\u00f6rde wenden. Dar\u00fcber hinaus haben Sie Rechte in Bezug auf automatisierte Entscheidungsfindung und Profiling.<\/p>\n\n\n\n<p><strong>7.2. <\/strong>Die bei der Registrierung abgefragten Informationen sind obligatorisch (sofern nicht anders angegeben). Ohne diese Angaben k\u00f6nnen Sie unsere Dienste nicht nutzen.<\/p>\n\n\n\n<p><strong>7.3. Recht auf Auskunft und Berichtigung. Sie k\u00f6nnen \u00fcber den Datenschutzbeauftragten oder den Kundenservice unter compliance@snatchcasino.io <\/strong>kostenlos eine Kopie der \u00fcber Sie gespeicherten Informationen sowie die Berichtigung oder L\u00f6schung unrichtiger oder veralteter Informationen anfordern .<\/p>\n\n\n\n<p><strong>7.4. Recht auf L\u00f6schung. <\/strong>In bestimmten F\u00e4llen k\u00f6nnen Sie die L\u00f6schung Ihrer Daten verlangen, beispielsweise wenn:<br><strong>7.4.1. <\/strong>die Daten f\u00fcr die Zwecke nicht mehr ben\u00f6tigt werden;<br><strong>7.4.2. <\/strong>Sie Ihre Einwilligung widerrufen und keine andere Rechtsgrundlage vorliegt;<br><strong>7.4.3. <\/strong>wir die Daten aufgrund berechtigter Interessen verarbeiten und diese nicht mehr \u00fcberwiegen;<br><strong>7.4.4. <\/strong>keine Rechtsgrundlage vorliegt;<br><strong>7.4.5. <\/strong>die L\u00f6schung gesetzlich vorgeschrieben ist. (Bitte beachten Sie die gesetzlichen Aufbewahrungsfristen gem\u00e4\u00df EU-Recht\/nationalem Recht.)<\/p>\n\n\n\n<p><strong>7.5. Recht auf Einschr\u00e4nkung der Verarbeitung. <\/strong>Sie k\u00f6nnen verlangen, dass wir die Verarbeitung einschr\u00e4nken, wenn:<br><strong>7.5.1. <\/strong>Sie die Richtigkeit der Daten (die sich in unserem Verantwortungsbereich befinden) bestreiten,<br><strong>7.5.2. <\/strong>die Verarbeitung unrechtm\u00e4\u00dfig ist und Sie der L\u00f6schung widersprechen,<br><strong>7.5.3. <\/strong>wir die Daten nicht mehr ben\u00f6tigen, Sie diese aber zur Geltendmachung, Geltendmachung, Aus\u00fcbung oder Verteidigung von Rechtsanspr\u00fcchen ben\u00f6tigen,<br><strong>7.5.4. <\/strong>Sie der Verarbeitung aufgrund berechtigter Interessen (die sich in unserem Verantwortungsbereich befinden) widersprechen.<\/p>\n\n\n\n<p><strong>7.6. Recht auf Daten\u00fcbertragbarkeit. <\/strong>Sie k\u00f6nnen die von Ihnen bereitgestellten Informationen in einem g\u00e4ngigen, maschinenlesbaren Format erhalten, wenn die Verarbeitung auf Ihrer Einwilligung oder Vereinbarung beruht und automatisiert erfolgt.<\/p>\n\n\n\n<p><strong>7.7 Widerspruchsrecht. <\/strong>Sie k\u00f6nnen der Verarbeitung Ihrer Daten aufgrund unseres berechtigten Interesses (einschlie\u00dflich Profiling) oder zu Forschungs-\/Statistikzwecken widersprechen. Sie k\u00f6nnen der Direktwerbung (einschlie\u00dflich Profiling) jederzeit widersprechen.<\/p>\n\n\n\n<p><strong>7.8. Recht auf Widerruf der Einwilligung. <\/strong>Sofern wir Ihre Einwilligung ben\u00f6tigen (z. B. f\u00fcr Marketingzwecke), k\u00f6nnen Sie diese jederzeit widerrufen. Nutzen Sie dazu bitte die Option \u201eAbmelden\u201c in unseren Mitteilungen oder kontaktieren Sie unseren Datenschutzbeauftragten unter <strong>compliance@snatchcasino.io <\/strong>.<\/p>\n\n\n\n<p><strong>7.9. Automatisierte Entscheidungen, einschlie\u00dflich Profiling. <\/strong>Wir k\u00f6nnen automatisierte Entscheidungen nutzen, um schnell und konsistent zu arbeiten. Dies kann Auswirkungen auf die angebotenen Produkte\/Dienstleistungen oder Ihre Nutzungsm\u00f6glichkeiten haben. Beispiele:<br><strong>7.9.1. <\/strong>Personalisierung von Produkten\/Dienstleistungen durch Segmentierung,<br><strong>7.9.2. <\/strong>Betrugserkennung und Geldw\u00e4schepr\u00fcfung (Konten k\u00f6nnen gesperrt werden),<br><strong>7.9.3. <\/strong>\u00dcberpr\u00fcfung bei Kontoer\u00f6ffnung (Alter, Wohnsitz, Staatsangeh\u00f6rigkeit, Finanzen),<br><strong>7.9.4. <\/strong>Risikobewertung im Zusammenhang mit Gl\u00fccksspiel.<br>Sie haben das Recht, nicht ausschlie\u00dflich auf automatisierter Verarbeitung beruhenden Entscheidungen unterworfen zu werden, die rechtliche oder \u00e4hnliche schwerwiegende Folgen haben, es sei denn, dies ist f\u00fcr einen Vertrag erforderlich, gesetzlich zul\u00e4ssig oder beruht auf Ihrer ausdr\u00fccklichen Einwilligung. Anfragen gem\u00e4\u00df diesem Abschnitt richten Sie bitte an <strong>compliance@snatchcasino.io <\/strong>. Wir werden Ihnen unverz\u00fcglich und innerhalb eines Monats antworten (diese Frist kann bei Bedarf um einen Monat verl\u00e4ngert werden). Im Falle einer Ablehnung erhalten Sie eine Begr\u00fcndung. Sollte eine Anfrage nicht den gesetzlichen Anforderungen entsprechen, k\u00f6nnen wir eine angemessene Geb\u00fchr erheben oder die Anfrage ablehnen.<\/p>\n\n\n\n<p><strong>8. Sicherheit und Vertraulichkeit<\/strong><\/p>\n\n\n\n<p><strong>8.1. <\/strong>Wir sch\u00fctzen die uns anvertrauten Informationen und behandeln sie sicher gem\u00e4\u00df dieser Richtlinie und strengen Datenschutzstandards. Wir verf\u00fcgen \u00fcber robuste Verfahren und Technologien, um unbefugten Zugriff und Missbrauch zu verhindern.<\/p>\n\n\n\n<p><strong>8.2. <\/strong>Unsere Zahlungsanbieter verschl\u00fcsseln Kartendaten. Wir arbeiten ausschlie\u00dflich mit f\u00fchrenden Zahlungsanbietern zusammen.<\/p>\n\n\n\n<p><strong>8.3. <\/strong>Unsere Systeme und Anwendungen werden mehrmals j\u00e4hrlich von unabh\u00e4ngigen Sicherheitsexperten gepr\u00fcft. Ein Intrusion-Detection-System \u00fcberwacht den gesamten Netzwerkverkehr rund um die Uhr.<\/p>\n\n\n\n<p><strong>8.4. <\/strong>Wir verf\u00fcgen \u00fcber eine eigene Betrugsabteilung und fortschrittliche Systeme zur Erkennung und Verhinderung verd\u00e4chtiger Aktivit\u00e4ten.<\/p>\n\n\n\n<p><strong>8.5. <\/strong>Konten mit verd\u00e4chtigen Aktivit\u00e4ten werden gesperrt und untersucht. Bitte kontaktieren Sie uns umgehend, wenn Sie Bedenken haben, z. B. bei unbekannten Transaktionen oder unerwarteten Kontostands\u00e4nderungen.<\/p>\n\n\n\n<p><strong>8.6. <\/strong>snatchcasino.io verwendet SSL-Verschl\u00fcsselung, um Ihre Daten w\u00e4hrend der \u00dcbertragung zu sch\u00fctzen. Wir erfassen, speichern oder \u00fcbermitteln Ihre Kartendaten niemals; Zahlungen werden ausschlie\u00dflich \u00fcber die sicheren Server des Zahlungsanbieters abgewickelt.<\/p>\n\n\n\n<p><strong>9. Beschwerden<\/strong><\/p>\n\n\n\n<p><strong>9.1. <\/strong>Wenn Sie sich \u00fcber unseren Umgang mit personenbezogenen Daten beschweren m\u00f6chten, wenden Sie sich bitte an unseren Datenschutzbeauftragten unter <strong>compliance@snatchcasino.io <\/strong>.<\/p>\n\n\n\n<p><strong>9.2. <\/strong>Sollten Sie mit unserer Antwort nicht zufrieden sein oder der Ansicht sein, dass wir Ihre Daten unter Versto\u00df gegen geltendes Recht verarbeiten, k\u00f6nnen Sie sich an Ihre nationale Datenschutzbeh\u00f6rde wenden.<\/p>\n\n\n\n<p><strong>10. \u00c4nderungen der Datenschutzrichtlinie<\/strong><\/p>\n\n\n\n<p><strong>10.1. <\/strong>Diese Richtlinie kann aktualisiert werden, um \u00c4nderungen unserer Gesch\u00e4ftst\u00e4tigkeit oder gesetzlicher Bestimmungen Rechnung zu tragen. Das Datum der letzten Aktualisierung finden Sie auf dieser Seite. Wenn Sie die \u00c4nderungen nicht akzeptieren, sollten Sie keine Informationen mehr bereitstellen oder die Dienste nutzen. Die fortgesetzte Nutzung bedeutet, dass Sie die \u00c4nderungen akzeptieren. Sie k\u00f6nnen Ihr Konto jederzeit l\u00f6schen. Im Falle wesentlicher \u00c4nderungen (z. B. ge\u00e4nderte Art der Informationsnutzung) werden wir Sie deutlicher informieren, z. B. per E-Mail, und Sie m\u00fcssen den \u00c4nderungen m\u00f6glicherweise zustimmen, um die Dienste weiterhin nutzen zu k\u00f6nnen.<\/p>\n\n\n\n<p><strong>11. Ihre Verpflichtungen<\/strong><\/p>\n\n\n\n<p><strong>11.1. <\/strong>Durch die Nutzung von snatchcasino.io und die Angabe pers\u00f6nlicher Daten best\u00e4tigen Sie, dass Sie genaue, aktuelle und vollst\u00e4ndige Informationen gem\u00e4\u00df unseren Anforderungen bereitstellen und uns \u00fcber etwaige \u00c4nderungen informieren, damit die Informationen stets auf dem neuesten Stand sind.<\/p>\n\n\n\n<p><strong>11.2. <\/strong>Bei einem Versto\u00df gegen diese Bestimmung oder wenn wir einen begr\u00fcndeten Verdacht auf unrichtige\/unvollst\u00e4ndige Angaben oder einen anderen Versto\u00df gegen das Datenschutzrecht oder diese Richtlinie haben, k\u00f6nnen wir die Registrierung verweigern oder Ihr Konto ohne Vorank\u00fcndigung und ohne Anspruch auf Entsch\u00e4digung sofort schlie\u00dfen\/sperren.<\/p>\n<\/div>\n<\/div>\n","protected":false},"excerpt":{"rendered":"<p>DATENSCHUTZRICHTLINIE 1. Einleitung 1.1. Diese Datenschutzerkl\u00e4rung wurde zuletzt am 01.05.2024 aktualisiert und beschreibt die Verarbeitung personenbezogener Daten durch snatchcasino.io. Wir [&hellip;]<\/p>\n","protected":false},"author":7,"featured_media":0,"parent":0,"menu_order":0,"comment_status":"closed","ping_status":"closed","template":"","meta":{"_eb_attr":"","site-sidebar-layout":"default","site-content-layout":"","ast-site-content-layout":"default","site-content-style":"default","site-sidebar-style":"default","ast-global-header-display":"","ast-banner-title-visibility":"","ast-main-header-display":"","ast-hfb-above-header-display":"","ast-hfb-below-header-display":"","ast-hfb-mobile-header-display":"","site-post-title":"disabled","ast-breadcrumbs-content":"","ast-featured-img":"","footer-sml-layout":"","ast-disable-related-posts":"","theme-transparent-header-meta":"","adv-header-id-meta":"","stick-header-meta":"","header-above-stick-meta":"","header-main-stick-meta":"","header-below-stick-meta":"","astra-migrate-meta-layouts":"default","ast-page-background-enabled":"default","ast-page-background-meta":{"desktop":{"background-color":"var(--ast-global-color-5)","background-image":"","background-repeat":"repeat","background-position":"center center","background-size":"auto","background-attachment":"scroll","background-type":"","background-media":"","overlay-type":"","overlay-color":"","overlay-opacity":"","overlay-gradient":""},"tablet":{"background-color":"","background-image":"","background-repeat":"repeat","background-position":"center center","background-size":"auto","background-attachment":"scroll","background-type":"","background-media":"","overlay-type":"","overlay-color":"","overlay-opacity":"","overlay-gradient":""},"mobile":{"background-color":"","background-image":"","background-repeat":"repeat","background-position":"center center","background-size":"auto","background-attachment":"scroll","background-type":"","background-media":"","overlay-type":"","overlay-color":"","overlay-opacity":"","overlay-gradient":""}},"ast-content-background-meta":{"desktop":{"background-color":"var(--ast-global-color-4)","background-image":"","background-repeat":"repeat","background-position":"center center","background-size":"auto","background-attachment":"scroll","background-type":"","background-media":"","overlay-type":"","overlay-color":"","overlay-opacity":"","overlay-gradient":""},"tablet":{"background-color":"var(--ast-global-color-4)","background-image":"","background-repeat":"repeat","background-position":"center center","background-size":"auto","background-attachment":"scroll","background-type":"","background-media":"","overlay-type":"","overlay-color":"","overlay-opacity":"","overlay-gradient":""},"mobile":{"background-color":"var(--ast-global-color-4)","background-image":"","background-repeat":"repeat","background-position":"center center","background-size":"auto","background-attachment":"scroll","background-type":"","background-media":"","overlay-type":"","overlay-color":"","overlay-opacity":"","overlay-gradient":""}},"footnotes":""},"class_list":["post-298","page","type-page","status-publish","hentry"],"_links":{"self":[{"href":"https:\/\/snatchcasino-se.com\/de\/wp-json\/wp\/v2\/pages\/298","targetHints":{"allow":["GET"]}}],"collection":[{"href":"https:\/\/snatchcasino-se.com\/de\/wp-json\/wp\/v2\/pages"}],"about":[{"href":"https:\/\/snatchcasino-se.com\/de\/wp-json\/wp\/v2\/types\/page"}],"author":[{"embeddable":true,"href":"https:\/\/snatchcasino-se.com\/de\/wp-json\/wp\/v2\/users\/7"}],"replies":[{"embeddable":true,"href":"https:\/\/snatchcasino-se.com\/de\/wp-json\/wp\/v2\/comments?post=298"}],"version-history":[{"count":1,"href":"https:\/\/snatchcasino-se.com\/de\/wp-json\/wp\/v2\/pages\/298\/revisions"}],"predecessor-version":[{"id":381,"href":"https:\/\/snatchcasino-se.com\/de\/wp-json\/wp\/v2\/pages\/298\/revisions\/381"}],"wp:attachment":[{"href":"https:\/\/snatchcasino-se.com\/de\/wp-json\/wp\/v2\/media?parent=298"}],"curies":[{"name":"wp","href":"https:\/\/api.w.org\/{rel}","templated":true}]}}