{"id":297,"date":"2025-09-10T05:08:38","date_gmt":"2025-09-10T05:08:38","guid":{"rendered":"https:\/\/snatchcasino-se.com\/?page_id=297"},"modified":"2026-02-19T12:44:57","modified_gmt":"2026-02-19T12:44:57","slug":"cookie-richtlinie","status":"publish","type":"page","link":"https:\/\/snatchcasino-se.com\/de\/cookie-richtlinie\/","title":{"rendered":"COOKIE-RICHTLINIE"},"content":{"rendered":"\n<div class=\"wp-block-columns alignwide has-ast-global-color-7-color has-text-color has-link-color wp-elements-7e302821866e0409cbb7a1a0bd0e5f4d is-layout-flex wp-container-core-columns-is-layout-28f84493 wp-block-columns-is-layout-flex\">\n<div class=\"wp-block-column is-layout-flow wp-block-column-is-layout-flow\">\n<h2 class=\"wp-block-heading has-ast-global-color-7-color has-text-color has-link-color wp-elements-2054bfcc78f4387d5650ea9b7bd9edab\">COOKIE-RICHTLINIE<\/h2>\n\n\n\n<p>Dieses Dokument beschreibt, wie wir Cookies auf snatchcasino.io (der \u201eWebsite\u201c) verwenden. Die Begriffe \u201ewir\u201c, \u201euns\u201c und \u201eunser\u201c beziehen sich auf snatchcasino.io, eine nach den Gesetzen von Cura\u00e7ao registrierte juristische Person.<\/p>\n\n\n\n<p><strong>Was ist ein Cookie?<\/strong><\/p>\n\n\n\n<p>Ein Cookie ist eine kleine Textdatei, die beim Besuch unserer Website auf Ihr Endger\u00e4t (z. B. Computer oder Smartphone) heruntergeladen wird. Dadurch k\u00f6nnen wir Ihr Ger\u00e4t wiedererkennen und bestimmte Informationen \u00fcber Ihre Pr\u00e4ferenzen oder vorherigen Aktionen speichern.<\/p>\n\n\n\n<p>Cookies werden beim ersten Besuch der Website von Ihrem Browser heruntergeladen. Bei Ihrem n\u00e4chsten Besuch mit demselben Ger\u00e4t werden der Cookie und die gespeicherten Informationen an die Website, die ihn erstellt hat (Erstanbieter-Cookie), oder an eine andere Website, zu der der Cookie geh\u00f6rt (Drittanbieter-Cookie), zur\u00fcckgesendet.<\/p>\n\n\n\n<p>Es gibt zwei Hauptarten von Cookies: Session-Cookies und permanente Cookies. Session-Cookies werden gel\u00f6scht, sobald Sie Ihren Browser oder Ihre mobile App schlie\u00dfen . Permanente Cookies verbleiben f\u00fcr einen festgelegten Zeitraum auf Ihrem Ger\u00e4t.<\/p>\n\n\n\n<p>Wir verwenden sowohl \u201eSession-Cookies\u201c, \u201epersistente Cookies\u201c als auch andere \u00e4hnliche Technologien (\u201eCookies\u201c).<\/p>\n\n\n\n<p><strong>Warum verwenden wir Cookies?<\/strong><\/p>\n\n\n\n<p><strong>Unbedingt erforderliche Cookies:<\/strong><\/p>\n\n\n\n<p>Damit die Website funktioniert und den Nutzern eine benutzerfreundliche Oberfl\u00e4che bietet (was f\u00fcr die Bereitstellung unserer Dienste erforderlich ist), ben\u00f6tigt die Website diese Cookies. Ohne diese Cookies kann die Website nicht ordnungsgem\u00e4\u00df funktionieren. Sie speichern keine personenbezogenen Daten und erm\u00f6glichen uns unter anderem Folgendes:<\/p>\n\n\n\n<ul class=\"wp-block-list\">\n<li>sicherstellen, dass die vom Kontoinhaber platzierten Wetten mit seinem Wettschein und seinem Konto verkn\u00fcpft sind, und<\/li>\n\n\n\n<li>sicherstellen, dass der Kontoinhaber die ihm zustehenden Boni erh\u00e4lt.<\/li>\n<\/ul>\n\n\n\n<p><strong>Andere Arten von Cookies:<\/strong><\/p>\n\n\n\n<ul class=\"wp-block-list\">\n<li>zur Analyse von Nutzungsstatistiken auf der Website (aggregierte Daten ohne pers\u00f6nliche Identifizierung des Ger\u00e4ts) und zur Durchf\u00fchrung von Marktforschung mithilfe unserer eigenen L\u00f6sungen, Google Analytics und\/oder Facebook Pixel. Diese Cookies helfen uns zu verstehen, wie Besucher mit der Website interagieren und ihre Leistung zu verbessern;<\/li>\n\n\n\n<li>um den Inhalt der Website anzupassen;<\/li>\n\n\n\n<li>personalisierte Werbung anzeigen;<\/li>\n\n\n\n<li>um die Sprache der Website an Ihre Bed\u00fcrfnisse anzupassen.<\/li>\n<\/ul>\n\n\n\n<p>Bitte beachten Sie, dass wir Informationen \u00fcber Cookies bis zu 6 Monate nach Ihrem letzten Besuch auf der Website speichern. Einige Cookies haben m\u00f6glicherweise eigene, automatisch festgelegte Speicherfristen, auf die wir keinen Einfluss haben. Weitere Informationen zu Speicherfristen finden Sie beispielsweise auf der Website von Diensten wie <a href=\"https:\/\/cookiepedia.co.uk\/\" target=\"_blank\" rel=\"noopener\">https:\/\/cookiepedia.co.uk\/ <\/a>.<\/p>\n\n\n\n<p><strong>Cookie-Verwaltung<\/strong><\/p>\n\n\n\n<p>Wir platzieren m\u00f6glicherweise standardm\u00e4\u00dfig Cookies auf Ihrem Ger\u00e4t, sofern diese f\u00fcr die Funktion der Website unbedingt erforderlich sind. F\u00fcr alle anderen Arten von Cookies ben\u00f6tigen wir Ihre Einwilligung.<\/p>\n\n\n\n<p>Sofern Sie nichts anderes ausw\u00e4hlen, speichern und verarbeiten wir nur Cookies, die f\u00fcr den Betrieb der Website erforderlich sind. Wenn Sie nicht durch andere Arten von Cookies verfolgt werden m\u00f6chten, k\u00f6nnen Sie Ihre Einwilligung zun\u00e4chst verweigern oder sp\u00e4ter widerrufen.<\/p>\n\n\n\n<p>Die einzelnen Cookie-Kategorien werden Ihnen im Pop-up-Fenster angezeigt , das bei Ihrem ersten Besuch auf der Website erscheint. Mit einem Klick auf \u201eAlle Cookies zulassen\u201c stimmen Sie der Verwendung von Cookies f\u00fcr alle oben genannten Zwecke zu.<\/p>\n\n\n\n<p>Wenn Sie andere Arten von Cookies ablehnen, wird Ihre Erfahrung auf der Website beeintr\u00e4chtigt, da bei sp\u00e4teren Besuchen keine Personalisierung oder Ger\u00e4teerkennung erfolgt.<\/p>\n\n\n\n<p>Sie k\u00f6nnen Ihre Einwilligung jederzeit \u00e4ndern oder widerrufen, indem Sie uns kontaktieren. Ihr Browser erm\u00f6glicht es Ihnen au\u00dferdem, Cookies auf Ihrem Ger\u00e4t zu kontrollieren und einzuschr\u00e4nken.<\/p>\n\n\n\n<p>Bitte beachten Sie, dass einige Bereiche oder Funktionen der Website m\u00f6glicherweise nicht mehr funktionieren, wenn Sie alle Cookies oder alle unsere Cookies in Ihren Browsereinstellungen deaktivieren. Wir empfehlen Ihnen daher, die Cookie-Einstellungen der Website zu verwenden, anstatt alle Cookies in Ihrem Browser zu deaktivieren.<\/p>\n<\/div>\n<\/div>\n","protected":false},"excerpt":{"rendered":"<p>COOKIE-RICHTLINIE Dieses Dokument beschreibt, wie wir Cookies auf snatchcasino.io (der \u201eWebsite\u201c) verwenden. Die Begriffe \u201ewir\u201c, \u201euns\u201c und \u201eunser\u201c beziehen sich [&hellip;]<\/p>\n","protected":false},"author":7,"featured_media":0,"parent":0,"menu_order":0,"comment_status":"closed","ping_status":"closed","template":"","meta":{"_eb_attr":"","site-sidebar-layout":"default","site-content-layout":"","ast-site-content-layout":"default","site-content-style":"default","site-sidebar-style":"default","ast-global-header-display":"","ast-banner-title-visibility":"","ast-main-header-display":"","ast-hfb-above-header-display":"","ast-hfb-below-header-display":"","ast-hfb-mobile-header-display":"","site-post-title":"disabled","ast-breadcrumbs-content":"","ast-featured-img":"","footer-sml-layout":"","ast-disable-related-posts":"","theme-transparent-header-meta":"","adv-header-id-meta":"","stick-header-meta":"","header-above-stick-meta":"","header-main-stick-meta":"","header-below-stick-meta":"","astra-migrate-meta-layouts":"default","ast-page-background-enabled":"default","ast-page-background-meta":{"desktop":{"background-color":"var(--ast-global-color-5)","background-image":"","background-repeat":"repeat","background-position":"center center","background-size":"auto","background-attachment":"scroll","background-type":"","background-media":"","overlay-type":"","overlay-color":"","overlay-opacity":"","overlay-gradient":""},"tablet":{"background-color":"","background-image":"","background-repeat":"repeat","background-position":"center center","background-size":"auto","background-attachment":"scroll","background-type":"","background-media":"","overlay-type":"","overlay-color":"","overlay-opacity":"","overlay-gradient":""},"mobile":{"background-color":"","background-image":"","background-repeat":"repeat","background-position":"center center","background-size":"auto","background-attachment":"scroll","background-type":"","background-media":"","overlay-type":"","overlay-color":"","overlay-opacity":"","overlay-gradient":""}},"ast-content-background-meta":{"desktop":{"background-color":"var(--ast-global-color-4)","background-image":"","background-repeat":"repeat","background-position":"center center","background-size":"auto","background-attachment":"scroll","background-type":"","background-media":"","overlay-type":"","overlay-color":"","overlay-opacity":"","overlay-gradient":""},"tablet":{"background-color":"var(--ast-global-color-4)","background-image":"","background-repeat":"repeat","background-position":"center center","background-size":"auto","background-attachment":"scroll","background-type":"","background-media":"","overlay-type":"","overlay-color":"","overlay-opacity":"","overlay-gradient":""},"mobile":{"background-color":"var(--ast-global-color-4)","background-image":"","background-repeat":"repeat","background-position":"center center","background-size":"auto","background-attachment":"scroll","background-type":"","background-media":"","overlay-type":"","overlay-color":"","overlay-opacity":"","overlay-gradient":""}},"footnotes":""},"class_list":["post-297","page","type-page","status-publish","hentry"],"_links":{"self":[{"href":"https:\/\/snatchcasino-se.com\/de\/wp-json\/wp\/v2\/pages\/297","targetHints":{"allow":["GET"]}}],"collection":[{"href":"https:\/\/snatchcasino-se.com\/de\/wp-json\/wp\/v2\/pages"}],"about":[{"href":"https:\/\/snatchcasino-se.com\/de\/wp-json\/wp\/v2\/types\/page"}],"author":[{"embeddable":true,"href":"https:\/\/snatchcasino-se.com\/de\/wp-json\/wp\/v2\/users\/7"}],"replies":[{"embeddable":true,"href":"https:\/\/snatchcasino-se.com\/de\/wp-json\/wp\/v2\/comments?post=297"}],"version-history":[{"count":1,"href":"https:\/\/snatchcasino-se.com\/de\/wp-json\/wp\/v2\/pages\/297\/revisions"}],"predecessor-version":[{"id":380,"href":"https:\/\/snatchcasino-se.com\/de\/wp-json\/wp\/v2\/pages\/297\/revisions\/380"}],"wp:attachment":[{"href":"https:\/\/snatchcasino-se.com\/de\/wp-json\/wp\/v2\/media?parent=297"}],"curies":[{"name":"wp","href":"https:\/\/api.w.org\/{rel}","templated":true}]}}