{"id":295,"date":"2025-09-10T04:36:08","date_gmt":"2025-09-10T04:36:08","guid":{"rendered":"https:\/\/snatchcasino-se.com\/?page_id=295"},"modified":"2026-02-19T12:44:58","modified_gmt":"2026-02-19T12:44:58","slug":"verantwortungsvolles-spielen","status":"publish","type":"page","link":"https:\/\/snatchcasino-se.com\/de\/verantwortungsvolles-spielen\/","title":{"rendered":"VERANTWORTUNGSVOLLES SPIELEN"},"content":{"rendered":"\n<div class=\"wp-block-columns alignwide has-ast-global-color-7-color has-text-color has-link-color wp-elements-eaed94a585fd6b265a56a322674c144c is-layout-flex wp-container-core-columns-is-layout-28f84493 wp-block-columns-is-layout-flex\">\n<div class=\"wp-block-column is-layout-flow wp-block-column-is-layout-flow\">\n<h2 class=\"wp-block-heading has-ast-global-color-7-color has-text-color has-link-color wp-elements-8b420deffe3f045420e7717415edcce7\">RICHTLINIE F\u00dcR VERANTWORTUNGSVOLLES SPIELEN<\/h2>\n\n\n\n<p><strong>Wie wir mit verantwortungsvollem Spielen umgehen<\/strong><\/p>\n\n\n\n<p>Online- Casinospiele sollten immer als Unterhaltung betrachtet werden. Allerdings verlieren manche Spieler die Kontrolle \u00fcber ihr Spielverhalten. Bevor Sie anfangen zu spielen, ist es wichtig zu verstehen, dass Gl\u00fccksspiel niemals als Einkommensquelle oder zur Schuldenbegleichung angesehen werden sollte. Es ist ratsam, t\u00e4glich sowohl die im Casino verbrachte Zeit als auch das ausgegebene Geld zu dokumentieren.<\/p>\n\n\n\n<p>Wenn Sie mehr Geld ausgeben, als Sie sich leisten k\u00f6nnen, oder wenn Ihr Spielverhalten Ihren Alltag beeintr\u00e4chtigt, empfehlen wir Ihnen dringend, etwas dagegen zu unternehmen. Dazu geh\u00f6rt beispielsweise, sich Spiellimits zu setzen, sich selbst vom Spiel auszuschlie\u00dfen und Hilfe bei unabh\u00e4ngigen Organisationen in Anspruch zu nehmen. Sie k\u00f6nnen auch einen Test auf Spielsucht machen, um festzustellen, ob Sie Anzeichen f\u00fcr problematisches Spielverhalten aufweisen.<\/p>\n\n\n\n<p><strong>Wichtigste politische Punkte<\/strong><\/p>\n\n\n\n<p><strong>1. Minderj\u00e4hrige Spieler<\/strong><\/p>\n\n\n\n<p>Das Unternehmen gestattet es Personen unter 18 Jahren nicht, ein Konto zu er\u00f6ffnen. Minderj\u00e4hrige, die versuchen, sich zu registrieren, oder Personen, die ihnen dabei helfen, versto\u00dfen gegen unsere Allgemeinen Gesch\u00e4ftsbedingungen.<\/p>\n\n\n\n<p>Ma\u00dfnahmen zum Schutz von Minderj\u00e4hrigen:<br>a. Geben Sie Ihre Zugangsdaten niemals weiter. b. Aktivieren Sie nicht die Funktion \u201ePasswort speichern\u201c auf der Anmeldeseite. c. Geben Sie Minderj\u00e4hrigen keine Kreditkarten- oder Bankdaten. d. Installieren Sie Kindersicherungs- oder Filtersoftware auf Computern in Haushalten mit Personen unter 18 Jahren. Beispiele f\u00fcr solche Software sind:<\/p>\n\n\n\n<ul class=\"wp-block-list\">\n<li>CyberPatrouille<\/li>\n\n\n\n<li>GamBlock \u00ae<\/li>\n\n\n\n<li>Solid Oak Software<\/li>\n\n\n\n<li>Net Nanny<\/li>\n<\/ul>\n\n\n\n<p><strong>2. Spielsucht<\/strong><\/p>\n\n\n\n<p>Viele Aktivit\u00e4ten k\u00f6nnen problematisch werden, wenn sie nicht in Ma\u00dfen ausge\u00fcbt werden \u2013 beispielsweise Alkohol, Shopping oder Computerspiele. Dasselbe gilt f\u00fcr Gl\u00fccksspiel. Anzeichen einer Sucht sind oft schwer zu erkennen, sowohl bei den Betroffenen selbst als auch bei anderen, und stehen nicht immer in Zusammenhang mit Geld. Gl\u00fccksspiel kann manchmal ein Symptom f\u00fcr ein tieferliegendes Problem sein.<\/p>\n\n\n\n<p>F\u00fcr manche Menschen wird Gl\u00fccksspiel zu einem Fluchtmittel, um der Realit\u00e4t zu entfliehen oder anderen Schwierigkeiten auszuweichen. Manchmal ist die Motivation unbewusst, und der Spieler erkennt die wahren Ursachen oder Folgen nicht. In solchen F\u00e4llen steht professionelle Hilfe zur Verf\u00fcgung.<\/p>\n\n\n\n<p>Es ist entscheidend, solches Verhalten rechtzeitig zu erkennen, bevor die praktischen Folgen zu gravierend werden. Spielsucht kann k\u00f6rperliche, finanzielle und soziale Konsequenzen haben.<\/p>\n\n\n\n<p>Zum Gl\u00fcck k\u00f6nnen die meisten Menschen ihr Leben lang vergn\u00fcglich und risikofrei spielen, ohne dabei Probleme zu entwickeln.<\/p>\n\n\n\n<p><strong>3. Woran erkenne ich, ob ich gef\u00e4hrdet bin?<\/strong><\/p>\n\n\n\n<p>Wir haben acht Regeln f\u00fcr sichereres Spielen bei snatchcasino.io:<\/p>\n\n\n\n<ol start=\"1\" class=\"wp-block-list\">\n<li>Casinospiele sind Unterhaltung, niemals ein Beruf.<\/li>\n\n\n\n<li>Versuchen Sie niemals, Verluste durch Verdoppeln Ihrer Eins\u00e4tze wieder wettzumachen.<\/li>\n\n\n\n<li>Legen Sie ein t\u00e4gliches, w\u00f6chentliches oder monatliches Budget fest, dessen Verlust Sie sich leisten k\u00f6nnen.<\/li>\n\n\n\n<li>Spielen Sie niemals, wenn Sie betrunken, unter Drogeneinfluss, m\u00fcde oder deprimiert sind.<\/li>\n\n\n\n<li>Behalte die Spielzeit und deine Eins\u00e4tze im Auge.<\/li>\n\n\n\n<li>Machen Sie regelm\u00e4\u00dfig Pausen, um wach zu bleiben.<\/li>\n\n\n\n<li>Legen Sie vor Spielbeginn ein Budget fest und halten Sie sich daran.<\/li>\n\n\n\n<li>Viel Spa\u00df!<\/li>\n<\/ol>\n\n\n\n<p>Wenn Sie vermuten, dass Sie gef\u00e4hrdet sind, eine Spielsucht zu entwickeln, gibt es viele Organisationen und Websites, die Ihnen helfen k\u00f6nnen. Hier k\u00f6nnen Sie einen einfachen Selbsttest machen:<br><a href=\"https:\/\/www.begambleaware.org\/gambling-problems\/do-i-have-a-gambling-problem\" target=\"_blank\" rel=\"noopener\">https:\/\/www.begambleaware.org\/gambling-problems\/do-i-have-a-gambling-problem<\/a><\/p>\n\n\n\n<p><strong>4. Unsere Dienstleistungen und Tools<\/strong><\/p>\n\n\n\n<p>snatchcasino.io bietet verschiedene Dienstleistungen an, die Ihnen helfen k\u00f6nnen, wenn Sie das Gef\u00fchl haben, dass Ihr Spielverhalten problematisch werden k\u00f6nnte.<\/p>\n\n\n\n<p>Wir haben Ma\u00dfnahmen ergriffen, um unseren Mitgliedern ein sicheres Spielumfeld zu gew\u00e4hrleisten. Ihr Konto ist so gestaltet, dass Sie unbeschwert und sicher spielen k\u00f6nnen.<\/p>\n\n\n\n<p>Beim Gl\u00fccksspiel um Geld herrscht immer Unsicherheit \u00fcber den Ausgang. Selbst wenn beispielsweise eine M\u00fcnze zehnmal hintereinander auf Kopf gelandet ist, liegt die Wahrscheinlichkeit, dass sie beim n\u00e4chsten Wurf erneut auf Kopf landet, immer noch bei 50 %.<\/p>\n\n\n\n<p>Um Ihr Spielerlebnis sicherer und angenehmer zu gestalten, k\u00f6nnen Sie verschiedene Einschr\u00e4nkungen aktivieren. Kontaktieren Sie uns dazu per Live-Chat oder unter support@snatchcasino.io. Wir empfehlen Ihnen dringend, diese Optionen zu nutzen.<\/p>\n\n\n\n<p><strong>5. Verfolge dein Spielverhalten<\/strong><\/p>\n\n\n\n<p>Ihr Konto enth\u00e4lt eine vollst\u00e4ndige Historie all Ihrer Spiele, sodass Sie leicht erkennen k\u00f6nnen, wie viel Zeit und Geld Sie investieren und ob Sie verantwortungsbewusst spielen.<\/p>\n\n\n\n<p><strong>6. Kontaktieren Sie unseren Kundenservice.<\/strong><\/p>\n\n\n\n<p>Alle unsere Kundendienstmitarbeiter sind in sozialer Verantwortung geschult und kennen die Risiken der Spielsucht. Wenn Sie vermuten, ein Problem zu haben, beraten sie Sie gerne zu m\u00f6glichen Ma\u00dfnahmen bei snatchcasino.io und vermitteln Ihnen gegebenenfalls Kontakte zu spezialisierten Organisationen. Sie erreichen unseren Kundendienst unter support@snatchcasino.io.<\/p>\n\n\n\n<p><strong>7. Selbstabschaltung<\/strong><\/p>\n\n\n\n<p>Wenn Sie das Gef\u00fchl haben, eine Spielsucht zu entwickeln, sollten Sie sich dauerhaft vom Gl\u00fccksspiel ausschlie\u00dfen. Wenn Sie nicht mehr bei snatchcasino.io spielen m\u00f6chten, k\u00f6nnen Sie Ihr Konto dauerhaft sperren lassen, indem Sie den Kundenservice unter support@snatchcasino.io kontaktieren.<\/p>\n\n\n\n<p>Falls Sie sich stattdessen f\u00fcr einen bestimmten Zeitraum abmelden m\u00f6chten, k\u00f6nnen Sie dies ebenfalls veranlassen, indem Sie uns \u00fcber dieselbe E-Mail-Adresse kontaktieren.<\/p>\n<\/div>\n<\/div>\n","protected":false},"excerpt":{"rendered":"<p>RICHTLINIE F\u00dcR VERANTWORTUNGSVOLLES SPIELEN Wie wir mit verantwortungsvollem Spielen umgehen Online- Casinospiele sollten immer als Unterhaltung betrachtet werden. Allerdings verlieren [&hellip;]<\/p>\n","protected":false},"author":7,"featured_media":0,"parent":0,"menu_order":0,"comment_status":"closed","ping_status":"closed","template":"","meta":{"_eb_attr":"","site-sidebar-layout":"default","site-content-layout":"","ast-site-content-layout":"default","site-content-style":"default","site-sidebar-style":"default","ast-global-header-display":"","ast-banner-title-visibility":"","ast-main-header-display":"","ast-hfb-above-header-display":"","ast-hfb-below-header-display":"","ast-hfb-mobile-header-display":"","site-post-title":"disabled","ast-breadcrumbs-content":"","ast-featured-img":"","footer-sml-layout":"","ast-disable-related-posts":"","theme-transparent-header-meta":"","adv-header-id-meta":"","stick-header-meta":"","header-above-stick-meta":"","header-main-stick-meta":"","header-below-stick-meta":"","astra-migrate-meta-layouts":"default","ast-page-background-enabled":"default","ast-page-background-meta":{"desktop":{"background-color":"var(--ast-global-color-5)","background-image":"","background-repeat":"repeat","background-position":"center center","background-size":"auto","background-attachment":"scroll","background-type":"","background-media":"","overlay-type":"","overlay-color":"","overlay-opacity":"","overlay-gradient":""},"tablet":{"background-color":"","background-image":"","background-repeat":"repeat","background-position":"center center","background-size":"auto","background-attachment":"scroll","background-type":"","background-media":"","overlay-type":"","overlay-color":"","overlay-opacity":"","overlay-gradient":""},"mobile":{"background-color":"","background-image":"","background-repeat":"repeat","background-position":"center center","background-size":"auto","background-attachment":"scroll","background-type":"","background-media":"","overlay-type":"","overlay-color":"","overlay-opacity":"","overlay-gradient":""}},"ast-content-background-meta":{"desktop":{"background-color":"var(--ast-global-color-4)","background-image":"","background-repeat":"repeat","background-position":"center center","background-size":"auto","background-attachment":"scroll","background-type":"","background-media":"","overlay-type":"","overlay-color":"","overlay-opacity":"","overlay-gradient":""},"tablet":{"background-color":"var(--ast-global-color-4)","background-image":"","background-repeat":"repeat","background-position":"center center","background-size":"auto","background-attachment":"scroll","background-type":"","background-media":"","overlay-type":"","overlay-color":"","overlay-opacity":"","overlay-gradient":""},"mobile":{"background-color":"var(--ast-global-color-4)","background-image":"","background-repeat":"repeat","background-position":"center center","background-size":"auto","background-attachment":"scroll","background-type":"","background-media":"","overlay-type":"","overlay-color":"","overlay-opacity":"","overlay-gradient":""}},"footnotes":""},"class_list":["post-295","page","type-page","status-publish","hentry"],"_links":{"self":[{"href":"https:\/\/snatchcasino-se.com\/de\/wp-json\/wp\/v2\/pages\/295","targetHints":{"allow":["GET"]}}],"collection":[{"href":"https:\/\/snatchcasino-se.com\/de\/wp-json\/wp\/v2\/pages"}],"about":[{"href":"https:\/\/snatchcasino-se.com\/de\/wp-json\/wp\/v2\/types\/page"}],"author":[{"embeddable":true,"href":"https:\/\/snatchcasino-se.com\/de\/wp-json\/wp\/v2\/users\/7"}],"replies":[{"embeddable":true,"href":"https:\/\/snatchcasino-se.com\/de\/wp-json\/wp\/v2\/comments?post=295"}],"version-history":[{"count":1,"href":"https:\/\/snatchcasino-se.com\/de\/wp-json\/wp\/v2\/pages\/295\/revisions"}],"predecessor-version":[{"id":378,"href":"https:\/\/snatchcasino-se.com\/de\/wp-json\/wp\/v2\/pages\/295\/revisions\/378"}],"wp:attachment":[{"href":"https:\/\/snatchcasino-se.com\/de\/wp-json\/wp\/v2\/media?parent=295"}],"curies":[{"name":"wp","href":"https:\/\/api.w.org\/{rel}","templated":true}]}}